{"id":161,"date":"2021-02-21T12:17:03","date_gmt":"2021-02-21T12:17:03","guid":{"rendered":"https:\/\/fundaciondoctrinacristiana.es\/constantina\/?page_id=161"},"modified":"2023-01-15T19:42:16","modified_gmt":"2023-01-15T18:42:16","slug":"bilinguismo","status":"publish","type":"page","link":"https:\/\/fundaciondoctrinacristiana.es\/constantina\/bilinguismo\/","title":{"rendered":"IDIOMAS"},"content":{"rendered":"<p>En Educaci\u00f3n Infantil y primer ciclo de Educaci\u00f3n Primaria<\/p>\n<p>Progresivamente ir\u00e1 ampli\u00e1ndose, en Educaci\u00f3n Primaria, curso por a\u00f1o seg\u00fan normativa.<\/p>\n","protected":false},"excerpt":{"rendered":"<p>En Educaci\u00f3n Infantil y primer ciclo de Educaci\u00f3n Primaria Progresivamente ir\u00e1 ampli\u00e1ndose, en Educaci\u00f3n Primaria, curso por a\u00f1o seg\u00fan normativa.<\/p>\n","protected":false},"author":15,"featured_media":0,"parent":0,"menu_order":0,"comment_status":"closed","ping_status":"closed","template":"","meta":{"footnotes":""},"class_list":["post-161","page","type-page","status-publish","hentry"],"_links":{"self":[{"href":"https:\/\/fundaciondoctrinacristiana.es\/constantina\/wp-json\/wp\/v2\/pages\/161","targetHints":{"allow":["GET"]}}],"collection":[{"href":"https:\/\/fundaciondoctrinacristiana.es\/constantina\/wp-json\/wp\/v2\/pages"}],"about":[{"href":"https:\/\/fundaciondoctrinacristiana.es\/constantina\/wp-json\/wp\/v2\/types\/page"}],"author":[{"embeddable":true,"href":"https:\/\/fundaciondoctrinacristiana.es\/constantina\/wp-json\/wp\/v2\/users\/15"}],"replies":[{"embeddable":true,"href":"https:\/\/fundaciondoctrinacristiana.es\/constantina\/wp-json\/wp\/v2\/comments?post=161"}],"version-history":[{"count":1,"href":"https:\/\/fundaciondoctrinacristiana.es\/constantina\/wp-json\/wp\/v2\/pages\/161\/revisions"}],"predecessor-version":[{"id":403,"href":"https:\/\/fundaciondoctrinacristiana.es\/constantina\/wp-json\/wp\/v2\/pages\/161\/revisions\/403"}],"wp:attachment":[{"href":"https:\/\/fundaciondoctrinacristiana.es\/constantina\/wp-json\/wp\/v2\/media?parent=161"}],"curies":[{"name":"wp","href":"https:\/\/api.w.org\/{rel}","templated":true}]}}