{"id":266,"date":"2021-07-01T00:49:52","date_gmt":"2021-06-30T22:49:52","guid":{"rendered":"https:\/\/fundaciondoctrinacristiana.es\/constantina\/carrito\/"},"modified":"2024-02-19T16:27:40","modified_gmt":"2024-02-19T15:27:40","slug":"carrito","status":"publish","type":"page","link":"https:\/\/fundaciondoctrinacristiana.es\/constantina\/carrito\/","title":{"rendered":"Plan de ortograf\u00eda, comprensi\u00f3n lectora y resoluci\u00f3n de problemas"},"content":{"rendered":"<p>\u00bfBuscas un juego de dados emocionante que puedas disfrutar en un casino online con vibraciones positivas? \u00a1Ese es el <a href=\"https:\/\/blazecasino.bet\/dice\" title=\"As\u00ed es el juego de Blaze Dice\" target=\"_blank\" rel=\"noopener\">As\u00ed es el juego de Blaze Dice<\/a>! El juego sigue las reglas tradicionales de los dados, donde apuestas al resultado de la tirada de dos dados. Con una variedad de apuestas disponibles, desde simples apuestas de Pass Line hasta apuestas m\u00e1s complicadas como Hardways, Blaze Dice ofrece una experiencia de juego rica y emocionante para todos los jugadores, independientemente de su experiencia o habilidades.<\/p>\n<p>Enlace para acceder al documento:<\/p>\n<p><a href=\"https:\/\/drive.google.com\/file\/d\/1uRMum-5uv4xKVp0tidC2_he4EYc23_ed\/view?usp=sharing\" target=\"_blank\" rel=\"noopener\">Plan de ortograf\u00eda, comprensi\u00f3n lectora y resoluci\u00f3n de problemas<\/a><\/p>\n","protected":false},"excerpt":{"rendered":"<p>\u00bfBuscas un juego de dados emocionante que puedas disfrutar en un casino online con vibraciones positivas? \u00a1Ese es el As\u00ed es el juego de Blaze Dice! El juego sigue las reglas tradicionales de los dados, donde apuestas al resultado de la tirada de dos dados. Con una variedad de apuestas disponibles, desde simples apuestas de Pass Line hasta apuestas m\u00e1s complicadas como Hardways, Blaze Dice ofrece una experiencia de juego<\/p>\n<p><a class=\"more-link\" href=\"https:\/\/fundaciondoctrinacristiana.es\/constantina\/carrito\/\">Leer m\u00e1s<\/a><\/p>\n","protected":false},"author":1,"featured_media":0,"parent":0,"menu_order":0,"comment_status":"closed","ping_status":"closed","template":"","meta":{"footnotes":""},"class_list":["post-266","page","type-page","status-publish","hentry"],"_links":{"self":[{"href":"https:\/\/fundaciondoctrinacristiana.es\/constantina\/wp-json\/wp\/v2\/pages\/266","targetHints":{"allow":["GET"]}}],"collection":[{"href":"https:\/\/fundaciondoctrinacristiana.es\/constantina\/wp-json\/wp\/v2\/pages"}],"about":[{"href":"https:\/\/fundaciondoctrinacristiana.es\/constantina\/wp-json\/wp\/v2\/types\/page"}],"author":[{"embeddable":true,"href":"https:\/\/fundaciondoctrinacristiana.es\/constantina\/wp-json\/wp\/v2\/users\/1"}],"replies":[{"embeddable":true,"href":"https:\/\/fundaciondoctrinacristiana.es\/constantina\/wp-json\/wp\/v2\/comments?post=266"}],"version-history":[{"count":4,"href":"https:\/\/fundaciondoctrinacristiana.es\/constantina\/wp-json\/wp\/v2\/pages\/266\/revisions"}],"predecessor-version":[{"id":551,"href":"https:\/\/fundaciondoctrinacristiana.es\/constantina\/wp-json\/wp\/v2\/pages\/266\/revisions\/551"}],"wp:attachment":[{"href":"https:\/\/fundaciondoctrinacristiana.es\/constantina\/wp-json\/wp\/v2\/media?parent=266"}],"curies":[{"name":"wp","href":"https:\/\/api.w.org\/{rel}","templated":true}]}}