{"id":39,"date":"2021-02-20T21:56:35","date_gmt":"2021-02-20T21:56:35","guid":{"rendered":"https:\/\/fundaciondoctrinacristiana.es\/constantina\/?page_id=39"},"modified":"2021-02-20T21:56:35","modified_gmt":"2021-02-20T21:56:35","slug":"edificio-e-infraestructura","status":"publish","type":"page","link":"https:\/\/fundaciondoctrinacristiana.es\/constantina\/edificio-e-infraestructura\/","title":{"rendered":"EDIFICIO E INFRAESTRUCTURA"},"content":{"rendered":"<ul>\n<li>\n<h2>Excelente ubicaci\u00f3n del Centro.<\/h2>\n<\/li>\n<li>\n<h2>Aulas espaciosas con buena iluminaci\u00f3n y ventilaci\u00f3n.<\/h2>\n<\/li>\n<li>\n<h2>Aulas con bombas el\u00e9ctricas de fr\u00edo y calor.<\/h2>\n<\/li>\n<li>\n<h2>Aseos adaptados para minusv\u00e1lidos o personas con discapacidad f\u00edsica temporal.<\/h2>\n<\/li>\n<li>\n<h2>Pizarras digitales en todas las aulas.<\/h2>\n<\/li>\n<li>\n<h2>Ascensor.<\/h2>\n<\/li>\n<li>\n<h2>Laboratorio.<\/h2>\n<\/li>\n<li>\n<h2>Sal\u00f3n de actos.<\/h2>\n<\/li>\n<li>\n<h2>Gran patio exterior con salida de emergencia.<\/h2>\n<\/li>\n<li>\n<h2>2 patios interiores.<\/h2>\n<\/li>\n<li>\n<h2>Rampa de acceso a zonas comunes (patio y porche).<\/h2>\n<\/li>\n<\/ul>\n","protected":false},"excerpt":{"rendered":"<p>Excelente ubicaci\u00f3n del Centro. Aulas espaciosas con buena iluminaci\u00f3n y ventilaci\u00f3n. Aulas con bombas el\u00e9ctricas de fr\u00edo y calor. Aseos adaptados para minusv\u00e1lidos o personas con discapacidad f\u00edsica temporal. Pizarras digitales en todas las aulas. Ascensor. Laboratorio. Sal\u00f3n de actos. Gran patio exterior con salida de emergencia. 2 patios interiores. Rampa de acceso a zonas comunes (patio y porche).<\/p>\n","protected":false},"author":1,"featured_media":0,"parent":0,"menu_order":0,"comment_status":"closed","ping_status":"closed","template":"","meta":{"footnotes":""},"class_list":["post-39","page","type-page","status-publish","hentry"],"_links":{"self":[{"href":"https:\/\/fundaciondoctrinacristiana.es\/constantina\/wp-json\/wp\/v2\/pages\/39","targetHints":{"allow":["GET"]}}],"collection":[{"href":"https:\/\/fundaciondoctrinacristiana.es\/constantina\/wp-json\/wp\/v2\/pages"}],"about":[{"href":"https:\/\/fundaciondoctrinacristiana.es\/constantina\/wp-json\/wp\/v2\/types\/page"}],"author":[{"embeddable":true,"href":"https:\/\/fundaciondoctrinacristiana.es\/constantina\/wp-json\/wp\/v2\/users\/1"}],"replies":[{"embeddable":true,"href":"https:\/\/fundaciondoctrinacristiana.es\/constantina\/wp-json\/wp\/v2\/comments?post=39"}],"version-history":[{"count":0,"href":"https:\/\/fundaciondoctrinacristiana.es\/constantina\/wp-json\/wp\/v2\/pages\/39\/revisions"}],"wp:attachment":[{"href":"https:\/\/fundaciondoctrinacristiana.es\/constantina\/wp-json\/wp\/v2\/media?parent=39"}],"curies":[{"name":"wp","href":"https:\/\/api.w.org\/{rel}","templated":true}]}}