{"id":84,"date":"2021-03-06T11:29:34","date_gmt":"2021-03-06T11:29:34","guid":{"rendered":"https:\/\/fundaciondoctrinacristiana.es\/guarena\/?page_id=84"},"modified":"2021-03-06T11:30:01","modified_gmt":"2021-03-06T11:30:01","slug":"prensa","status":"publish","type":"page","link":"https:\/\/fundaciondoctrinacristiana.es\/guarena\/prensa\/","title":{"rendered":"PRENSA"},"content":{"rendered":"<h1 style=\"text-align: center;\"><em><span style=\"color: #c3091e;\"><strong>Premio Extraordinario a la Excelencia en Educaci\u00f3n<\/strong><\/span><\/em><\/h1>\r\n<h1><img fetchpriority=\"high\" decoding=\"async\" class=\"aligncenter size-full wp-image-85\" src=\"https:\/\/fundaciondoctrinacristiana.es\/guarena\/wp-content\/uploads\/sites\/7\/2021\/03\/Captura-de-pantalla-2020-02-10-a-las-12.25.14.png\" alt=\"\" width=\"462\" height=\"619\" srcset=\"https:\/\/fundaciondoctrinacristiana.es\/guarena\/wp-content\/uploads\/sites\/7\/2021\/03\/Captura-de-pantalla-2020-02-10-a-las-12.25.14.png 462w, https:\/\/fundaciondoctrinacristiana.es\/guarena\/wp-content\/uploads\/sites\/7\/2021\/03\/Captura-de-pantalla-2020-02-10-a-las-12.25.14-224x300.png 224w\" sizes=\"(max-width: 462px) 100vw, 462px\" \/><\/h1>\r\n&nbsp;\r\n<h1 style=\"text-align: center;\"><em><span style=\"color: #c3091e;\"><strong>Carta de un antiguo alumno a Hermana Amelia<\/strong><\/span><\/em><\/h1>\r\n<h1><\/h1>\r\n<h1 style=\"text-align: center;\"><img decoding=\"async\" class=\"aligncenter size-full wp-image-86\" src=\"https:\/\/fundaciondoctrinacristiana.es\/guarena\/wp-content\/uploads\/sites\/7\/2021\/03\/blur-calligraphy-composition-211291-1024x683-1.jpg\" alt=\"\" width=\"1024\" height=\"683\" srcset=\"https:\/\/fundaciondoctrinacristiana.es\/guarena\/wp-content\/uploads\/sites\/7\/2021\/03\/blur-calligraphy-composition-211291-1024x683-1.jpg 1024w, https:\/\/fundaciondoctrinacristiana.es\/guarena\/wp-content\/uploads\/sites\/7\/2021\/03\/blur-calligraphy-composition-211291-1024x683-1-300x200.jpg 300w, https:\/\/fundaciondoctrinacristiana.es\/guarena\/wp-content\/uploads\/sites\/7\/2021\/03\/blur-calligraphy-composition-211291-1024x683-1-768x512.jpg 768w, https:\/\/fundaciondoctrinacristiana.es\/guarena\/wp-content\/uploads\/sites\/7\/2021\/03\/blur-calligraphy-composition-211291-1024x683-1-800x534.jpg 800w\" sizes=\"(max-width: 1024px) 100vw, 1024px\" \/><\/h1>\r\n<h2><em>Hoy es uno de los d\u00edas que me siento orgulloso de que mis hijos estudien en el colegio, pues me he enterado de que ha vuelto una sevillana que tuve la suerte de conocer cuando repet\u00ed \u00a0quinto de EGB.<\/em><\/h2>\r\n<h2><\/h2>\r\n<h2><em>Creyendo que dar\u00eda a cursos inferiores, aquella noche casi convenzo a la mujer de ir a por el cuarto para que ella le diese clase.<\/em><\/h2>\r\n<h2><\/h2>\r\n<h2><em>Lo que m\u00e1s me impact\u00f3 de ella por aquellos entonces es que daba clases de VALORES y aunque no tuvo narices a ense\u00f1arme si se escrib\u00eda con b o con v, me ense\u00f1\u00f3 lo que realmente significa la palabra. Por eso les digo a mis hijos que procuren estar siempre cerca de ella, que la asignatura que da, aunque es muy friki y no punt\u00faa, es la que m\u00e1s te llena en \u00e9sta vida.\u00a0<\/em><\/h2>\r\n<h2 style=\"text-align: right;\"><strong><em>Firmado \u00abUn viejo alumno de Hermana Amelia<\/em><\/strong><\/h2>\r\n<h2><\/h2>\r\n<h1><\/h1>\r\n<h1><span style=\"color: #c3091e;\"><strong>Una alumna de Nuestro Centro premiada con un viaje al CERN en Suiza<\/strong><\/span><\/h1>\r\n<h1><img decoding=\"async\" class=\"aligncenter size-full wp-image-87\" src=\"https:\/\/fundaciondoctrinacristiana.es\/guarena\/wp-content\/uploads\/sites\/7\/2021\/03\/Captura-de-pantalla-2018-11-21-a-las-18.24.27.png\" alt=\"\" width=\"784\" height=\"585\" srcset=\"https:\/\/fundaciondoctrinacristiana.es\/guarena\/wp-content\/uploads\/sites\/7\/2021\/03\/Captura-de-pantalla-2018-11-21-a-las-18.24.27.png 784w, https:\/\/fundaciondoctrinacristiana.es\/guarena\/wp-content\/uploads\/sites\/7\/2021\/03\/Captura-de-pantalla-2018-11-21-a-las-18.24.27-300x224.png 300w, https:\/\/fundaciondoctrinacristiana.es\/guarena\/wp-content\/uploads\/sites\/7\/2021\/03\/Captura-de-pantalla-2018-11-21-a-las-18.24.27-768x573.png 768w\" sizes=\"(max-width: 784px) 100vw, 784px\" \/><\/h1>\r\n<h1><\/h1>\r\n<h1><span style=\"color: #c3091e;\"><strong>Centro Examinador de Cambridge<img loading=\"lazy\" decoding=\"async\" class=\"aligncenter size-full wp-image-88\" src=\"https:\/\/fundaciondoctrinacristiana.es\/guarena\/wp-content\/uploads\/sites\/7\/2021\/03\/noticia-1-1.png\" alt=\"\" width=\"849\" height=\"572\" srcset=\"https:\/\/fundaciondoctrinacristiana.es\/guarena\/wp-content\/uploads\/sites\/7\/2021\/03\/noticia-1-1.png 849w, https:\/\/fundaciondoctrinacristiana.es\/guarena\/wp-content\/uploads\/sites\/7\/2021\/03\/noticia-1-1-300x202.png 300w, https:\/\/fundaciondoctrinacristiana.es\/guarena\/wp-content\/uploads\/sites\/7\/2021\/03\/noticia-1-1-768x517.png 768w, https:\/\/fundaciondoctrinacristiana.es\/guarena\/wp-content\/uploads\/sites\/7\/2021\/03\/noticia-1-1-800x539.png 800w\" sizes=\"(max-width: 849px) 100vw, 849px\" \/><\/strong><\/span><\/h1>\r\n<h1><\/h1>\r\n<h1><\/h1>\r\n<h1><\/h1>\r\n<h1><strong><span style=\"color: #c3091e;\">1er. Premio D\u00eda de Europa 2016<img loading=\"lazy\" decoding=\"async\" class=\"aligncenter size-full wp-image-89\" src=\"https:\/\/fundaciondoctrinacristiana.es\/guarena\/wp-content\/uploads\/sites\/7\/2021\/03\/noticia-2.png\" alt=\"\" width=\"741\" height=\"575\" srcset=\"https:\/\/fundaciondoctrinacristiana.es\/guarena\/wp-content\/uploads\/sites\/7\/2021\/03\/noticia-2.png 741w, https:\/\/fundaciondoctrinacristiana.es\/guarena\/wp-content\/uploads\/sites\/7\/2021\/03\/noticia-2-300x233.png 300w\" sizes=\"(max-width: 741px) 100vw, 741px\" \/><\/span><\/strong><\/h1><!-- \/wp:post-content -->","protected":false},"excerpt":{"rendered":"<p>Premio Extraordinario a la Excelencia en Educaci\u00f3n &nbsp; Carta de un antiguo alumno a Hermana Amelia Hoy es uno de los d\u00edas que me siento orgulloso de que mis hijos estudien en el colegio, pues me he enterado de que ha vuelto una sevillana que tuve la suerte de conocer cuando repet\u00ed \u00a0quinto de EGB. Creyendo que dar\u00eda a cursos inferiores, aquella noche casi convenzo a la mujer de ir<\/p>\n<p><a class=\"more-link\" href=\"https:\/\/fundaciondoctrinacristiana.es\/guarena\/prensa\/\">Leer m\u00e1s<\/a><\/p>\n","protected":false},"author":1,"featured_media":0,"parent":0,"menu_order":0,"comment_status":"closed","ping_status":"closed","template":"","meta":{"footnotes":""},"class_list":["post-84","page","type-page","status-publish","hentry"],"_links":{"self":[{"href":"https:\/\/fundaciondoctrinacristiana.es\/guarena\/wp-json\/wp\/v2\/pages\/84","targetHints":{"allow":["GET"]}}],"collection":[{"href":"https:\/\/fundaciondoctrinacristiana.es\/guarena\/wp-json\/wp\/v2\/pages"}],"about":[{"href":"https:\/\/fundaciondoctrinacristiana.es\/guarena\/wp-json\/wp\/v2\/types\/page"}],"author":[{"embeddable":true,"href":"https:\/\/fundaciondoctrinacristiana.es\/guarena\/wp-json\/wp\/v2\/users\/1"}],"replies":[{"embeddable":true,"href":"https:\/\/fundaciondoctrinacristiana.es\/guarena\/wp-json\/wp\/v2\/comments?post=84"}],"version-history":[{"count":0,"href":"https:\/\/fundaciondoctrinacristiana.es\/guarena\/wp-json\/wp\/v2\/pages\/84\/revisions"}],"wp:attachment":[{"href":"https:\/\/fundaciondoctrinacristiana.es\/guarena\/wp-json\/wp\/v2\/media?parent=84"}],"curies":[{"name":"wp","href":"https:\/\/api.w.org\/{rel}","templated":true}]}}