{"id":1008,"date":"2021-02-28T19:58:04","date_gmt":"2021-02-28T19:58:04","guid":{"rendered":"https:\/\/fundaciondoctrinacristiana.es\/madrid\/?page_id=1008"},"modified":"2024-10-01T14:34:44","modified_gmt":"2024-10-01T12:34:44","slug":"uniforme","status":"publish","type":"page","link":"https:\/\/fundaciondoctrinacristiana.es\/madrid\/uniforme\/","title":{"rendered":"Uniforme"},"content":{"rendered":"\r\n\r\n<\/p>\r\n<p>El uniforme escolar y la ropa deportiva del colegio ser\u00e1n obligatorios para todos los alumnos <strong>desde 1\u00ba Ed. Infantil hasta 4\u00ba ESO<\/strong>. El uniforme escolar se acompa\u00f1ar\u00e1 <u>de zapato escolar negro<\/u> y la ropa deportiva de <u>zapatillas de deporte blancas<\/u>. El <u>abrigo o chaquet\u00f3n deber\u00e1 ser de color azul marino. <\/u> \u00a0<\/p>\r\n<p>La reserva de uniformes podr\u00e1 hacerse a trav\u00e9s de la pesta\u00f1a <strong>PEDIDO ONLINE.<\/strong><\/p>\r\n<p>Para cualquier duda o consulta puede dirigirse a <strong>uniformes@doctrinacristianamadrid.es\u00a0\u00a0<\/strong><br \/><br \/>Una vez preparados les informaremos y les daremos cita para la recogida.<\/p>\r\n<p style=\"text-align: center\"><a class=\"maxbutton-28 maxbutton maxbutton-nuestro-uniforme\" target=\"_blank\" rel=\"noopener\" href=\"https:\/\/fundaciondoctrinacristiana.es\/madrid\/wp-content\/uploads\/sites\/6\/2024\/01\/UNIFORMES-WEB-definitivo-1.pdf_compressed-1.pdf\"><span class='mb-text'>Nuestro uniforme<\/span><\/a> \u00a0 <a class=\"maxbutton-35 maxbutton maxbutton-realiza-tu-pedido\" target=\"_blank\" rel=\"noopener\" href=\"https:\/\/docs.google.com\/forms\/d\/e\/1FAIpQLSeY9Mhq4XkZJ2UrCyDXWpXCWSbVNuf-zFeMwCaeuUhSk_X3ZQ\/viewform\"><span class='mb-text'>Pedido online<\/span><\/a>\u00a0<\/p>\r\n<p style=\"text-align: left\"><strong>Horario de venta de uniformes:<\/strong><\/p>\r\n<p style=\"text-align: left\"><strong>Martes y jueves<\/strong> de 09.00 a 10.00<\/p>\r\n<div class=\"wp-block-image\"><img decoding=\"async\" class=\"aligncenter wp-image-1009\" src=\"https:\/\/fundaciondoctrinacristiana.es\/madrid\/wp-content\/uploads\/sites\/6\/2021\/02\/Logo-TH-jpg-300x76-1.png\" alt=\"\" width=\"245\" height=\"62\" \/>\r\n<figure class=\"alignleft is-resized\"><\/figure>\r\n<figure class=\"alignleft is-resized\"><\/figure>\r\n<\/div>\r\n<p style=\"text-align: center\">\u00a0<\/p>\r\n\r\n\r\n\r\n<p style=\"text-align: left\">\u00a0<\/p>\r\n\r\n\r\n\r\n\r\n","protected":false},"excerpt":{"rendered":"<p>El uniforme escolar y la ropa deportiva del colegio ser\u00e1n obligatorios para todos los alumnos desde 1\u00ba Ed. Infantil hasta 4\u00ba ESO. El uniforme escolar se acompa\u00f1ar\u00e1 de zapato escolar negro y la ropa deportiva de zapatillas de deporte blancas. El abrigo o chaquet\u00f3n deber\u00e1 ser de color azul marino. \u00a0 La reserva de uniformes podr\u00e1 hacerse a trav\u00e9s de la pesta\u00f1a PEDIDO ONLINE. Para cualquier duda o consulta puede<\/p>\n<p><a class=\"more-link\" href=\"https:\/\/fundaciondoctrinacristiana.es\/madrid\/uniforme\/\">Leer m\u00e1s<\/a><\/p>\n","protected":false},"author":1,"featured_media":0,"parent":0,"menu_order":0,"comment_status":"closed","ping_status":"closed","template":"","meta":{"footnotes":""},"class_list":["post-1008","page","type-page","status-publish","hentry"],"_links":{"self":[{"href":"https:\/\/fundaciondoctrinacristiana.es\/madrid\/wp-json\/wp\/v2\/pages\/1008","targetHints":{"allow":["GET"]}}],"collection":[{"href":"https:\/\/fundaciondoctrinacristiana.es\/madrid\/wp-json\/wp\/v2\/pages"}],"about":[{"href":"https:\/\/fundaciondoctrinacristiana.es\/madrid\/wp-json\/wp\/v2\/types\/page"}],"author":[{"embeddable":true,"href":"https:\/\/fundaciondoctrinacristiana.es\/madrid\/wp-json\/wp\/v2\/users\/1"}],"replies":[{"embeddable":true,"href":"https:\/\/fundaciondoctrinacristiana.es\/madrid\/wp-json\/wp\/v2\/comments?post=1008"}],"version-history":[{"count":22,"href":"https:\/\/fundaciondoctrinacristiana.es\/madrid\/wp-json\/wp\/v2\/pages\/1008\/revisions"}],"predecessor-version":[{"id":2708,"href":"https:\/\/fundaciondoctrinacristiana.es\/madrid\/wp-json\/wp\/v2\/pages\/1008\/revisions\/2708"}],"wp:attachment":[{"href":"https:\/\/fundaciondoctrinacristiana.es\/madrid\/wp-json\/wp\/v2\/media?parent=1008"}],"curies":[{"name":"wp","href":"https:\/\/api.w.org\/{rel}","templated":true}]}}