{"id":1012,"date":"2021-02-28T20:21:46","date_gmt":"2021-02-28T20:21:46","guid":{"rendered":"https:\/\/fundaciondoctrinacristiana.es\/madrid\/?page_id=1012"},"modified":"2026-04-30T09:49:58","modified_gmt":"2026-04-30T07:49:58","slug":"comedor","status":"publish","type":"page","link":"https:\/\/fundaciondoctrinacristiana.es\/madrid\/comedor\/","title":{"rendered":"Comedor"},"content":{"rendered":"<p>El comedor funciona a lo largo de todo el curso escolar (septiembre a junio), en horario\u00a0de <strong>12:45 a 15:00<\/strong>, a trav\u00e9s de la empresa <strong>Enasui.<\/strong><br \/>Se elaboran men\u00fas sanos y equilibrados, as\u00ed como <strong>men\u00fas<\/strong>\u00a0<strong>especiales<\/strong> para aquellos alumnos con alergias o intolerancias. Adem\u00e1s, en horario de recreo, de <strong>10:50 a 12:00<\/strong>, realizan desayunos para aquellos\u00a0alumnos que lo deseen (sandwiches, zumos&#8230;), as\u00ed como picnic para las excusiones.<\/p>\r\n<p>Contamos con varios profesionales encargados de las tareas espec\u00edficas del comedor y\u00a0monitores que vigilan las zonas de juego.<\/p>\r\n<p style=\"text-align: center\"><a class=\"maxbutton-16 maxbutton maxbutton-menu-comedor\" target=\"_blank\" rel=\"noopener\" href=\"https:\/\/fundaciondoctrinacristiana.es\/madrid\/wp-content\/uploads\/sites\/6\/2026\/04\/Divino-Corazon.pdf\"><span class='mb-text'>Men\u00fa comedor<\/span><\/a> \u00a0 \u00a0<a class=\"maxbutton-30 maxbutton maxbutton-normas-comedor\" target=\"_blank\" rel=\"noopener\" href=\"https:\/\/fundaciondoctrinacristiana.es\/madrid\/wp-content\/uploads\/sites\/6\/2024\/01\/Normas-comedor.pdf\"><span class='mb-text'>Normas comedor<\/span><\/a>\u00a0 <a class=\"maxbutton-27 maxbutton maxbutton-beca-comedor\" target=\"_blank\" rel=\"noopener\" href=\"http:\/\/comunidad.madrid\/servicios\/educacion\/becas-comedor-escolar\"><span class='mb-text'>Beca comedor<\/span><\/a>\u00a0<\/p>\r\n<p>[layerslider id=\u00bb4&#8243;]<\/p>\r\n<p>&nbsp;<\/p>\r\n<!-- \/wp:post-content -->\r\n\r\n<!-- wp:image {\"id\":551} -->\r\n<figure><\/figure>\r\n<!-- \/wp:image -->\r\n\r\n<!-- wp:gallery {\"ids\":[556,557,558]} \/-->\r\n\r\n<!-- wp:image {\"id\":338} -->\r\n<figure class=\"wp-block-image\"><\/figure>\r\n<!-- \/wp:image -->","protected":false},"excerpt":{"rendered":"<p>El comedor funciona a lo largo de todo el curso escolar (septiembre a junio), en horario\u00a0de 12:45 a 15:00, a trav\u00e9s de la empresa Enasui.Se elaboran men\u00fas sanos y equilibrados, as\u00ed como men\u00fas\u00a0especiales para aquellos alumnos con alergias o intolerancias. Adem\u00e1s, en horario de recreo, de 10:50 a 12:00, realizan desayunos para aquellos\u00a0alumnos que lo deseen (sandwiches, zumos&#8230;), as\u00ed como picnic para las excusiones. Contamos con varios profesionales encargados de<\/p>\n<p><a class=\"more-link\" href=\"https:\/\/fundaciondoctrinacristiana.es\/madrid\/comedor\/\">Leer m\u00e1s<\/a><\/p>\n","protected":false},"author":1,"featured_media":0,"parent":0,"menu_order":0,"comment_status":"closed","ping_status":"closed","template":"","meta":{"footnotes":""},"class_list":["post-1012","page","type-page","status-publish","hentry"],"_links":{"self":[{"href":"https:\/\/fundaciondoctrinacristiana.es\/madrid\/wp-json\/wp\/v2\/pages\/1012","targetHints":{"allow":["GET"]}}],"collection":[{"href":"https:\/\/fundaciondoctrinacristiana.es\/madrid\/wp-json\/wp\/v2\/pages"}],"about":[{"href":"https:\/\/fundaciondoctrinacristiana.es\/madrid\/wp-json\/wp\/v2\/types\/page"}],"author":[{"embeddable":true,"href":"https:\/\/fundaciondoctrinacristiana.es\/madrid\/wp-json\/wp\/v2\/users\/1"}],"replies":[{"embeddable":true,"href":"https:\/\/fundaciondoctrinacristiana.es\/madrid\/wp-json\/wp\/v2\/comments?post=1012"}],"version-history":[{"count":67,"href":"https:\/\/fundaciondoctrinacristiana.es\/madrid\/wp-json\/wp\/v2\/pages\/1012\/revisions"}],"predecessor-version":[{"id":3095,"href":"https:\/\/fundaciondoctrinacristiana.es\/madrid\/wp-json\/wp\/v2\/pages\/1012\/revisions\/3095"}],"wp:attachment":[{"href":"https:\/\/fundaciondoctrinacristiana.es\/madrid\/wp-json\/wp\/v2\/media?parent=1012"}],"curies":[{"name":"wp","href":"https:\/\/api.w.org\/{rel}","templated":true}]}}