{"id":2216,"date":"2023-12-07T09:37:25","date_gmt":"2023-12-07T08:37:25","guid":{"rendered":"https:\/\/fundaciondoctrinacristiana.es\/madrid\/?page_id=2216"},"modified":"2024-06-20T13:26:05","modified_gmt":"2024-06-20T11:26:05","slug":"plan-accede-y-becas","status":"publish","type":"page","link":"https:\/\/fundaciondoctrinacristiana.es\/madrid\/plan-accede-y-becas\/","title":{"rendered":"Plan Accede y Becas"},"content":{"rendered":"<p>El Plan ACCEDE consiste en un programa pr\u00e9stamo de libros gratuito de la Comunidad de Madrid.<\/p>\n<p>Los alumnos que quieran participar en el Programa, cuando finalice el curso deber\u00e1n entregar los libros que se est\u00e9n usando el curso actual, siempre y cuando cumplan los requisitos marcados. A cambio recibir\u00e1n los libros de texto del siguiente curso.<\/p>\n<p style=\"text-align: center\"><a class=\"maxbutton-34 maxbutton maxbutton-guia-cuidado-del-material\" target=\"_blank\" rel=\"noopener\" href=\"https:\/\/fundaciondoctrinacristiana.es\/madrid\/wp-content\/uploads\/sites\/6\/2024\/06\/guia-de-cuidado-del-material.pdf\"><span class='mb-text'>Guia cuidado del material<\/span><\/a>\u00a0 \u00a0<a class=\"maxbutton-32 maxbutton maxbutton-adhesion\" target=\"_blank\" rel=\"noopener\" href=\"https:\/\/fundaciondoctrinacristiana.es\/madrid\/wp-content\/uploads\/sites\/6\/2024\/06\/ADHESION.pdf\"><span class='mb-text'>Adhesi\u00f3n<\/span><\/a>\u00a0 \u00a0<a class=\"maxbutton-33 maxbutton maxbutton-renuncia\" target=\"_blank\" rel=\"noopener\" href=\"https:\/\/fundaciondoctrinacristiana.es\/madrid\/wp-content\/uploads\/sites\/6\/2024\/06\/RENUNCIA.pdf\"><span class='mb-text'>Renuncia<\/span><\/a><\/p>\n<p>&nbsp;<\/p>\n<p>&nbsp;<\/p>\n","protected":false},"excerpt":{"rendered":"<p>El Plan ACCEDE consiste en un programa pr\u00e9stamo de libros gratuito de la Comunidad de Madrid. Los alumnos que quieran participar en el Programa, cuando finalice el curso deber\u00e1n entregar los libros que se est\u00e9n usando el curso actual, siempre y cuando cumplan los requisitos marcados. A cambio recibir\u00e1n los libros de texto del siguiente curso. \u00a0 \u00a0\u00a0 \u00a0 &nbsp; &nbsp;<\/p>\n","protected":false},"author":793,"featured_media":0,"parent":0,"menu_order":0,"comment_status":"closed","ping_status":"closed","template":"","meta":{"footnotes":""},"class_list":["post-2216","page","type-page","status-publish","hentry"],"_links":{"self":[{"href":"https:\/\/fundaciondoctrinacristiana.es\/madrid\/wp-json\/wp\/v2\/pages\/2216","targetHints":{"allow":["GET"]}}],"collection":[{"href":"https:\/\/fundaciondoctrinacristiana.es\/madrid\/wp-json\/wp\/v2\/pages"}],"about":[{"href":"https:\/\/fundaciondoctrinacristiana.es\/madrid\/wp-json\/wp\/v2\/types\/page"}],"author":[{"embeddable":true,"href":"https:\/\/fundaciondoctrinacristiana.es\/madrid\/wp-json\/wp\/v2\/users\/793"}],"replies":[{"embeddable":true,"href":"https:\/\/fundaciondoctrinacristiana.es\/madrid\/wp-json\/wp\/v2\/comments?post=2216"}],"version-history":[{"count":8,"href":"https:\/\/fundaciondoctrinacristiana.es\/madrid\/wp-json\/wp\/v2\/pages\/2216\/revisions"}],"predecessor-version":[{"id":2596,"href":"https:\/\/fundaciondoctrinacristiana.es\/madrid\/wp-json\/wp\/v2\/pages\/2216\/revisions\/2596"}],"wp:attachment":[{"href":"https:\/\/fundaciondoctrinacristiana.es\/madrid\/wp-json\/wp\/v2\/media?parent=2216"}],"curies":[{"name":"wp","href":"https:\/\/api.w.org\/{rel}","templated":true}]}}