{"id":2284,"date":"2024-01-15T10:33:50","date_gmt":"2024-01-15T09:33:50","guid":{"rendered":"https:\/\/fundaciondoctrinacristiana.es\/madrid\/?page_id=2284"},"modified":"2025-01-14T12:49:52","modified_gmt":"2025-01-14T11:49:52","slug":"instalaciones","status":"publish","type":"page","link":"https:\/\/fundaciondoctrinacristiana.es\/madrid\/instalaciones\/","title":{"rendered":"Instalaciones"},"content":{"rendered":"<p>Nuestro colegio ofrece las etapas de Educaci\u00f3n Infantil, Primaria y Secundaria. Las aulas<br \/>\nse distribuyen en tres plantas y contamos con 3 patios y zonas de juego.<\/p>\n<p>En cuento a las instalaciones y otras aulas, contamos con:<\/p>\n<ul>\n<li>6 aulas de Educaci\u00f3n Infantil.<\/li>\n<li>12 aulas de Educaci\u00f3n Primaria.<\/li>\n<li>8 aulas de ESO.<\/li>\n<li>2 aulas de inform\u00e1tica.<\/li>\n<li>6 aulas de apoyo y refuerzo.<\/li>\n<li>3 gimnasios y un roc\u00f3dromo.<\/li>\n<li>Aula de m\u00fasica.<\/li>\n<li>Porter\u00eda.<\/li>\n<li>Sal\u00f3n de actos.<\/li>\n<li>Sala de reuniones.<\/li>\n<li>Despachos de orientaci\u00f3n, jefatura de estudios y direcci\u00f3n.<\/li>\n<li>Secretar\u00eda.<\/li>\n<li>Biblioteca.<\/li>\n<li>Laboratorio.<\/li>\n<li>Capilla.<\/li>\n<li>Comedor.<\/li>\n<\/ul>\n<p>[layerslider id=\u00bb2&#8243;]<\/p>\n","protected":false},"excerpt":{"rendered":"<p>Nuestro colegio ofrece las etapas de Educaci\u00f3n Infantil, Primaria y Secundaria. Las aulas se distribuyen en tres plantas y contamos con 3 patios y zonas de juego. En cuento a las instalaciones y otras aulas, contamos con: 6 aulas de Educaci\u00f3n Infantil. 12 aulas de Educaci\u00f3n Primaria. 8 aulas de ESO. 2 aulas de inform\u00e1tica. 6 aulas de apoyo y refuerzo. 3 gimnasios y un roc\u00f3dromo. Aula de m\u00fasica. Porter\u00eda.<\/p>\n<p><a class=\"more-link\" href=\"https:\/\/fundaciondoctrinacristiana.es\/madrid\/instalaciones\/\">Leer m\u00e1s<\/a><\/p>\n","protected":false},"author":793,"featured_media":0,"parent":0,"menu_order":0,"comment_status":"closed","ping_status":"closed","template":"","meta":{"footnotes":""},"class_list":["post-2284","page","type-page","status-publish","hentry"],"_links":{"self":[{"href":"https:\/\/fundaciondoctrinacristiana.es\/madrid\/wp-json\/wp\/v2\/pages\/2284","targetHints":{"allow":["GET"]}}],"collection":[{"href":"https:\/\/fundaciondoctrinacristiana.es\/madrid\/wp-json\/wp\/v2\/pages"}],"about":[{"href":"https:\/\/fundaciondoctrinacristiana.es\/madrid\/wp-json\/wp\/v2\/types\/page"}],"author":[{"embeddable":true,"href":"https:\/\/fundaciondoctrinacristiana.es\/madrid\/wp-json\/wp\/v2\/users\/793"}],"replies":[{"embeddable":true,"href":"https:\/\/fundaciondoctrinacristiana.es\/madrid\/wp-json\/wp\/v2\/comments?post=2284"}],"version-history":[{"count":9,"href":"https:\/\/fundaciondoctrinacristiana.es\/madrid\/wp-json\/wp\/v2\/pages\/2284\/revisions"}],"predecessor-version":[{"id":2918,"href":"https:\/\/fundaciondoctrinacristiana.es\/madrid\/wp-json\/wp\/v2\/pages\/2284\/revisions\/2918"}],"wp:attachment":[{"href":"https:\/\/fundaciondoctrinacristiana.es\/madrid\/wp-json\/wp\/v2\/media?parent=2284"}],"curies":[{"name":"wp","href":"https:\/\/api.w.org\/{rel}","templated":true}]}}