{"id":2314,"date":"2024-01-16T21:05:44","date_gmt":"2024-01-16T20:05:44","guid":{"rendered":"https:\/\/fundaciondoctrinacristiana.es\/madrid\/?page_id=2314"},"modified":"2026-03-10T15:34:57","modified_gmt":"2026-03-10T14:34:57","slug":"admision-de-alumnos-2","status":"publish","type":"page","link":"https:\/\/fundaciondoctrinacristiana.es\/madrid\/admision-de-alumnos-2\/","title":{"rendered":"Admisi\u00f3n de alumnos"},"content":{"rendered":"<p>Se inicia el plazo de admisi\u00f3n de alumnos para el <strong>curso escolar 2026-2027<\/strong>. El plazo de presentaci\u00f3n de solicitudes ser\u00e1\u00a0<strong>del 11 al 25 de marzo de 2026<\/strong>, ambas fechas inclusive. Estas son las fechas m\u00e1s relevantes de los distintos pasos del proceso de admisi\u00f3n:<\/p>\n<p><img fetchpriority=\"high\" decoding=\"async\" class=\"alignnone wp-image-3098 size-large\" src=\"https:\/\/fundaciondoctrinacristiana.es\/madrid\/wp-content\/uploads\/sites\/6\/2026\/01\/PROCESO-DE-ADMISION-1024x576.png\" alt=\"\" width=\"1024\" height=\"576\" srcset=\"https:\/\/fundaciondoctrinacristiana.es\/madrid\/wp-content\/uploads\/sites\/6\/2026\/01\/PROCESO-DE-ADMISION-1024x576.png 1024w, https:\/\/fundaciondoctrinacristiana.es\/madrid\/wp-content\/uploads\/sites\/6\/2026\/01\/PROCESO-DE-ADMISION-300x169.png 300w, https:\/\/fundaciondoctrinacristiana.es\/madrid\/wp-content\/uploads\/sites\/6\/2026\/01\/PROCESO-DE-ADMISION-768x432.png 768w, https:\/\/fundaciondoctrinacristiana.es\/madrid\/wp-content\/uploads\/sites\/6\/2026\/01\/PROCESO-DE-ADMISION-1536x864.png 1536w, https:\/\/fundaciondoctrinacristiana.es\/madrid\/wp-content\/uploads\/sites\/6\/2026\/01\/PROCESO-DE-ADMISION-2048x1152.png 2048w, https:\/\/fundaciondoctrinacristiana.es\/madrid\/wp-content\/uploads\/sites\/6\/2026\/01\/PROCESO-DE-ADMISION-800x450.png 800w, https:\/\/fundaciondoctrinacristiana.es\/madrid\/wp-content\/uploads\/sites\/6\/2026\/01\/PROCESO-DE-ADMISION-600x338.png 600w\" sizes=\"(max-width: 1024px) 100vw, 1024px\" \/><\/p>\n<p style=\"text-align: center\"><a class=\"maxbutton-31 maxbutton maxbutton-vacantes-disponibles\" target=\"_blank\" rel=\"noopener\" href=\"https:\/\/fundaciondoctrinacristiana.es\/madrid\/wp-content\/uploads\/sites\/6\/2026\/03\/vacantes-2026-2027.pdf\"><span class='mb-text'>Vacantes disponibles<\/span><\/a>\u00a0 \u00a0<a class=\"maxbutton-20 maxbutton maxbutton-instrucciones-del-proceso\" target=\"_blank\" rel=\"noopener\" href=\"https:\/\/www.bocm.es\/boletin\/CM_Orden_BOCM\/2025\/12\/09\/BOCM-20251209-19.PDF\"><span class='mb-text'>Instrucciones<\/span><\/a>\u00a0 \u00a0<a class=\"maxbutton-18 maxbutton maxbutton-solicitud-admision\" target=\"_blank\" rel=\"noopener\" href=\"https:\/\/www.comunidad.madrid\/servicios\/educacion\/solicita-tu-admision-educacion-infantil-obligatoria-bachillerato\"><span class='mb-text'>Solicita tu admisi\u00f3n<\/span><\/a>\u00a0 \u00a0<a class=\"maxbutton-19 maxbutton maxbutton-secretaria-virtual\" target=\"_blank\" rel=\"noopener\" href=\"https:\/\/www.comunidad.madrid\/servicios\/educacion\/gestion-telematica-solicitud-admision-alumnos-secretaria-virtual\"><span class='mb-text'>Secretar\u00eda virtual<\/span><\/a><\/p>\n<p>Las solicitudes las pueden recoger en el centro o por internet a trav\u00e9s de la secretar\u00eda virtual de la Comunidad de Madrid. Para m\u00e1s informaci\u00f3n pueden consultar la Resoluci\u00f3n Conjunta de las Viceconsejer\u00edas de Pol\u00edtica Educativa y de Organizaci\u00f3n Educativa por la que se dictan instrucciones sobre la participaci\u00f3n en el proceso de ADMISI\u00d3N DE ALUMNOS en Centros Docentes sostenidos con fondos p\u00fablicos que imparten Segundo Ciclo de Educaci\u00f3n Infantil, Educaci\u00f3n Primaria, Educaci\u00f3n Especial, Educaci\u00f3n Secundaria Obligatoria y Bachillerato de la Comunidad de Madrid para el curso 2026\/2027.<\/p>\n<h5><strong>PUNTUACI\u00d3N COMPLEMENTARIA SEG\u00daN ACUERDO DEL CONSEJO ESCOLAR DEL CENTRO<\/strong><\/h5>\n<h5>La\u00a0<strong>puntuaci\u00f3n complementaria<\/strong>\u00a0de los\u00a0<strong>Criterios de Baremaci\u00f3n<\/strong>, seg\u00fan acuerdo del\u00a0<strong>Consejo Escolar del Centro<\/strong>, se asignar\u00e1 a:<\/h5>\n<ul>\n<li>Haber solicitado en alguno de los dos cursos anteriores en 1\u00aa opci\u00f3n nuestro centro.<\/li>\n<li>Familiares (padre, madre, hermano\/as o abuelos\/as) que hayan sido alumnos\/as del centro o tenido relaci\u00f3n laboral con el centro.<\/li>\n<\/ul>\n<h5><strong>DIRECCION<\/strong><strong>ES DE INTER\u00c9S PARA ESTA CONVOCATORIA<\/strong><\/h5>\n<ul>\n<li>Direcci\u00f3n de la Consejer\u00eda de Educaci\u00f3n, Juventud y Deporte, para informaci\u00f3n general, sobre el proceso de admisi\u00f3n: <a href=\"http:\/\/www.madrid.org\/educacion\" target=\"_blank\" rel=\"noopener\">http:\/\/www.madrid.org\/educacion<\/a><\/li>\n<li>Sede del Servicio de Apoyo a la Escolarizaci\u00f3n de zona: SAE N\u00ba 9-CAPITAL, sede: CEIP Jaime Vera C\/ \u00c1vila 2, 28020 Madrid. \u00a0 Tfno.: 606 826 802\u00a0\u00a0 Correo electr\u00f3nico: <a href=\"mailto:sae9capital@madrid.org\">sae9capital@madrid.org<\/a><\/li>\n<li>Sede del Servicio de Apoyo a la Escolarizaci\u00f3n Espec\u00edfico (SAEE): C\/ Vitrubio, 2 (5\u00aa planta)<\/li>\n<li>Tel\u00e9fono gratuito de Informaci\u00f3n 012<\/li>\n<li>Obtenci\u00f3n del volante de empadronamiento: En cualquiera de las Juntas, llamando al servicio 010 o por Internet.<\/li>\n<\/ul>\n","protected":false},"excerpt":{"rendered":"<p>Se inicia el plazo de admisi\u00f3n de alumnos para el curso escolar 2026-2027. El plazo de presentaci\u00f3n de solicitudes ser\u00e1\u00a0del 11 al 25 de marzo de 2026, ambas fechas inclusive. Estas son las fechas m\u00e1s relevantes de los distintos pasos del proceso de admisi\u00f3n: \u00a0 \u00a0\u00a0 \u00a0\u00a0 \u00a0 Las solicitudes las pueden recoger en el centro o por internet a trav\u00e9s de la secretar\u00eda virtual de la Comunidad de Madrid.<\/p>\n<p><a class=\"more-link\" href=\"https:\/\/fundaciondoctrinacristiana.es\/madrid\/admision-de-alumnos-2\/\">Leer m\u00e1s<\/a><\/p>\n","protected":false},"author":793,"featured_media":0,"parent":0,"menu_order":0,"comment_status":"closed","ping_status":"closed","template":"","meta":{"footnotes":""},"class_list":["post-2314","page","type-page","status-publish","hentry"],"_links":{"self":[{"href":"https:\/\/fundaciondoctrinacristiana.es\/madrid\/wp-json\/wp\/v2\/pages\/2314","targetHints":{"allow":["GET"]}}],"collection":[{"href":"https:\/\/fundaciondoctrinacristiana.es\/madrid\/wp-json\/wp\/v2\/pages"}],"about":[{"href":"https:\/\/fundaciondoctrinacristiana.es\/madrid\/wp-json\/wp\/v2\/types\/page"}],"author":[{"embeddable":true,"href":"https:\/\/fundaciondoctrinacristiana.es\/madrid\/wp-json\/wp\/v2\/users\/793"}],"replies":[{"embeddable":true,"href":"https:\/\/fundaciondoctrinacristiana.es\/madrid\/wp-json\/wp\/v2\/comments?post=2314"}],"version-history":[{"count":23,"href":"https:\/\/fundaciondoctrinacristiana.es\/madrid\/wp-json\/wp\/v2\/pages\/2314\/revisions"}],"predecessor-version":[{"id":3124,"href":"https:\/\/fundaciondoctrinacristiana.es\/madrid\/wp-json\/wp\/v2\/pages\/2314\/revisions\/3124"}],"wp:attachment":[{"href":"https:\/\/fundaciondoctrinacristiana.es\/madrid\/wp-json\/wp\/v2\/media?parent=2314"}],"curies":[{"name":"wp","href":"https:\/\/api.w.org\/{rel}","templated":true}]}}