{"id":2357,"date":"2024-01-19T13:49:21","date_gmt":"2024-01-19T12:49:21","guid":{"rendered":"https:\/\/fundaciondoctrinacristiana.es\/madrid\/?page_id=2357"},"modified":"2026-01-27T09:27:35","modified_gmt":"2026-01-27T08:27:35","slug":"puerta-abiertas","status":"publish","type":"page","link":"https:\/\/fundaciondoctrinacristiana.es\/madrid\/puerta-abiertas\/","title":{"rendered":"Puerta abiertas"},"content":{"rendered":"<p><span style=\"font-size: 1rem\">Pod\u00e9is visitarnos y conocernos cualquier d\u00eda de la semana, concertando <\/span><strong style=\"font-size: 1rem\">cita previa en el 91 315 81 07.<\/strong><\/p>\n<p>En estas visitas, se conocer\u00e1n las distintas instalaciones del centro, nuestro car\u00e1cter propio, se presentar\u00e1n las principales pr\u00e1cticas pedag\u00f3gicas del centro y se resolver\u00e1n las posibles dudas que las familias quieran plantear.<\/p>\n<p><img fetchpriority=\"high\" decoding=\"async\" class=\"alignnone wp-image-3115\" src=\"https:\/\/fundaciondoctrinacristiana.es\/madrid\/wp-content\/uploads\/sites\/6\/2026\/01\/Puertas-abiertas-724x1024.jpg\" alt=\"\" width=\"500\" height=\"707\" srcset=\"https:\/\/fundaciondoctrinacristiana.es\/madrid\/wp-content\/uploads\/sites\/6\/2026\/01\/Puertas-abiertas-724x1024.jpg 724w, https:\/\/fundaciondoctrinacristiana.es\/madrid\/wp-content\/uploads\/sites\/6\/2026\/01\/Puertas-abiertas-212x300.jpg 212w, https:\/\/fundaciondoctrinacristiana.es\/madrid\/wp-content\/uploads\/sites\/6\/2026\/01\/Puertas-abiertas-768x1086.jpg 768w, https:\/\/fundaciondoctrinacristiana.es\/madrid\/wp-content\/uploads\/sites\/6\/2026\/01\/Puertas-abiertas-1086x1536.jpg 1086w, https:\/\/fundaciondoctrinacristiana.es\/madrid\/wp-content\/uploads\/sites\/6\/2026\/01\/Puertas-abiertas-1448x2048.jpg 1448w, https:\/\/fundaciondoctrinacristiana.es\/madrid\/wp-content\/uploads\/sites\/6\/2026\/01\/Puertas-abiertas-800x1131.jpg 800w, https:\/\/fundaciondoctrinacristiana.es\/madrid\/wp-content\/uploads\/sites\/6\/2026\/01\/Puertas-abiertas-600x849.jpg 600w, https:\/\/fundaciondoctrinacristiana.es\/madrid\/wp-content\/uploads\/sites\/6\/2026\/01\/Puertas-abiertas-scaled.jpg 1810w\" sizes=\"(max-width: 500px) 100vw, 500px\" \/><\/p>\n<p><iframe title=\"Colegio Divino Coraz\u00f3n\" width=\"500\" height=\"281\" src=\"https:\/\/www.youtube.com\/embed\/k-1o6eZpggA?feature=oembed\" frameborder=\"0\" allow=\"accelerometer; autoplay; clipboard-write; encrypted-media; gyroscope; picture-in-picture; web-share\" referrerpolicy=\"strict-origin-when-cross-origin\" allowfullscreen><\/iframe><\/p>\n<p>&nbsp;<\/p>\n","protected":false},"excerpt":{"rendered":"<p>Pod\u00e9is visitarnos y conocernos cualquier d\u00eda de la semana, concertando cita previa en el 91 315 81 07. En estas visitas, se conocer\u00e1n las distintas instalaciones del centro, nuestro car\u00e1cter propio, se presentar\u00e1n las principales pr\u00e1cticas pedag\u00f3gicas del centro y se resolver\u00e1n las posibles dudas que las familias quieran plantear. &nbsp;<\/p>\n","protected":false},"author":793,"featured_media":0,"parent":0,"menu_order":0,"comment_status":"closed","ping_status":"closed","template":"","meta":{"footnotes":""},"class_list":["post-2357","page","type-page","status-publish","hentry"],"_links":{"self":[{"href":"https:\/\/fundaciondoctrinacristiana.es\/madrid\/wp-json\/wp\/v2\/pages\/2357","targetHints":{"allow":["GET"]}}],"collection":[{"href":"https:\/\/fundaciondoctrinacristiana.es\/madrid\/wp-json\/wp\/v2\/pages"}],"about":[{"href":"https:\/\/fundaciondoctrinacristiana.es\/madrid\/wp-json\/wp\/v2\/types\/page"}],"author":[{"embeddable":true,"href":"https:\/\/fundaciondoctrinacristiana.es\/madrid\/wp-json\/wp\/v2\/users\/793"}],"replies":[{"embeddable":true,"href":"https:\/\/fundaciondoctrinacristiana.es\/madrid\/wp-json\/wp\/v2\/comments?post=2357"}],"version-history":[{"count":8,"href":"https:\/\/fundaciondoctrinacristiana.es\/madrid\/wp-json\/wp\/v2\/pages\/2357\/revisions"}],"predecessor-version":[{"id":3116,"href":"https:\/\/fundaciondoctrinacristiana.es\/madrid\/wp-json\/wp\/v2\/pages\/2357\/revisions\/3116"}],"wp:attachment":[{"href":"https:\/\/fundaciondoctrinacristiana.es\/madrid\/wp-json\/wp\/v2\/media?parent=2357"}],"curies":[{"name":"wp","href":"https:\/\/api.w.org\/{rel}","templated":true}]}}