{"id":2965,"date":"2025-03-05T16:09:24","date_gmt":"2025-03-05T15:09:24","guid":{"rendered":"https:\/\/fundaciondoctrinacristiana.es\/madrid\/?page_id=2965"},"modified":"2025-03-19T12:36:07","modified_gmt":"2025-03-19T11:36:07","slug":"2965-2","status":"publish","type":"page","link":"https:\/\/fundaciondoctrinacristiana.es\/madrid\/2965-2\/","title":{"rendered":""},"content":{"rendered":"<p>&nbsp;<\/p>\n<p><a class=\"maxbutton-38 maxbutton maxbutton-oferta-educativa\" href=\"https:\/\/fundaciondoctrinacristiana.es\/madrid\/oferta-educativa\/\"><span class='mb-text'>Oferta educativa<\/span><\/a>\u00a0 \u00a0 <a class=\"maxbutton-39 maxbutton maxbutton-ideario\" href=\"https:\/\/fundaciondoctrinacristiana.es\/madrid\/valores\/\"><span class='mb-text'>Ideario<\/span><\/a>\u00a0 \u00a0 \u00a0<a class=\"maxbutton-41 maxbutton maxbutton-normas\" target=\"_blank\" rel=\"noopener\" href=\"https:\/\/fundaciondoctrinacristiana.es\/madrid\/wp-content\/uploads\/sites\/6\/2025\/03\/Normas-de-organizacion-funcionamiento-y-convivencia.pdf\"><span class='mb-text'>Normas de organizaci\u00f3n<\/span><\/a>\u00a0 \u00a0 \u00a0<a class=\"maxbutton-40 maxbutton maxbutton-programas-y-proyectos\" href=\"https:\/\/fundaciondoctrinacristiana.es\/madrid\/planes-y-proyectos\/\"><span class='mb-text'>Programas y Proyectos<\/span><\/a><\/p>\n<h3><strong>Servicios Complementarios<\/strong><\/h3>\n<ul>\n<li><a href=\"https:\/\/fundaciondoctrinacristiana.es\/madrid\/comedor\/\">Comedor<\/a><\/li>\n<li><a href=\"https:\/\/fundaciondoctrinacristiana.es\/madrid\/primeros-del-cole\/\">Horario ampliado<\/a><\/li>\n<li><a title=\"Extraescolares\" href=\"https:\/\/fundaciondoctrinacristiana.es\/madrid\/extraescolares\/\">Extraescolares<\/a><\/li>\n<li><a href=\"https:\/\/fundaciondoctrinacristiana.es\/madrid\/wp-content\/uploads\/sites\/6\/2025\/03\/Listado-y-precios-actividades-complementarias.docx.pdf\">Listado y precio de los servicios complementarios<\/a><\/li>\n<\/ul>\n<h3>Resultados del Centro en Pruebas Externas<\/h3>\n<ul>\n<li><a href=\"https:\/\/fundaciondoctrinacristiana.es\/madrid\/wp-content\/uploads\/sites\/6\/2025\/03\/Resultados-generales.pdf\" target=\"_blank\" rel=\"noopener\">Resultados generales<\/a><\/li>\n<li><a href=\"https:\/\/fundaciondoctrinacristiana.es\/madrid\/wp-content\/uploads\/sites\/6\/2025\/03\/Resultados-por-areas.pdf\" target=\"_blank\" rel=\"noopener\">Resultados por \u00c1reas<\/a><\/li>\n<li><a href=\"https:\/\/fundaciondoctrinacristiana.es\/madrid\/wp-content\/uploads\/sites\/6\/2025\/03\/Graficos.pdf\" target=\"_blank\" rel=\"noopener\">Gr\u00e1ficos<\/a><\/li>\n<\/ul>\n<h3><strong>Tel\u00e9fonos y Correos de Contacto<\/strong><\/h3>\n<ul>\n<li>91 315 81 07<\/li>\n<li>direccion@doctrinacristianamadrid.es<\/li>\n<li>secretaria@doctrinacristianamadrid.es<\/li>\n<\/ul>\n","protected":false},"excerpt":{"rendered":"<p>&nbsp; \u00a0 \u00a0 \u00a0 \u00a0 \u00a0\u00a0 \u00a0 \u00a0 Servicios Complementarios Comedor Horario ampliado Extraescolares Listado y precio de los servicios complementarios Resultados del Centro en Pruebas Externas Resultados generales Resultados por \u00c1reas Gr\u00e1ficos Tel\u00e9fonos y Correos de Contacto 91 315 81 07 direccion@doctrinacristianamadrid.es secretaria@doctrinacristianamadrid.es<\/p>\n","protected":false},"author":793,"featured_media":0,"parent":0,"menu_order":0,"comment_status":"closed","ping_status":"closed","template":"","meta":{"footnotes":""},"class_list":["post-2965","page","type-page","status-publish","hentry"],"_links":{"self":[{"href":"https:\/\/fundaciondoctrinacristiana.es\/madrid\/wp-json\/wp\/v2\/pages\/2965","targetHints":{"allow":["GET"]}}],"collection":[{"href":"https:\/\/fundaciondoctrinacristiana.es\/madrid\/wp-json\/wp\/v2\/pages"}],"about":[{"href":"https:\/\/fundaciondoctrinacristiana.es\/madrid\/wp-json\/wp\/v2\/types\/page"}],"author":[{"embeddable":true,"href":"https:\/\/fundaciondoctrinacristiana.es\/madrid\/wp-json\/wp\/v2\/users\/793"}],"replies":[{"embeddable":true,"href":"https:\/\/fundaciondoctrinacristiana.es\/madrid\/wp-json\/wp\/v2\/comments?post=2965"}],"version-history":[{"count":17,"href":"https:\/\/fundaciondoctrinacristiana.es\/madrid\/wp-json\/wp\/v2\/pages\/2965\/revisions"}],"predecessor-version":[{"id":3011,"href":"https:\/\/fundaciondoctrinacristiana.es\/madrid\/wp-json\/wp\/v2\/pages\/2965\/revisions\/3011"}],"wp:attachment":[{"href":"https:\/\/fundaciondoctrinacristiana.es\/madrid\/wp-json\/wp\/v2\/media?parent=2965"}],"curies":[{"name":"wp","href":"https:\/\/api.w.org\/{rel}","templated":true}]}}