{"id":778,"date":"2021-02-27T21:26:47","date_gmt":"2021-02-27T21:26:47","guid":{"rendered":"https:\/\/fundaciondoctrinacristiana.es\/madrid\/?page_id=778"},"modified":"2023-09-20T17:41:13","modified_gmt":"2023-09-20T15:41:13","slug":"pastoral","status":"publish","type":"page","link":"https:\/\/fundaciondoctrinacristiana.es\/madrid\/pastoral\/","title":{"rendered":"Pastoral"},"content":{"rendered":"\r\n<p>Desde la pastoral del colegio pretendemos proponer, educar y acompa\u00f1ar la experiencia religiosa cristiana abarcando todas las dimensiones de la persona. Adem\u00e1s queremos motivar, dinamizar y acompa\u00f1ar a los alumnos, \u00a0en las actividades y en la misi\u00f3n, visi\u00f3n y valores de la Fundaci\u00f3n Educativa Doctrina Cristiana y\u00a0 propiciar en la comunidad educativa un clima que favorezca entre sus miembros la experiencia personal y comunitaria de Dios.<\/p>\r\n\r\n\r\n\r\n<p>Llevamos a cabo actividades durante todo el a\u00f1o en torno a:<\/p>\r\n\r\n\r\n\r\n<ul class=\"wp-block-list\">\r\n<li>Los Fundadores de la Congregaci\u00f3n<\/li>\r\n<li>Campa\u00f1as Solidarias<\/li>\r\n<li>Tiempos lit\u00fargicos<\/li>\r\n<li>Pastoral Institucional<\/li>\r\n<\/ul>\r\n\r\n\r\n\r\n\r\n\r\n<figure class=\"wp-block-gallery-1 is-layout-flex wp-block-gallery-is-layout-flex\"><img fetchpriority=\"high\" decoding=\"async\" class=\"aligncenter size-full wp-image-364\" src=\"https:\/\/fundaciondoctrinacristiana.es\/madrid\/wp-content\/uploads\/sites\/6\/2019\/01\/fundadores.jpg\" alt=\"\" width=\"229\" height=\"241\" srcset=\"https:\/\/fundaciondoctrinacristiana.es\/madrid\/wp-content\/uploads\/sites\/6\/2019\/01\/fundadores.jpg 229w, https:\/\/fundaciondoctrinacristiana.es\/madrid\/wp-content\/uploads\/sites\/6\/2019\/01\/fundadores-50x52.jpg 50w\" sizes=\"(max-width: 229px) 100vw, 229px\" \/><img decoding=\"async\" width=\"218\" height=\"304\" class=\"wp-image-363\" src=\"http:\/\/34.90.36.159\/wp-content\/uploads\/sites\/3\/2019\/01\/padre-francisco.png\" alt=\"\" data-id=\"363\" data-link=\"http:\/\/34.90.36.159\/pastoral\/padre-francisco\/\" srcset=\"https:\/\/fundaciondoctrinacristiana.es\/madrid\/wp-content\/uploads\/sites\/6\/2019\/01\/padre-francisco.png 218w, https:\/\/fundaciondoctrinacristiana.es\/madrid\/wp-content\/uploads\/sites\/6\/2019\/01\/padre-francisco-215x300.png 215w\" sizes=\"(max-width: 218px) 100vw, 218px\" \/><\/figure>\r\n\r\n\r\n\r\n<p>Nuestro centro es un centro cat\u00f3lico perteneciente a la Fundaci\u00f3n Educativa Doctrina Cristiana, regentada por las Misioneras de la Doctrina Cristiana, congregaci\u00f3n de car\u00e1cter filipense perteneciente a las Hermanas Misioneras de la Doctrina Cristiana, cuyos fundadores son el <em>Padre Francisco Garc\u00eda Tejero<\/em> y la <em>Madre Mercedes Trullas y Soler<\/em>.<\/p>\r\n\r\n\r\n\r\n<p>La esencia de nuestro carisma son la alegr\u00eda, la sencillez y la gratuidad, la libertad de los hijos de Dios, el esp\u00edritu de familia de sacrificio y entrega, as\u00ed como la opci\u00f3n por los m\u00e1s desfavorecidos son nuestra se\u00f1a de identidad.<\/p>\r\n\r\n\r\n\r\n<p>Por ello, adem\u00e1s del Departamento Funcional de pastoral en el centro que coordina las actividades como la apertura de curso (24 de septiembre, D\u00eda de las Mercedes), el d\u00eda del fundador (11 de mayo, nacimiento del Padre Tejero), los tiempos lit\u00fargicos, etc., hay diversas actividades que requerir\u00e1n de tu implicaci\u00f3n y compromiso como la participaci\u00f3n activa en las Convivencias Pastorales, celebraci\u00f3n del mi\u00e9rcoles de ceniza y reflexi\u00f3n de la ma\u00f1ana.<\/p>\r\n\r\n\r\n\r\n<p>Gracias al esp\u00edritu de nuestra fundaci\u00f3n, los profesores del Divino Coraz\u00f3n <em>\u201cconf\u00edan plenamente en las posibilidades y potencialidades de las personas, de los grupos y de las experiencias relacionales con un profundo sentido de la esperanza. Se entregan a su tarea con esp\u00edritu de servicio, alegr\u00eda, gratuidad, configurando una relaci\u00f3n educativa cercana y abierta a todos los miembros de la Comunidad educativa. Se comprometen en un proceso de formaci\u00f3n permanente que le haga crecer en la creatividad, en la actualizaci\u00f3n constante para la optimizaci\u00f3n de su tarea educadora.\u00a0 Se valen de los procesos de evaluaci\u00f3n para la mejora continua del desarrollo profesional. Trabajan en un equipo enriqueciendo una respuesta educativa interdisciplinar, facilitando procesos constructivos y sabi\u00e9ndose adaptar a los distintos ritmos y niveles de sus alumnos y de las familias. Su testimonio es un reflejo cotidiano de los valores y la formaci\u00f3n que el centro quiere transmitir. Asume su papel de agente de evangelizaci\u00f3n con la peculiaridad del Carisma Congregacional, haciendo de su labor educativa una contribuci\u00f3n concreta a la realizaci\u00f3n del Reino de Dios\u201d<\/em> (Literal del Car\u00e1cter Propio)<\/p>\r\n\r\n\r\n\r\n<p>Adem\u00e1s, una vez al mes (el \u00faltimo jueves de cada mes) algunos chavales a partir de quinto de primaria se juntan en torno al Grupo Semillas, que es un crecimiento en la fe de nuestro carisma. Estos grupos son voluntarios para los alumnos y est\u00e1n coordinados y apoyados por el claustro de profesores. Una vez al a\u00f1o, alg\u00fan grupo viaja a Sevilla al encuentro con otros colegios de la fundaci\u00f3n y en verano los m\u00e1s veteranos realizan el Camino de Santiago.<\/p>\r\n\r\n\r\n\r\n<div class=\"wp-block-image\">\r\n<figure class=\"aligncenter\"><img decoding=\"async\" width=\"229\" height=\"241\" class=\"wp-image-364\" src=\"http:\/\/34.90.36.159\/wp-content\/uploads\/sites\/3\/2019\/01\/fundadores.jpg\" alt=\"\" srcset=\"https:\/\/fundaciondoctrinacristiana.es\/madrid\/wp-content\/uploads\/sites\/6\/2019\/01\/fundadores.jpg 229w, https:\/\/fundaciondoctrinacristiana.es\/madrid\/wp-content\/uploads\/sites\/6\/2019\/01\/fundadores-50x52.jpg 50w\" sizes=\"(max-width: 229px) 100vw, 229px\" \/><\/figure>\r\n<\/div>\r\n\r\n\r\n\r\n<h4 class=\"wp-block-heading\">Campa\u00f1as Solidarias<\/h4>\r\n\r\n\r\n\r\n<ul class=\"wp-block-gallery alignright columns-3 is-cropped wp-block-gallery-2 is-layout-flex wp-block-gallery-is-layout-flex\">\r\n<li style=\"list-style-type: none\">\r\n<ul class=\"wp-block-gallery alignright columns-3 is-cropped\">\r\n<li class=\"blocks-gallery-item\">\r\n<figure><img loading=\"lazy\" decoding=\"async\" width=\"233\" height=\"233\" class=\"wp-image-365\" src=\"http:\/\/34.90.36.159\/wp-content\/uploads\/sites\/3\/2019\/01\/domund.png\" alt=\"\" data-id=\"365\" data-link=\"http:\/\/34.90.36.159\/pastoral\/domund\/\" srcset=\"https:\/\/fundaciondoctrinacristiana.es\/madrid\/wp-content\/uploads\/sites\/6\/2019\/01\/domund.png 233w, https:\/\/fundaciondoctrinacristiana.es\/madrid\/wp-content\/uploads\/sites\/6\/2019\/01\/domund-150x150.png 150w\" sizes=\"(max-width: 233px) 100vw, 233px\" \/><\/figure>\r\n<img loading=\"lazy\" decoding=\"async\" class=\"size-full wp-image-365 aligncenter\" style=\"margin-top: 0.857143rem;margin-bottom: 0.857143rem\" src=\"https:\/\/fundaciondoctrinacristiana.es\/madrid\/wp-content\/uploads\/sites\/6\/2019\/01\/domund.png\" alt=\"\" width=\"233\" height=\"233\" srcset=\"https:\/\/fundaciondoctrinacristiana.es\/madrid\/wp-content\/uploads\/sites\/6\/2019\/01\/domund.png 233w, https:\/\/fundaciondoctrinacristiana.es\/madrid\/wp-content\/uploads\/sites\/6\/2019\/01\/domund-150x150.png 150w\" sizes=\"(max-width: 233px) 100vw, 233px\" \/><\/li>\r\n<\/ul>\r\n<\/li>\r\n<\/ul>\r\n<p>&nbsp;<\/p>\r\n<ul class=\"wp-block-gallery alignright columns-3 is-cropped\">\r\n<li class=\"blocks-gallery-item\">\r\n<figure><img loading=\"lazy\" decoding=\"async\" width=\"255\" height=\"247\" class=\"wp-image-366\" src=\"http:\/\/34.90.36.159\/wp-content\/uploads\/sites\/3\/2019\/01\/kilo.png\" alt=\"\" data-id=\"366\" data-link=\"http:\/\/34.90.36.159\/pastoral\/kilo\/\" \/><img loading=\"lazy\" decoding=\"async\" class=\"aligncenter size-full wp-image-366\" src=\"https:\/\/fundaciondoctrinacristiana.es\/madrid\/wp-content\/uploads\/sites\/6\/2019\/01\/kilo.png\" alt=\"\" width=\"255\" height=\"247\" \/><\/figure>\r\n<\/li>\r\n<li class=\"blocks-gallery-item\">\r\n<figure><img loading=\"lazy\" decoding=\"async\" width=\"264\" height=\"192\" class=\"wp-image-367\" src=\"http:\/\/34.90.36.159\/wp-content\/uploads\/sites\/3\/2019\/01\/manos-unidas.jpg\" alt=\"\" data-id=\"367\" data-link=\"http:\/\/34.90.36.159\/pastoral\/manos-unidas\/\" \/><img loading=\"lazy\" decoding=\"async\" class=\"aligncenter size-full wp-image-367\" src=\"https:\/\/fundaciondoctrinacristiana.es\/madrid\/wp-content\/uploads\/sites\/6\/2019\/01\/manos-unidas.jpg\" alt=\"\" width=\"264\" height=\"192\" \/><\/figure>\r\n<\/li>\r\n<\/ul>\r\n\r\n\r\n\r\n<p>Desde el departamento de pastoral se organizan tres campa\u00f1as solidarias al a\u00f1o.<\/p>\r\n\r\n\r\n\r\n<p>En el mes de octubre participamos en el \u201cDomund\u201d, porque nos sentimos parte de la iglesia y valoramos la tarea que los misioneros llevan a cabo en todos los lugares del mundo.<\/p>\r\n\r\n\r\n\r\n<p>En Diciembre y coincidiendo con la navidad desde el colegio organizamos la \u201coperaci\u00f3n Kilo\u201d,\u00a0 en la que\u00a0 recoger alimentos para llevar a la \u201cOrden de Malta\u201d, es un momento de conocer las realidades sociales que existen en nuestro entorno.<\/p>\r\n\r\n\r\n\r\n<p>A lo largo del mes de febrero\u00a0 organizamos otro momento solidario colaborando con la ONG Manos Unidas \u201cCampa\u00f1a contra el hambre\u201d,<\/p>\r\n\r\n\r\n\r\n<div class=\"wp-block-cover has-background-dim aligncenter is-layout-flow wp-block-cover-is-layout-flow\" style=\"background-image: url('http:\/\/34.90.36.159\/wp-content\/uploads\/sites\/3\/2019\/01\/tiempos-liturgicos-1.jpg');background-color: #1978a0\">\r\n<p class=\"wp-block-cover-text\"><strong><em>Tiempos lit\u00fargicos<\/em><\/strong><\/p>\r\n<\/div>\r\n\r\n\r\n\r\n<p><strong>ADVIENTO<\/strong><\/p>\r\n\r\n\r\n\r\n<p>En el tiempo de Adviento nos preparamos para esperar el nacimiento de Jes\u00fas. \u00c9l es la estrella que nos ilumina, nos orienta y da sentido a nuestra vida. Cada a\u00f1o trabajamos durante las cuatro semanas distintos valores para llenar nuestras vidas de alegr\u00eda en este camino a la Navidad.<\/p>\r\n\r\n\r\n\r\n<p>Celebramos todos juntos en el patio la Navidad con una celebraci\u00f3n donde compartimos la alegr\u00eda del nacimiento de Jes\u00fas.<\/p>\r\n\r\n\r\n\r\n<div class=\"wp-block-image\"><img loading=\"lazy\" decoding=\"async\" class=\"aligncenter size-medium wp-image-370\" src=\"https:\/\/fundaciondoctrinacristiana.es\/madrid\/wp-content\/uploads\/sites\/6\/2019\/01\/pastoral1-300x188.jpg\" alt=\"\" width=\"300\" height=\"188\" srcset=\"https:\/\/fundaciondoctrinacristiana.es\/madrid\/wp-content\/uploads\/sites\/6\/2019\/01\/pastoral1-300x188.jpg 300w, https:\/\/fundaciondoctrinacristiana.es\/madrid\/wp-content\/uploads\/sites\/6\/2019\/01\/pastoral1-320x202.jpg 320w, https:\/\/fundaciondoctrinacristiana.es\/madrid\/wp-content\/uploads\/sites\/6\/2019\/01\/pastoral1.jpg 499w\" sizes=\"(max-width: 300px) 100vw, 300px\" \/><\/div>\r\n\r\n\r\n\r\n<div class=\"wp-block-image\">\r\n<figure class=\"aligncenter is-resized\"><img loading=\"lazy\" decoding=\"async\" class=\"aligncenter size-full wp-image-371\" src=\"https:\/\/fundaciondoctrinacristiana.es\/madrid\/wp-content\/uploads\/sites\/6\/2019\/01\/pastoral2.jpg\" alt=\"\" width=\"258\" height=\"268\" srcset=\"https:\/\/fundaciondoctrinacristiana.es\/madrid\/wp-content\/uploads\/sites\/6\/2019\/01\/pastoral2.jpg 258w, https:\/\/fundaciondoctrinacristiana.es\/madrid\/wp-content\/uploads\/sites\/6\/2019\/01\/pastoral2-50x52.jpg 50w\" sizes=\"(max-width: 258px) 100vw, 258px\" \/><\/figure>\r\n<\/div>\r\n\r\n\r\n\r\n<p><strong>NAVIDAD<\/strong><\/p>\r\n\r\n\r\n\r\n<p>Durante una semana trabajamos sobre la \u201cPaz y la no violencia\u201d intentando transmitir que debemos cambiar el mundo empezando por nuestros peque\u00f1os gestos de cada d\u00eda. Y con esta celebraci\u00f3n contribuimos a que nuestro colegio se convierta en un instrumento de Paz y de entendimiento entre personas de distinta raza, cultura y religi\u00f3n.<\/p>\r\n\r\n\r\n\r\n<p><strong>D\u00cdA DE LA PAZ<\/strong><\/p>\r\n\r\n\r\n\r\n<div class=\"wp-block-image\"><img loading=\"lazy\" decoding=\"async\" class=\"size-medium wp-image-374 alignleft\" src=\"https:\/\/fundaciondoctrinacristiana.es\/madrid\/wp-content\/uploads\/sites\/6\/2019\/01\/pastoral3-300x201.jpg\" alt=\"\" width=\"300\" height=\"201\" srcset=\"https:\/\/fundaciondoctrinacristiana.es\/madrid\/wp-content\/uploads\/sites\/6\/2019\/01\/pastoral3-300x201.jpg 300w, https:\/\/fundaciondoctrinacristiana.es\/madrid\/wp-content\/uploads\/sites\/6\/2019\/01\/pastoral3.jpg 396w\" sizes=\"(max-width: 300px) 100vw, 300px\" \/><\/div>\r\n\r\n\r\n\r\n<p>&nbsp;<\/p>\r\n\r\n\r\n\r\n<p>Durante una semana trabajamos sobre la \u201cPaz y la no violencia\u201d intentando transmitir que debemos cambiar el mundo empezando por nuestros peque\u00f1os gestos de cada d\u00eda. Y con esta celebraci\u00f3n contribuimos a que nuestro colegio se convierta en un instrumento de Paz y de entendimiento entre personas de distinta raza, cultura y religi\u00f3n.<\/p>\r\n\r\n\r\n\r\n<p><strong>CUARESMA<\/strong><\/p>\r\n\r\n\r\n\r\n<p>La Cuaresma es un tiempo de paso, de esperanza, de reflexi\u00f3n y de camino hacia un punto culminante, Jes\u00fas. La comenzamos con la imposici\u00f3n de la ceniza como el inicio del camino hacia la Pascua.<\/p>\r\n\r\n\r\n\r\n<figure class=\"wp-block-gallery-3 is-layout-flex wp-block-gallery-is-layout-flex\"><img loading=\"lazy\" decoding=\"async\" class=\"aligncenter size-medium wp-image-376\" src=\"https:\/\/fundaciondoctrinacristiana.es\/madrid\/wp-content\/uploads\/sites\/6\/2019\/01\/pastoral4-300x156.jpg\" alt=\"\" width=\"300\" height=\"156\" srcset=\"https:\/\/fundaciondoctrinacristiana.es\/madrid\/wp-content\/uploads\/sites\/6\/2019\/01\/pastoral4-300x156.jpg 300w, https:\/\/fundaciondoctrinacristiana.es\/madrid\/wp-content\/uploads\/sites\/6\/2019\/01\/pastoral4.jpg 397w\" sizes=\"(max-width: 300px) 100vw, 300px\" \/><img loading=\"lazy\" decoding=\"async\" width=\"397\" height=\"206\" class=\"wp-image-376\" src=\"http:\/\/34.90.36.159\/wp-content\/uploads\/sites\/3\/2019\/01\/pastoral4.jpg\" alt=\"\" data-id=\"376\" data-link=\"http:\/\/34.90.36.159\/pastoral\/pastoral4\/\" srcset=\"https:\/\/fundaciondoctrinacristiana.es\/madrid\/wp-content\/uploads\/sites\/6\/2019\/01\/pastoral4.jpg 397w, https:\/\/fundaciondoctrinacristiana.es\/madrid\/wp-content\/uploads\/sites\/6\/2019\/01\/pastoral4-300x156.jpg 300w\" sizes=\"(max-width: 397px) 100vw, 397px\" \/><\/figure>\r\n\r\n\r\n\r\n<p style=\"text-align: left\"><strong>PASCUA<\/strong><img loading=\"lazy\" decoding=\"async\" width=\"406\" height=\"306\" class=\"wp-image-377\" src=\"http:\/\/34.90.36.159\/wp-content\/uploads\/sites\/3\/2019\/01\/pastoral5.jpg\" alt=\"\" data-id=\"377\" data-link=\"http:\/\/34.90.36.159\/pastoral\/pastoral5\/\" srcset=\"https:\/\/fundaciondoctrinacristiana.es\/madrid\/wp-content\/uploads\/sites\/6\/2019\/01\/pastoral5.jpg 406w, https:\/\/fundaciondoctrinacristiana.es\/madrid\/wp-content\/uploads\/sites\/6\/2019\/01\/pastoral5-300x226.jpg 300w, https:\/\/fundaciondoctrinacristiana.es\/madrid\/wp-content\/uploads\/sites\/6\/2019\/01\/pastoral5-400x300.jpg 400w\" sizes=\"(max-width: 406px) 100vw, 406px\" \/><\/p>\r\n\r\n\r\n\r\n\r\n\r\n<p><img loading=\"lazy\" decoding=\"async\" class=\"size-medium wp-image-377 alignleft\" src=\"https:\/\/fundaciondoctrinacristiana.es\/madrid\/wp-content\/uploads\/sites\/6\/2019\/01\/pastoral5-300x226.jpg\" alt=\"\" width=\"300\" height=\"226\" srcset=\"https:\/\/fundaciondoctrinacristiana.es\/madrid\/wp-content\/uploads\/sites\/6\/2019\/01\/pastoral5-300x226.jpg 300w, https:\/\/fundaciondoctrinacristiana.es\/madrid\/wp-content\/uploads\/sites\/6\/2019\/01\/pastoral5-400x300.jpg 400w, https:\/\/fundaciondoctrinacristiana.es\/madrid\/wp-content\/uploads\/sites\/6\/2019\/01\/pastoral5.jpg 406w\" sizes=\"(max-width: 300px) 100vw, 300px\" \/>La Pascua es la fiesta m\u00e1s gozosa y la celebramos con una convivencia en el campo, donde compartimos todo con los compa\u00f1eros: los juegos, la comida, actividades en grupo que nos hacen reflexionar y marcarnos objetivos para nuestra vida.<\/p>","protected":false},"excerpt":{"rendered":"<p>Desde la pastoral del colegio pretendemos proponer, educar y acompa\u00f1ar la experiencia religiosa cristiana abarcando todas las dimensiones de la persona. Adem\u00e1s queremos motivar, dinamizar y acompa\u00f1ar a los alumnos, \u00a0en las actividades y en la misi\u00f3n, visi\u00f3n y valores de la Fundaci\u00f3n Educativa Doctrina Cristiana y\u00a0 propiciar en la comunidad educativa un clima que favorezca entre sus miembros la experiencia personal y comunitaria de Dios. Llevamos a cabo actividades<\/p>\n<p><a class=\"more-link\" href=\"https:\/\/fundaciondoctrinacristiana.es\/madrid\/pastoral\/\">Leer m\u00e1s<\/a><\/p>\n","protected":false},"author":1,"featured_media":0,"parent":0,"menu_order":0,"comment_status":"closed","ping_status":"closed","template":"","meta":{"footnotes":""},"class_list":["post-778","page","type-page","status-publish","hentry"],"_links":{"self":[{"href":"https:\/\/fundaciondoctrinacristiana.es\/madrid\/wp-json\/wp\/v2\/pages\/778","targetHints":{"allow":["GET"]}}],"collection":[{"href":"https:\/\/fundaciondoctrinacristiana.es\/madrid\/wp-json\/wp\/v2\/pages"}],"about":[{"href":"https:\/\/fundaciondoctrinacristiana.es\/madrid\/wp-json\/wp\/v2\/types\/page"}],"author":[{"embeddable":true,"href":"https:\/\/fundaciondoctrinacristiana.es\/madrid\/wp-json\/wp\/v2\/users\/1"}],"replies":[{"embeddable":true,"href":"https:\/\/fundaciondoctrinacristiana.es\/madrid\/wp-json\/wp\/v2\/comments?post=778"}],"version-history":[{"count":2,"href":"https:\/\/fundaciondoctrinacristiana.es\/madrid\/wp-json\/wp\/v2\/pages\/778\/revisions"}],"predecessor-version":[{"id":2025,"href":"https:\/\/fundaciondoctrinacristiana.es\/madrid\/wp-json\/wp\/v2\/pages\/778\/revisions\/2025"}],"wp:attachment":[{"href":"https:\/\/fundaciondoctrinacristiana.es\/madrid\/wp-json\/wp\/v2\/media?parent=778"}],"curies":[{"name":"wp","href":"https:\/\/api.w.org\/{rel}","templated":true}]}}