{"id":780,"date":"2021-02-27T21:27:44","date_gmt":"2021-02-27T21:27:44","guid":{"rendered":"https:\/\/fundaciondoctrinacristiana.es\/madrid\/?page_id=780"},"modified":"2023-11-28T15:41:43","modified_gmt":"2023-11-28T14:41:43","slug":"tic","status":"publish","type":"page","link":"https:\/\/fundaciondoctrinacristiana.es\/madrid\/tic\/","title":{"rendered":"Comunicaci\u00f3n"},"content":{"rendered":"<p>Para facilitar la motivaci\u00f3n y la implicaci\u00f3n de los alumnos, el colegio cuenta con <strong>pizarras digi<img fetchpriority=\"high\" decoding=\"async\" class=\"size-medium wp-image-272 alignright\" src=\"https:\/\/fundaciondoctrinacristiana.es\/madrid\/wp-content\/uploads\/sites\/6\/2018\/12\/computer-506756_1920-300x200.jpg\" alt=\"\" width=\"300\" height=\"200\" srcset=\"https:\/\/fundaciondoctrinacristiana.es\/madrid\/wp-content\/uploads\/sites\/6\/2018\/12\/computer-506756_1920-300x200.jpg 300w, https:\/\/fundaciondoctrinacristiana.es\/madrid\/wp-content\/uploads\/sites\/6\/2018\/12\/computer-506756_1920-1024x683.jpg 1024w, https:\/\/fundaciondoctrinacristiana.es\/madrid\/wp-content\/uploads\/sites\/6\/2018\/12\/computer-506756_1920-768x512.jpg 768w, https:\/\/fundaciondoctrinacristiana.es\/madrid\/wp-content\/uploads\/sites\/6\/2018\/12\/computer-506756_1920-1536x1024.jpg 1536w, https:\/\/fundaciondoctrinacristiana.es\/madrid\/wp-content\/uploads\/sites\/6\/2018\/12\/computer-506756_1920-800x533.jpg 800w, https:\/\/fundaciondoctrinacristiana.es\/madrid\/wp-content\/uploads\/sites\/6\/2018\/12\/computer-506756_1920.jpg 1920w\" sizes=\"(max-width: 300px) 100vw, 300px\" \/><\/strong><span style=\"font-size: 1rem\"><strong>tales<\/strong> e<\/span><span style=\"font-size: 1rem\">n la mayor parte de las aulas de infantil y primaria, as\u00ed como en el Laboratorio.\u00a0<\/span>El resto de las aulas, incluyendo las de Secundaria (ESO), dispone de proyector y de ordenador, conectado con la se\u00f1al Wifi disponible en todo el edificio.<\/p>\n<p><span style=\"font-size: 1rem\">Tambi\u00e9n dispone de dos <strong>Aulas de Inform\u00e1tica, <\/strong>en las que los alumnos realizan pr\u00e1cticas de las distintas asignaturas.<\/span><\/p>\n<p>Por otra parte, todos los alumnos cuentan con una direcci\u00f3n de correo electr\u00f3nico propia del colegio, que facilita el contacto profesional entre profesores y alumnos. El usuario de correo adem\u00e1s permite el acceso a la plataforma de trabajo colaborativo <strong>Google for Education.<\/strong><\/p>\n<p>Es el <strong>departamento de comunicaci\u00f3n <\/strong>quien gestiona todos los recursos relacionados con la tecnolog\u00eda, inform\u00e1tica y necesidades de comunicaci\u00f3n.<\/p>\n<p>&nbsp;<\/p>\n","protected":false},"excerpt":{"rendered":"<p>Para facilitar la motivaci\u00f3n y la implicaci\u00f3n de los alumnos, el colegio cuenta con pizarras digitales en la mayor parte de las aulas de infantil y primaria, as\u00ed como en el Laboratorio.\u00a0El resto de las aulas, incluyendo las de Secundaria (ESO), dispone de proyector y de ordenador, conectado con la se\u00f1al Wifi disponible en todo el edificio. Tambi\u00e9n dispone de dos Aulas de Inform\u00e1tica, en las que los alumnos realizan<\/p>\n<p><a class=\"more-link\" href=\"https:\/\/fundaciondoctrinacristiana.es\/madrid\/tic\/\">Leer m\u00e1s<\/a><\/p>\n","protected":false},"author":1,"featured_media":0,"parent":0,"menu_order":0,"comment_status":"closed","ping_status":"closed","template":"","meta":{"footnotes":""},"class_list":["post-780","page","type-page","status-publish","hentry"],"_links":{"self":[{"href":"https:\/\/fundaciondoctrinacristiana.es\/madrid\/wp-json\/wp\/v2\/pages\/780","targetHints":{"allow":["GET"]}}],"collection":[{"href":"https:\/\/fundaciondoctrinacristiana.es\/madrid\/wp-json\/wp\/v2\/pages"}],"about":[{"href":"https:\/\/fundaciondoctrinacristiana.es\/madrid\/wp-json\/wp\/v2\/types\/page"}],"author":[{"embeddable":true,"href":"https:\/\/fundaciondoctrinacristiana.es\/madrid\/wp-json\/wp\/v2\/users\/1"}],"replies":[{"embeddable":true,"href":"https:\/\/fundaciondoctrinacristiana.es\/madrid\/wp-json\/wp\/v2\/comments?post=780"}],"version-history":[{"count":1,"href":"https:\/\/fundaciondoctrinacristiana.es\/madrid\/wp-json\/wp\/v2\/pages\/780\/revisions"}],"predecessor-version":[{"id":2126,"href":"https:\/\/fundaciondoctrinacristiana.es\/madrid\/wp-json\/wp\/v2\/pages\/780\/revisions\/2126"}],"wp:attachment":[{"href":"https:\/\/fundaciondoctrinacristiana.es\/madrid\/wp-json\/wp\/v2\/media?parent=780"}],"curies":[{"name":"wp","href":"https:\/\/api.w.org\/{rel}","templated":true}]}}