{"id":819,"date":"2021-02-28T11:52:12","date_gmt":"2021-02-28T11:52:12","guid":{"rendered":"https:\/\/fundaciondoctrinacristiana.es\/madrid\/?page_id=819"},"modified":"2024-01-15T10:44:36","modified_gmt":"2024-01-15T09:44:36","slug":"idiomas","status":"publish","type":"page","link":"https:\/\/fundaciondoctrinacristiana.es\/madrid\/idiomas\/","title":{"rendered":"Humanidades"},"content":{"rendered":"<p>Dada la importancia de la lengua inglesa en la sociedad actual, desde el centro apostamos por el aprendizaje de la lengua extranjera como herramienta fundamental para la educaci\u00f3n integral del alumnado.<\/p>\n<p>En la etapa de <strong>Educaci\u00f3n Infantil<\/strong> se imparte una sesi\u00f3n diaria de ingl\u00e9s distribuidas de la siguiente manera: tres sesiones semanales son utilizadas para el aprendizaje de la fon\u00e9tica a trav\u00e9s del proyecto propio de centro basado en metodolog\u00edas activas y las dos sesiones restantes son destinadas a psicomotricidad.<\/p>\n<p><img decoding=\"async\" class=\"aligncenter size-full wp-image-820\" src=\"https:\/\/fundaciondoctrinacristiana.es\/madrid\/wp-content\/uploads\/sites\/6\/2021\/02\/IMG_7835-min-150x150-1.jpg\" alt=\"\" width=\"150\" height=\"150\" \/> <img decoding=\"async\" class=\"aligncenter size-full wp-image-821\" src=\"https:\/\/fundaciondoctrinacristiana.es\/madrid\/wp-content\/uploads\/sites\/6\/2021\/02\/IMG-20190308-WA0013-min-150x150-1.jpeg\" alt=\"\" width=\"150\" height=\"150\" \/><\/p>\n<p>Teniendo en cuenta la importancia del juego en esta etapa, las clases se basan en estos as\u00ed como en actividades l\u00fadicas \u2013 a trav\u00e9s del uso de canciones y expresi\u00f3n corporal -, que, principalmente, buscan la expresi\u00f3n oral de los alumnos en este idioma a la par que van adquiriendo y reconociendo nuevo vocabulario.<\/p>\n<p>En <strong>Educaci\u00f3n Primaria<\/strong> contamos con cinco sesiones semanales de ense\u00f1anza de la lengua inglesa y una sesi\u00f3n de Arts and Crafts, donde los alumnos descubren la expresi\u00f3n art\u00edstica a trav\u00e9s de este idioma. \u00a0De esta manera, pretendemos que los estudiantes puedan experimentar de primera mano la lengua en otro contexto distinto al de las clases habituales para facilitar la extrapolaci\u00f3n de sus conocimientos a diversas situaciones de su d\u00eda a d\u00eda.<\/p>\n<p><img fetchpriority=\"high\" decoding=\"async\" class=\"aligncenter size-medium wp-image-822\" style=\"margin-top: 0.857143rem;margin-bottom: 0.857143rem\" src=\"https:\/\/fundaciondoctrinacristiana.es\/madrid\/wp-content\/uploads\/sites\/6\/2021\/02\/1543161216929-min-300x300-1-300x300.jpg\" alt=\"\" width=\"300\" height=\"300\" srcset=\"https:\/\/fundaciondoctrinacristiana.es\/madrid\/wp-content\/uploads\/sites\/6\/2021\/02\/1543161216929-min-300x300-1.jpg 300w, https:\/\/fundaciondoctrinacristiana.es\/madrid\/wp-content\/uploads\/sites\/6\/2021\/02\/1543161216929-min-300x300-1-150x150.jpg 150w, https:\/\/fundaciondoctrinacristiana.es\/madrid\/wp-content\/uploads\/sites\/6\/2021\/02\/1543161216929-min-300x300-1-250x250.jpg 250w\" sizes=\"(max-width: 300px) 100vw, 300px\" \/><\/p>\n<p>&nbsp;<\/p>\n<p>En dos de las cinco dichas sesiones semanales de ingl\u00e9s se realizan desdobles: los alumnos son agrupados por nivel de competencia y habilidades, dentro de su mismo curso. Los contenidos a trabajar ser\u00e1n los mismos, estipulados por el curso en el que se encuentran. Esta medida est\u00e1 destinada a apoyar a aquellos alumnos que suelen encontrar m\u00e1s dificultades y a potenciar la capacidad de los que asimilan la lengua con m\u00e1s facilidad. El objetivo final es reducir las diferencias de niveles que pueden encontrarse entre los estudiantes y atender de manera m\u00e1s individual sus necesidades.<\/p>\n<p><img loading=\"lazy\" decoding=\"async\" class=\"aligncenter size-medium wp-image-823\" src=\"https:\/\/fundaciondoctrinacristiana.es\/madrid\/wp-content\/uploads\/sites\/6\/2021\/02\/1552299221753-min-800x800-1-300x300.jpg\" alt=\"\" width=\"300\" height=\"300\" srcset=\"https:\/\/fundaciondoctrinacristiana.es\/madrid\/wp-content\/uploads\/sites\/6\/2021\/02\/1552299221753-min-800x800-1-300x300.jpg 300w, https:\/\/fundaciondoctrinacristiana.es\/madrid\/wp-content\/uploads\/sites\/6\/2021\/02\/1552299221753-min-800x800-1-150x150.jpg 150w, https:\/\/fundaciondoctrinacristiana.es\/madrid\/wp-content\/uploads\/sites\/6\/2021\/02\/1552299221753-min-800x800-1-768x768.jpg 768w, https:\/\/fundaciondoctrinacristiana.es\/madrid\/wp-content\/uploads\/sites\/6\/2021\/02\/1552299221753-min-800x800-1-250x250.jpg 250w, https:\/\/fundaciondoctrinacristiana.es\/madrid\/wp-content\/uploads\/sites\/6\/2021\/02\/1552299221753-min-800x800-1.jpg 800w\" sizes=\"(max-width: 300px) 100vw, 300px\" \/><\/p>\n<p>Las clases de ingl\u00e9s buscan el desarrollo de las cuatro habilidades de la lengua (<em>listening, writing, spaeaking and reading<\/em>) a trav\u00e9s del juego, din\u00e1micas, dramatizaci\u00f3n, las nuevas tecnolog\u00edas y la oferta de actividades escolares, fuera y dentro del centro, que se llevan a cabo en esta lengua (D\u00eda del Ingl\u00e9s, teatros, m\u00fasica, etc.).<\/p>\n\n\t\t<style type=\"text\/css\">\n\t\t\t#gallery-1 {\n\t\t\t\tmargin: auto;\n\t\t\t}\n\t\t\t#gallery-1 .gallery-item {\n\t\t\t\tfloat: left;\n\t\t\t\tmargin-top: 10px;\n\t\t\t\ttext-align: center;\n\t\t\t\twidth: 50%;\n\t\t\t}\n\t\t\t#gallery-1 img {\n\t\t\t\tborder: 2px solid #cfcfcf;\n\t\t\t}\n\t\t\t#gallery-1 .gallery-caption {\n\t\t\t\tmargin-left: 0;\n\t\t\t}\n\t\t\t\/* see gallery_shortcode() in wp-includes\/media.php *\/\n\t\t<\/style>\n\t\t<div id='gallery-1' class='gallery galleryid-819 gallery-columns-2 gallery-size-thumbnail'><dl class='gallery-item'>\n\t\t\t<dt class='gallery-icon landscape'>\n\t\t\t\t<a href='https:\/\/fundaciondoctrinacristiana.es\/madrid\/idiomas\/20190305_100959-min-150x150\/'><img loading=\"lazy\" decoding=\"async\" width=\"150\" height=\"150\" src=\"https:\/\/fundaciondoctrinacristiana.es\/madrid\/wp-content\/uploads\/sites\/6\/2021\/02\/20190305_100959-min-150x150-1-150x150.jpg\" class=\"attachment-thumbnail size-thumbnail\" alt=\"\" \/><\/a>\n\t\t\t<\/dt><\/dl><dl class='gallery-item'>\n\t\t\t<dt class='gallery-icon landscape'>\n\t\t\t\t<a href='https:\/\/fundaciondoctrinacristiana.es\/madrid\/idiomas\/img_20190118_092424-min-150x150\/'><img loading=\"lazy\" decoding=\"async\" width=\"150\" height=\"150\" src=\"https:\/\/fundaciondoctrinacristiana.es\/madrid\/wp-content\/uploads\/sites\/6\/2021\/02\/IMG_20190118_092424-min-150x150-1-150x150.jpg\" class=\"attachment-thumbnail size-thumbnail\" alt=\"\" \/><\/a>\n\t\t\t<\/dt><\/dl><br style=\"clear: both\" \/>\n\t\t<\/div>\n\n<p>En <strong>Educaci\u00f3n Secundar\u00eda <\/strong>las horas semanales dependen seg\u00fan el curso. As\u00ed en 1\u00ba y 4\u00ba de la ESO hay cuatro sesiones, mientras que en 2\u00ba y 3\u00ba disponemos de tres sesiones.<\/p>\n<p>A esto hay que a\u00f1adir los desdobles que se realizan en 1\u00ba, 2\u00ba y 3\u00ba de una sesi\u00f3n semanal. En dichos desdobles las clases de dividen en dos, un grupo de alumnos permanece en el aula mientras que otro sale con otro profesor. El objetivo es mejorar la ense\u00f1anza y el aprendizaje al reducir los grupos. Tambi\u00e9n contamos con un profesor de apoyo que realiza su labor en un sentido parecido al desdoble, llev\u00e1ndose unos alumnos para personalizar mejor la ense\u00f1anza.<\/p>\n<p>Los contenidos que se estudian tanto en el aula ordinaria como en el desdoble son los mismos.<\/p>\n<p>Hacemos usos de la tecnolog\u00eda que est\u00e1 a nuestro alcance para mostrar en pantalla y audio mejor los contenidos.<\/p>\n<p>Realizamos actividades a lo largo de curso, como teatro en ingl\u00e9s o el concurso \u201cThe Big Challenge\u201d para estimular al alumno el aprendizaje. Tambi\u00e9n hay un d\u00eda del ingl\u00e9s.<\/p>\n<p>A nivel de centro, el Colegio Divino Coraz\u00f3n forma parte del programa de Escuelas Cat\u00f3licas BEDA, un programa que busca la mejora del ingl\u00e9s en el centro a trav\u00e9s de la formaci\u00f3n del profesorado y las evaluaciones externas BEDA, indicadores del nivel de los alumnos de cara a la realizaci\u00f3n de los ex\u00e1menes oficiales de Cambridge.<\/p>\n<p>&nbsp;<\/p>\n<p>&nbsp;<\/p>\n","protected":false},"excerpt":{"rendered":"<p>Dada la importancia de la lengua inglesa en la sociedad actual, desde el centro apostamos por el aprendizaje de la lengua extranjera como herramienta fundamental para la educaci\u00f3n integral del alumnado. En la etapa de Educaci\u00f3n Infantil se imparte una sesi\u00f3n diaria de ingl\u00e9s distribuidas de la siguiente manera: tres sesiones semanales son utilizadas para el aprendizaje de la fon\u00e9tica a trav\u00e9s del proyecto propio de centro basado en metodolog\u00edas<\/p>\n<p><a class=\"more-link\" href=\"https:\/\/fundaciondoctrinacristiana.es\/madrid\/idiomas\/\">Leer m\u00e1s<\/a><\/p>\n","protected":false},"author":1,"featured_media":0,"parent":0,"menu_order":0,"comment_status":"closed","ping_status":"closed","template":"","meta":{"footnotes":""},"class_list":["post-819","page","type-page","status-publish","hentry"],"_links":{"self":[{"href":"https:\/\/fundaciondoctrinacristiana.es\/madrid\/wp-json\/wp\/v2\/pages\/819","targetHints":{"allow":["GET"]}}],"collection":[{"href":"https:\/\/fundaciondoctrinacristiana.es\/madrid\/wp-json\/wp\/v2\/pages"}],"about":[{"href":"https:\/\/fundaciondoctrinacristiana.es\/madrid\/wp-json\/wp\/v2\/types\/page"}],"author":[{"embeddable":true,"href":"https:\/\/fundaciondoctrinacristiana.es\/madrid\/wp-json\/wp\/v2\/users\/1"}],"replies":[{"embeddable":true,"href":"https:\/\/fundaciondoctrinacristiana.es\/madrid\/wp-json\/wp\/v2\/comments?post=819"}],"version-history":[{"count":3,"href":"https:\/\/fundaciondoctrinacristiana.es\/madrid\/wp-json\/wp\/v2\/pages\/819\/revisions"}],"predecessor-version":[{"id":2302,"href":"https:\/\/fundaciondoctrinacristiana.es\/madrid\/wp-json\/wp\/v2\/pages\/819\/revisions\/2302"}],"wp:attachment":[{"href":"https:\/\/fundaciondoctrinacristiana.es\/madrid\/wp-json\/wp\/v2\/media?parent=819"}],"curies":[{"name":"wp","href":"https:\/\/api.w.org\/{rel}","templated":true}]}}