{"id":836,"date":"2021-02-28T11:59:50","date_gmt":"2021-02-28T11:59:50","guid":{"rendered":"https:\/\/fundaciondoctrinacristiana.es\/madrid\/?page_id=836"},"modified":"2024-01-11T16:17:17","modified_gmt":"2024-01-11T15:17:17","slug":"nuestra-historia","status":"publish","type":"page","link":"https:\/\/fundaciondoctrinacristiana.es\/madrid\/nuestra-historia\/","title":{"rendered":"Nuestra historia"},"content":{"rendered":"<p style=\"text-align: left\">En la Calle de Valdeacederas y barrio de los Pinos se concentraba un buen grupo de casitas con predominio tambi\u00e9n de traperos.<\/p>\n<p style=\"text-align: left\">Eran las necesidades predominantes del barrio las materiales, pero no menores en importancia eran las culturales dada la falta de escuelas y el vagar de ni\u00f1os y ni\u00f1as sin ning\u00fan centro educativo que los acogiera.<\/p>\n<p style=\"text-align: left\">Aqu\u00ed aparecen, desarrollando una amplia labor caritativa, la Conferencia de San Vicente de Pa\u00fal. Con el fin de cubrir este vaci\u00f3, las se\u00f1oras determinaron construir una fundaci\u00f3n, bajo la direcci\u00f3n del jesuita P. F. D\u00edez y erigir escuelas. Una de ellas, D\u00f1a. Elvira Gallardo, estaba dispuesta a dar lo que precisara esta fundaci\u00f3n.<\/p>\n<p style=\"text-align: left\">En Sevilla, se hab\u00eda fundado el Instituto de Hermanas de la Doctrina Cristiana, dedicado a la educaci\u00f3n y catequesis en los barrios m\u00e1s pobres. El 24 de junio de 1924 D\u00f1a. Pilar Navarrete ofrec\u00eda a este Instituto sevillano la propuesta de fundar una comunidad y una escuela en el barrio.<\/p>\n<p style=\"text-align: left\">La oferta se acept\u00f3 de inmediato y, el<strong> 15 de julio de 1924<\/strong> se daba cuenta a la superiora General de que \u201ccon asistencia del Sr. Obispo, autoridades y muchas invitados se puso la primera piedra con un entusiasmo grand\u00edsimo\u201d \u201cEl maestro de obras ha pedido de plazo un a\u00f1o para entregar la obra terminada\u201d \u201cEs una preciosidad lo que van a hacer, tiene de fachada 61 metros por 35 de profundidad; tiene piso principal y bajo para escuelas, el principal para la comunidad. Tiene tribuna alta a la iglesia adem\u00e1s de tener abajo comunicaci\u00f3n con la iglesia. La fachada toda va rodeada de una verja de hierro\u2026 Han comprado el agua, seis metros c\u00fabicos\u201d.<\/p>\n<p style=\"text-align: left\">Por su parte la Madre Fundadora de las Hermanas de la Doctrina Cristiana, M\u00aa Mercedes Trull\u00e1s y Soler, el 6 de noviembre de 1925, manifestaba al Sr. Obispo de Madrid-Alcal\u00e1, que \u201cdeseando la Srta. Elvira Gallardo confiar a 5 religiosas de nuestro Instituto la instrucci\u00f3n religiosa y literaria que se ha de proporcionar a las ni\u00f1as y j\u00f3venes del Barrio de las Ventillas en las escuelas que al efecto se est\u00e1n construyendo a expensas de la mencionada se\u00f1orita en el t\u00e9rmino titulado Pinos Alta, calle 31 de enero, feligres\u00eda de Tetu\u00e1n de las Victorias, mediante la asignaci\u00f3n total de cinco mil pesetas anuales que para su honesta sustentaci\u00f3n ha de percibir la comunidad que para los indicados fines se instalare, dot\u00e1ndola de casa, luz y agua\u201d<\/p>\n<p style=\"text-align: left\">Y suplicaba \u201clicencia para tomar a su cargo estas religiosas aquel beneficio ministerio tan propio de su santo Instituto\u201d<\/p>\n<p style=\"text-align: left\">El Sr. Obispo, que ya estaba enterado de la obra por el P. D\u00edez, no puso ninguna dificultad. Y el Nuncio Apost\u00f3lico concedi\u00f3 igualmente permiso para la apertura de la nueva casa que abr\u00eda el Instituto el 23 de julio de 1926.<\/p>\n<p style=\"text-align: left\">Sin m\u00e1s noticias, el Colegio <strong>se inaugur\u00f3 el curso 1926-27<\/strong>. Tuvo una gran acogida y un lleno en sus cinco clases.<\/p>\n<p style=\"text-align: left\">La Congregaci\u00f3n pensando en la ampliaci\u00f3n, compr\u00f3 por su cuenta el a\u00f1o 1929 un local y en 1935 otros dos solares anejos.<\/p>\n<p style=\"text-align: left\">Finalmente, el 23 de abril de 1935, D\u00f1a. Elvira Gallardo, considerando el mejor fin de la obra por ella financiada, vend\u00eda a la Congregaci\u00f3n aquellos edificios, escuelas e iglesia, destinadas a la instrucci\u00f3n cristiana del barrio.<\/p>\n<p>Si quiere conocer donde se encuentran todos los colegios de la Fundaci\u00f3n Educativa Doctrina Cristiana, pinche aqu\u00ed:<\/p>\n<a class=\"maxbutton-14 maxbutton maxbutton-colegios-fundacion\" href=\"https:\/\/www.google.com\/maps\/d\/u\/0\/viewer?mid=1i-oUqIfQI_cyVk3lOLvUp0pRuFTJZNJY&#038;ll=38.722329934515514,-3.1541914702348652&#038;z=5\" target=\"_blank\" rel=\"noopener\"><span class='mb-text'>COLEGIOS DE LA FUNDACI\u00d3N<\/span><\/a>\n<p>&nbsp;<\/p>\n","protected":false},"excerpt":{"rendered":"<p>En la Calle de Valdeacederas y barrio de los Pinos se concentraba un buen grupo de casitas con predominio tambi\u00e9n de traperos. Eran las necesidades predominantes del barrio las materiales, pero no menores en importancia eran las culturales dada la falta de escuelas y el vagar de ni\u00f1os y ni\u00f1as sin ning\u00fan centro educativo que los acogiera. Aqu\u00ed aparecen, desarrollando una amplia labor caritativa, la Conferencia de San Vicente de<\/p>\n<p><a class=\"more-link\" href=\"https:\/\/fundaciondoctrinacristiana.es\/madrid\/nuestra-historia\/\">Leer m\u00e1s<\/a><\/p>\n","protected":false},"author":1,"featured_media":0,"parent":0,"menu_order":0,"comment_status":"closed","ping_status":"closed","template":"","meta":{"footnotes":""},"class_list":["post-836","page","type-page","status-publish","hentry"],"_links":{"self":[{"href":"https:\/\/fundaciondoctrinacristiana.es\/madrid\/wp-json\/wp\/v2\/pages\/836","targetHints":{"allow":["GET"]}}],"collection":[{"href":"https:\/\/fundaciondoctrinacristiana.es\/madrid\/wp-json\/wp\/v2\/pages"}],"about":[{"href":"https:\/\/fundaciondoctrinacristiana.es\/madrid\/wp-json\/wp\/v2\/types\/page"}],"author":[{"embeddable":true,"href":"https:\/\/fundaciondoctrinacristiana.es\/madrid\/wp-json\/wp\/v2\/users\/1"}],"replies":[{"embeddable":true,"href":"https:\/\/fundaciondoctrinacristiana.es\/madrid\/wp-json\/wp\/v2\/comments?post=836"}],"version-history":[{"count":5,"href":"https:\/\/fundaciondoctrinacristiana.es\/madrid\/wp-json\/wp\/v2\/pages\/836\/revisions"}],"predecessor-version":[{"id":2272,"href":"https:\/\/fundaciondoctrinacristiana.es\/madrid\/wp-json\/wp\/v2\/pages\/836\/revisions\/2272"}],"wp:attachment":[{"href":"https:\/\/fundaciondoctrinacristiana.es\/madrid\/wp-json\/wp\/v2\/media?parent=836"}],"curies":[{"name":"wp","href":"https:\/\/api.w.org\/{rel}","templated":true}]}}