{"id":856,"date":"2021-02-28T12:18:15","date_gmt":"2021-02-28T12:18:15","guid":{"rendered":"https:\/\/fundaciondoctrinacristiana.es\/madrid\/?page_id=856"},"modified":"2025-02-18T12:50:00","modified_gmt":"2025-02-18T11:50:00","slug":"salimos-en-prensa","status":"publish","type":"page","link":"https:\/\/fundaciondoctrinacristiana.es\/madrid\/salimos-en-prensa\/","title":{"rendered":"Salimos en prensa"},"content":{"rendered":"<p><strong>Tetu\u00e1n 30 d\u00edas <\/strong>(Febrero 2025)\u00a0<a href=\"https:\/\/www.instagram.com\/tetuan30dias\/reel\/DGLMffzIeVo\/\" target=\"_blank\" rel=\"noopener\">V\u00eddeo de nuestro colegio<\/a><\/p>\n<p><strong>Tet\u00faan 30 d\u00edas <\/strong>(Febrero 2024) <a href=\"https:\/\/www.tetuan30dias.com\/entrevistas\/todo-cambio-educativo-conlleva-adaptacion-varia-segun-recursos\" target=\"_blank\" rel=\"noopener\">\u201cTodo cambio educativo conlleva una adaptaci\u00f3n, que var\u00eda seg\u00fan los recursos disponibles y el nivel de apoyo\u201d<\/a><\/p>\n<p><strong>Tet\u00faan 30 d\u00edas <\/strong>(Abril 2020) <a href=\"https:\/\/www.tetuan30dias.com\/pdf-n3222\" target=\"_blank\" rel=\"noopener\">\u00abTodo el personal docente est\u00e1 a disposici\u00f3n de los alumnos\u00bb<\/a><\/p>\n<p><strong>M21:<\/strong><a href=\"https:\/\/www.m21radio.es\/podcast\/alumnos-radioactivos\/alumnos-radioactivos-18022019\" target=\"_blank\" rel=\"noopener\">Alumnos RadioActivos &#8211; 18\/02\/2019<\/a>.<\/p>\n<p><span style=\"font-size: 1rem\">\u00ab<\/span><em style=\"font-size: 1rem\">En nuestro programa de Alumnos RadioActivos, estuvimos en el <strong>colegio Divino Coraz\u00f3n <\/strong>en el distrito de Tetu\u00e1n. Nos hablaron de su colegio, del proyecto Entreculturas y hasta un alumno se hizo pasar por Bob Marley. Tambi\u00e9n nos hablaron de los planetas, del universo y de la compa\u00f1\u00eda de teatro de su colegio llamado Divinas Palabras.\u00bb<\/em><\/p>\n<p><strong>M21:<\/strong><a href=\"https:\/\/www.m21radio.es\/podcast\/alumnos-radioactivos\/alumnos-radioactivos-20022019\" target=\"_blank\" rel=\"noopener\">Alumnos RadioActivos &#8211; 20\/02\/2019.<\/a><\/p>\n<p><span style=\"font-size: 1rem\">\u00ab<\/span><em style=\"font-size: 1rem\">En Alumnos RadioActivos volvimos a contar con alumnos del <strong>colegio Divino Coraz\u00f3n<\/strong> y nos contaron el origen del distrito de Tetu\u00e1n. Nos hablaron del colectivo Tetu\u00e1n-Ventilla para hacer frente a la pobreza y marginalidad que sufr\u00eda el barrio de Tetu\u00e1n en los a\u00f1os 80. Tambi\u00e9n nos hablaron de <strong>Afanais<\/strong>, una organizaci\u00f3n que se ocupa de personas con discapacidad intelectual.\u00bb<\/em><\/p>\n<p>&nbsp;<\/p>\n<p><strong>EL PA\u00cdS<\/strong>: <a href=\"https:\/\/elpais.com\/elpais\/2018\/06\/19\/planeta_futuro\/1529409278_734636.html\" target=\"_blank\" rel=\"noopener\">Cartas desde el exilio en L\u00edbano: Un grupo de alumnos sirios y otro de un centro madrile\u00f1o se intercambian dibujos en los que muestran su realidad<\/a><\/p>\n<p><strong>Europapress:<\/strong> <a href=\"https:\/\/www.europapress.es\/epsocial\/migracion\/noticia-palabras-cambiar-vida-mas-33-millones-ninos-refugiados-20180619151721.html\" target=\"_blank\" rel=\"noopener\">4 palabras para cambiar la vida de m\u00e1s de 33 millones de ni\u00f1os refugiados<\/a><\/p>\n<p><strong>La Raz\u00f3n:<\/strong><a href=\"https:\/\/www.larazon.es\/internacional\/dia-mundial-del-refugiado-con-que-suenan-los-ninos-sirios-EL18750765\" target=\"_blank\" rel=\"noopener\">\u00bfCon qu\u00e9 sue\u00f1an los ni\u00f1os sirios?<\/a><\/p>\n<p><strong>Alfa y Omega<\/strong>: <a href=\"http:\/\/www.alfayomega.es\/155360\/25-ninos-refugiados-sirios-envian-sus-dibujos-a-madrid\" target=\"_blank\" rel=\"noopener\">25 ni\u00f1os refugiados sirios env\u00edan sus dibujos a Madrid<\/a><\/p>\n<p><strong>Cadena COPE:<\/strong>\u00a0 <a href=\"https:\/\/www.cope.es\/programas\/mediodia-cope\/audios\/mediodia-cope-del-martes-abril-2018-15h-20180619_513146\" target=\"_blank\" rel=\"noopener\">(a partir minuto 14:40) <\/a><\/p>\n<p><strong>EL PA\u00cdS:<\/strong>\u00a0<a href=\"https:\/\/elpais.com\/cultura\/2016\/06\/01\/television\/1464792524_367368.html\" target=\"_blank\" rel=\"noopener\"> Se busca al profe m\u00e1s innovador<\/a><\/p>\n<p>&nbsp;<\/p>\n","protected":false},"excerpt":{"rendered":"<p>Tetu\u00e1n 30 d\u00edas (Febrero 2025)\u00a0V\u00eddeo de nuestro colegio Tet\u00faan 30 d\u00edas (Febrero 2024) \u201cTodo cambio educativo conlleva una adaptaci\u00f3n, que var\u00eda seg\u00fan los recursos disponibles y el nivel de apoyo\u201d Tet\u00faan 30 d\u00edas (Abril 2020) \u00abTodo el personal docente est\u00e1 a disposici\u00f3n de los alumnos\u00bb M21:Alumnos RadioActivos &#8211; 18\/02\/2019. \u00abEn nuestro programa de Alumnos RadioActivos, estuvimos en el colegio Divino Coraz\u00f3n en el distrito de Tetu\u00e1n. Nos hablaron de su<\/p>\n<p><a class=\"more-link\" href=\"https:\/\/fundaciondoctrinacristiana.es\/madrid\/salimos-en-prensa\/\">Leer m\u00e1s<\/a><\/p>\n","protected":false},"author":1,"featured_media":0,"parent":0,"menu_order":0,"comment_status":"closed","ping_status":"closed","template":"","meta":{"footnotes":""},"class_list":["post-856","page","type-page","status-publish","hentry"],"_links":{"self":[{"href":"https:\/\/fundaciondoctrinacristiana.es\/madrid\/wp-json\/wp\/v2\/pages\/856","targetHints":{"allow":["GET"]}}],"collection":[{"href":"https:\/\/fundaciondoctrinacristiana.es\/madrid\/wp-json\/wp\/v2\/pages"}],"about":[{"href":"https:\/\/fundaciondoctrinacristiana.es\/madrid\/wp-json\/wp\/v2\/types\/page"}],"author":[{"embeddable":true,"href":"https:\/\/fundaciondoctrinacristiana.es\/madrid\/wp-json\/wp\/v2\/users\/1"}],"replies":[{"embeddable":true,"href":"https:\/\/fundaciondoctrinacristiana.es\/madrid\/wp-json\/wp\/v2\/comments?post=856"}],"version-history":[{"count":6,"href":"https:\/\/fundaciondoctrinacristiana.es\/madrid\/wp-json\/wp\/v2\/pages\/856\/revisions"}],"predecessor-version":[{"id":2943,"href":"https:\/\/fundaciondoctrinacristiana.es\/madrid\/wp-json\/wp\/v2\/pages\/856\/revisions\/2943"}],"wp:attachment":[{"href":"https:\/\/fundaciondoctrinacristiana.es\/madrid\/wp-json\/wp\/v2\/media?parent=856"}],"curies":[{"name":"wp","href":"https:\/\/api.w.org\/{rel}","templated":true}]}}