{"id":973,"date":"2021-02-28T19:37:57","date_gmt":"2021-02-28T19:37:57","guid":{"rendered":"https:\/\/fundaciondoctrinacristiana.es\/madrid\/?page_id=973"},"modified":"2024-02-12T11:49:40","modified_gmt":"2024-02-12T10:49:40","slug":"secretaria-y-administracion","status":"publish","type":"page","link":"https:\/\/fundaciondoctrinacristiana.es\/madrid\/secretaria-y-administracion\/","title":{"rendered":"Secretar\u00eda y Administraci\u00f3n"},"content":{"rendered":"\r\n<p><strong>HORARIO DE ATENCI\u00d3N AL P\u00daBLICO<\/strong><\/p>\r\n<ul>\r\n<li>Ma\u00f1ana: todos los d\u00edas de L a V de 9:00 a 11:00.<\/li>\r\n<li>Periodo de matriculaci\u00f3n (13 de junio al 5 de julio): todos los d\u00edas de L a V de 9:00 a 12:00.<\/li>\r\n<li>Agosto cerrado.<\/li>\r\n<\/ul>\r\n<p><strong>HORARIO DE ATENCI\u00d3N TELEF\u00d3NICA<\/strong><\/p>\r\n<p>Todos los d\u00edas de L a V de 9:00 a 13:00.<\/p>\r\n<p><strong>EQUIPO DE SECRETAR\u00cdA<\/strong><\/p>\r\n<ul>\r\n<li>Isabel Llorente Torralbo<\/li>\r\n<li>Silvia Moreno Solanas<\/li>\r\n<\/ul>\r\n<p><a href=\"mailto:secretaria@doctrinacristianamadrid.es\">secretaria@doctrinacristianamadrid.es<\/a><\/p>\r\n<p><strong>GESTI\u00d3N<\/strong><\/p>\r\n\r\n\r\n\r\n<ul>\r\n<li>\u00a0 \u00a0 Informaci\u00f3n general.<\/li>\r\n<li>\u00a0 \u00a0 Solicitud de Certificados Acad\u00e9micos<\/li>\r\n<li>\u00a0 \u00a0 Solicitud de Certificados de Matriculaci\u00f3n.<\/li>\r\n<li>\u00a0 \u00a0 Informaci\u00f3n de Admisiones y formalizaci\u00f3n de Matr\u00edcula<\/li>\r\n<li>\u00a0 \u00a0 Tramitaci\u00f3n y entrega de T\u00edtulos de Graduado en Secundaria. Historiales acad\u00e9micos.<\/li>\r\n<li>\u00a0 \u00a0 Actualizaci\u00f3n de datos personales y familiares.<\/li>\r\n<li>\u00a0 \u00a0 Archivo de expediente.<\/li>\r\n<\/ul>\r\n\r\n\r\n\r\n\r\n\r\n<a class=\"maxbutton-17 maxbutton maxbutton-admision-de-alumnos\" href=\"https:\/\/fundaciondoctrinacristiana.es\/madrid\/admision-de-alumnos-2\/\"><span class='mb-text'>Admisi\u00f3n de alumnos<\/span><\/a>\r\n<p>&nbsp;<\/p>\r\n<p style=\"text-align: center\"><strong>SEGURO ESCOLAR<\/strong><\/p>\r\n<p>El centro pone a su disposici\u00f3n la contrataci\u00f3n de un seguro escolar. Mediante el siguiente documento, les hacemos conocedores de sus coberturas, garant\u00edas y requisitos.<\/p>\r\n<p><a href=\"https:\/\/fundaciondoctrinacristiana.es\/madrid\/wp-content\/uploads\/sites\/6\/2023\/09\/COMUNICADO-FAMILIAS-COL.-DIVINO-CORAZON-MADRID-F.E.-DOCTRINA-CRISTIANA.pdf\">Seguro Escolar<\/a><\/p>\r\n","protected":false},"excerpt":{"rendered":"<p>HORARIO DE ATENCI\u00d3N AL P\u00daBLICO Ma\u00f1ana: todos los d\u00edas de L a V de 9:00 a 11:00. Periodo de matriculaci\u00f3n (13 de junio al 5 de julio): todos los d\u00edas de L a V de 9:00 a 12:00. Agosto cerrado. HORARIO DE ATENCI\u00d3N TELEF\u00d3NICA Todos los d\u00edas de L a V de 9:00 a 13:00. EQUIPO DE SECRETAR\u00cdA Isabel Llorente Torralbo Silvia Moreno Solanas secretaria@doctrinacristianamadrid.es GESTI\u00d3N \u00a0 \u00a0 Informaci\u00f3n general.<\/p>\n<p><a class=\"more-link\" href=\"https:\/\/fundaciondoctrinacristiana.es\/madrid\/secretaria-y-administracion\/\">Leer m\u00e1s<\/a><\/p>\n","protected":false},"author":1,"featured_media":0,"parent":0,"menu_order":0,"comment_status":"closed","ping_status":"closed","template":"","meta":{"footnotes":""},"class_list":["post-973","page","type-page","status-publish","hentry"],"_links":{"self":[{"href":"https:\/\/fundaciondoctrinacristiana.es\/madrid\/wp-json\/wp\/v2\/pages\/973","targetHints":{"allow":["GET"]}}],"collection":[{"href":"https:\/\/fundaciondoctrinacristiana.es\/madrid\/wp-json\/wp\/v2\/pages"}],"about":[{"href":"https:\/\/fundaciondoctrinacristiana.es\/madrid\/wp-json\/wp\/v2\/types\/page"}],"author":[{"embeddable":true,"href":"https:\/\/fundaciondoctrinacristiana.es\/madrid\/wp-json\/wp\/v2\/users\/1"}],"replies":[{"embeddable":true,"href":"https:\/\/fundaciondoctrinacristiana.es\/madrid\/wp-json\/wp\/v2\/comments?post=973"}],"version-history":[{"count":16,"href":"https:\/\/fundaciondoctrinacristiana.es\/madrid\/wp-json\/wp\/v2\/pages\/973\/revisions"}],"predecessor-version":[{"id":2487,"href":"https:\/\/fundaciondoctrinacristiana.es\/madrid\/wp-json\/wp\/v2\/pages\/973\/revisions\/2487"}],"wp:attachment":[{"href":"https:\/\/fundaciondoctrinacristiana.es\/madrid\/wp-json\/wp\/v2\/media?parent=973"}],"curies":[{"name":"wp","href":"https:\/\/api.w.org\/{rel}","templated":true}]}}