{"id":367,"date":"2023-02-22T10:27:25","date_gmt":"2023-02-22T09:27:25","guid":{"rendered":"https:\/\/fundaciondoctrinacristiana.es\/rinconada\/?page_id=367"},"modified":"2023-11-07T10:50:29","modified_gmt":"2023-11-07T09:50:29","slug":"departamento-de-orientacion","status":"publish","type":"page","link":"https:\/\/fundaciondoctrinacristiana.es\/rinconada\/departamento-de-orientacion\/","title":{"rendered":"DEPARTAMENTO DE ORIENTACI\u00d3N"},"content":{"rendered":"<p>La orientaci\u00f3n tiene como finalidad contribuir al desarrollo del alumnado en todos sus aspectos: cognitivo, profesional, acad\u00e9mico, social, emocional, moral, etc. A esto se le denomina, tambi\u00e9n, el desarrollo de la personalidad integral del alumnado. Incumbe a la orientaci\u00f3n los aspectos del desarrollo personal que no est\u00e1n contemplados en las materias acad\u00e9micas ordinarias.<\/p>\n<p>El Departamento de Orientaci\u00f3n en el colegio se centra en diferentes campos de actuaci\u00f3n:<\/p>\n<ul>\n<li>Primero, el\u00a0<strong>campo del aprendizaje<\/strong>, tanto en alumnos con pote<img fetchpriority=\"high\" decoding=\"async\" class=\"wp-image-588 alignright\" src=\"https:\/\/fundaciondoctrinacristiana.es\/rinconada\/wp-content\/uploads\/sites\/3\/2023\/10\/IMG_20230926_101617-2-scaled.jpg\" alt=\"\" width=\"393\" height=\"294\" srcset=\"https:\/\/fundaciondoctrinacristiana.es\/rinconada\/wp-content\/uploads\/sites\/3\/2023\/10\/IMG_20230926_101617-2-scaled.jpg 2560w, https:\/\/fundaciondoctrinacristiana.es\/rinconada\/wp-content\/uploads\/sites\/3\/2023\/10\/IMG_20230926_101617-2-300x224.jpg 300w, https:\/\/fundaciondoctrinacristiana.es\/rinconada\/wp-content\/uploads\/sites\/3\/2023\/10\/IMG_20230926_101617-2-1024x766.jpg 1024w, https:\/\/fundaciondoctrinacristiana.es\/rinconada\/wp-content\/uploads\/sites\/3\/2023\/10\/IMG_20230926_101617-2-768x575.jpg 768w, https:\/\/fundaciondoctrinacristiana.es\/rinconada\/wp-content\/uploads\/sites\/3\/2023\/10\/IMG_20230926_101617-2-1536x1149.jpg 1536w, https:\/\/fundaciondoctrinacristiana.es\/rinconada\/wp-content\/uploads\/sites\/3\/2023\/10\/IMG_20230926_101617-2-2048x1532.jpg 2048w, https:\/\/fundaciondoctrinacristiana.es\/rinconada\/wp-content\/uploads\/sites\/3\/2023\/10\/IMG_20230926_101617-2-800x599.jpg 800w, https:\/\/fundaciondoctrinacristiana.es\/rinconada\/wp-content\/uploads\/sites\/3\/2023\/10\/IMG_20230926_101617-2-400x300.jpg 400w\" sizes=\"(max-width: 393px) 100vw, 393px\" \/>ncialidades como con alumnos con dificultades. Tambi\u00e9n se encargan del asesoramiento pedag\u00f3gico y actuaciones pertinentes dentro del aula.<\/li>\n<li>Segundo, el\u00a0<strong>campo social<\/strong>. Analizan el clima de convivencia y ofrecen recursos para su mejora.<\/li>\n<li>Tercero, el\u00a0<strong>campo vocacional<\/strong>, Ayudan a los alumnos en su trayectoria acad\u00e9mica, tanto en las elecciones dentro del centro como en la planificaci\u00f3n de sus futuras elecciones.<\/li>\n<\/ul>\n<div class=\"entry-content\">\n<h2>Funciones del Equipo de Orientaci\u00f3n<\/h2>\n<h3>1. Ense\u00f1anza de t\u00e9cnicas de estudio<\/h3>\n<p>El departamento ofrece recursos de apoyo para alimentar la autonom\u00eda en el alumno.\u00a0El aprendizaje de t\u00e9cnicas de estudio incrementa el empoderamiento acad\u00e9mico para estudiar un tema. Adquiere habilidades para realizar un esquema, resaltar las ideas principales por medio del subrayado y tomar apuntes. Por tanto, el departamento crea el contexto ideal para aprender a aprender.<\/p>\n<h3>2. Orientaci\u00f3n a la diversidad<\/h3>\n<p>Es importante atender las prioridades de todos los estudiantes. Y, por ello, el departamento analiza necesidades concretas que garantizan la atenci\u00f3n a la diversidad. Los profesionales que componen el departamento identifican dificultades de aprendizaje y\u00a0planifican una intervenci\u00f3n adecuada en cada caso. Con frecuencia, las dificultades de aprendizaje se manifiestan en la escritura y en la lectura. Cuando la situaci\u00f3n lo requiere, los alumnos asisten a clases para alimentar la comprensi\u00f3n lectora y mejorar la ortograf\u00eda.<\/p>\n<h3>3. Apoyo y orientaci\u00f3n para padres<\/h3>\n<p>La comunicaci\u00f3n entre la familia y la escuela es positiva para todas las partes implicadas. Los padres reciben orientaci\u00f3n y asesoramiento cuando lo necesitan, y este di\u00e1logo beneficia principalmente al alumno.\u00a0El centro educativo y las familias se coordinan para lograr objetivos positivos. Por ejemplo, los progenitores descubren herramientas y sugerencias para educar en casa.<\/p>\n<h3>4. Identificaci\u00f3n y refuerzo de las fortalezas de los alumnos<\/h3>\n<p>Como hemos comentado previamente, la atenci\u00f3n a la diversidad es esencial. Pues bien, el apoyo escolar est\u00e1 alineado con el refuerzo de las fortalezas personales de cada estudiante. Una intervenci\u00f3n educativa que pone el acento en las cualidades positivas y en las capacidades alimenta la autoconfianza del estudiante.\u00a0Es decir, el alumno est\u00e1 m\u00e1s motivado y cultiva su potencial.<\/p>\n<h3>5. Desarrollo de acciones que mejoran la convivencia en el centro educativo<\/h3>\n<p>El departamento promueve el desarrollo pleno del alumnado. La formaci\u00f3n integral va m\u00e1s all\u00e1 de los conocimientos te\u00f3ricos y pr\u00e1cticos.\u00a0La felicidad en la vida acad\u00e9mica es una cuesti\u00f3n importante. Una convivencia agradable favorece el bien com\u00fan, el compa\u00f1erismo y la amistad. La detecci\u00f3n temprana y la prevenci\u00f3n del acoso escolar ocupan un lugar destacado en el proyecto desarrollado, y los profesionales dise\u00f1an un protocolo de actuaci\u00f3n para reconocer las se\u00f1ales de\u00a0<em>bullying<\/em>\u00a0en su etapa inicial.<\/p>\n<h3>6. Apoyo permanente al profesorado<\/h3>\n<p>La orientaci\u00f3n educativa repercute positivamente en el aprendizaje de los alumnos, pero tambi\u00e9n constituye un elemento de apoyo para los profesores que imparten clase. El profesorado trabaja en equipo con el departamento para conseguir objetivos comunes.\u00a0Los docentes necesitan ampliar su propio conocimiento por medio de la formaci\u00f3n continua. El departamento puede planificar cursos y talleres para reforzar competencias profesionales en el equipo. Y, de este modo, el departamento se implica para potenciar la innovaci\u00f3n educativa.<\/p>\n<h3>7. Redacci\u00f3n del plan de acci\u00f3n tutorial<\/h3>\n<p>El departamento est\u00e1 perfectamente integrado en la estructura del centro. Por ello, su \u00e1mbito de aplicaci\u00f3n se centra en la agenda del d\u00eda a d\u00eda. El plan de acci\u00f3n tutorial analiza los objetivos a alcanzar, la metodolog\u00eda adecuada, las bases del proceso formativo, el seguimiento y la evaluaci\u00f3n en el\u00a0centro educativo.<\/p>\n<h3>8. Orientaci\u00f3n vocacional<\/h3>\n<p>El proceso de aprendizaje est\u00e1 relacionado con el descubrimiento de las preferencias personales. A lo largo de su vida acad\u00e9mica, el alumno toma decisiones que le preparan para su futura incorporaci\u00f3n al mercado laboral. Cada persona puede valorar diferentes itinerarios,\u00a0pero lo verdaderamente importante es que cada perfil desarrolle sus habilidades y competencias. Pues bien, el\u00a0departamento de orientaci\u00f3n\u00a0ofrece asesoramiento personalizado para que el alumno descubra qu\u00e9 asignaturas le gustan m\u00e1s. De este modo, podemos acompa\u00f1ar a cada estudiante para que oriente sus pasos hacia un sector que le entusiasma: aquel \u00e1mbito que est\u00e1 alineado con su talento y con sus inquietudes.<\/p>\n<p>&nbsp;<\/p>\n<\/div>\n","protected":false},"excerpt":{"rendered":"<p>La orientaci\u00f3n tiene como finalidad contribuir al desarrollo del alumnado en todos sus aspectos: cognitivo, profesional, acad\u00e9mico, social, emocional, moral, etc. A esto se le denomina, tambi\u00e9n, el desarrollo de la personalidad integral del alumnado. Incumbe a la orientaci\u00f3n los aspectos del desarrollo personal que no est\u00e1n contemplados en las materias acad\u00e9micas ordinarias. El Departamento de Orientaci\u00f3n en el colegio se centra en diferentes campos de actuaci\u00f3n: Primero, el\u00a0campo del<\/p>\n<p><a class=\"more-link\" href=\"https:\/\/fundaciondoctrinacristiana.es\/rinconada\/departamento-de-orientacion\/\">Leer m\u00e1s<\/a><\/p>\n","protected":false},"author":23,"featured_media":0,"parent":0,"menu_order":0,"comment_status":"closed","ping_status":"closed","template":"","meta":{"footnotes":""},"class_list":["post-367","page","type-page","status-publish","hentry"],"_links":{"self":[{"href":"https:\/\/fundaciondoctrinacristiana.es\/rinconada\/wp-json\/wp\/v2\/pages\/367","targetHints":{"allow":["GET"]}}],"collection":[{"href":"https:\/\/fundaciondoctrinacristiana.es\/rinconada\/wp-json\/wp\/v2\/pages"}],"about":[{"href":"https:\/\/fundaciondoctrinacristiana.es\/rinconada\/wp-json\/wp\/v2\/types\/page"}],"author":[{"embeddable":true,"href":"https:\/\/fundaciondoctrinacristiana.es\/rinconada\/wp-json\/wp\/v2\/users\/23"}],"replies":[{"embeddable":true,"href":"https:\/\/fundaciondoctrinacristiana.es\/rinconada\/wp-json\/wp\/v2\/comments?post=367"}],"version-history":[{"count":1,"href":"https:\/\/fundaciondoctrinacristiana.es\/rinconada\/wp-json\/wp\/v2\/pages\/367\/revisions"}],"predecessor-version":[{"id":624,"href":"https:\/\/fundaciondoctrinacristiana.es\/rinconada\/wp-json\/wp\/v2\/pages\/367\/revisions\/624"}],"wp:attachment":[{"href":"https:\/\/fundaciondoctrinacristiana.es\/rinconada\/wp-json\/wp\/v2\/media?parent=367"}],"curies":[{"name":"wp","href":"https:\/\/api.w.org\/{rel}","templated":true}]}}