{"id":37,"date":"2021-03-05T15:26:54","date_gmt":"2021-03-05T15:26:54","guid":{"rendered":"https:\/\/fundaciondoctrinacristiana.es\/rinconada\/?page_id=37"},"modified":"2021-03-05T15:26:54","modified_gmt":"2021-03-05T15:26:54","slug":"caracter-propio-e-ideario","status":"publish","type":"page","link":"https:\/\/fundaciondoctrinacristiana.es\/rinconada\/caracter-propio-e-ideario\/","title":{"rendered":"CAR\u00c1CTER PROPIO E IDEARIO"},"content":{"rendered":"<h1 style=\"text-align: left;\">Valores que configuran \u00a0la identidad de los Centros Doctrina Cristiana:<\/h1>\n<ul>\n<li>Alegr\u00eda filipense: alegr\u00eda que contagia el buen humor en nuestras aulas, que da optimismo y a la visi\u00f3n positiva de la vida.<\/li>\n<li>La sencillez y la gratuidad: sencillez nuestras acciones para dar grandeza a la obra de Dios y gratuidad de tiempo, de vida y de servicio como instrumentos suyos<\/li>\n<li>La libertad de los hijos de Dios, reconociendo la dignidad y la libertad de las personas, dando la mayor importancia al valor de la persona y su formaci\u00f3n.<\/li>\n<li>El esp\u00edritu de familia haciendo de nuestros centros sitios c\u00e1lidos , espacios para el afecto, las relaciones interpersonales y lugar donde se forma a las personas con unos valores comunes.<\/li>\n<li>La confianza en la Providencia que nos haga sentirnos instrumentos en las manos de Dios para el bien de los dem\u00e1s.<\/li>\n<li>Esp\u00edritu de sacrificio y entrega en la tarea educativa, especialmente a quien m\u00e1s lo necesita.<\/li>\n<li>Firmeza y fortaleza como Mar\u00eda<\/li>\n<li>Denuncia prof\u00e9tica y opci\u00f3n por los m\u00e1s pobres.<\/li>\n<\/ul>\n<p><a href=\"https:\/\/drive.google.com\/file\/d\/1bvVxYFfqswoKpD871fJNsHOUFn-4-RAd\/view\" target=\"_blank\" rel=\"noopener noreferrer\">Para visualizar el ideario pinche aqu\u00ed.<\/a><\/p>\n","protected":false},"excerpt":{"rendered":"<p>Valores que configuran \u00a0la identidad de los Centros Doctrina Cristiana: Alegr\u00eda filipense: alegr\u00eda que contagia el buen humor en nuestras aulas, que da optimismo y a la visi\u00f3n positiva de la vida. La sencillez y la gratuidad: sencillez nuestras acciones para dar grandeza a la obra de Dios y gratuidad de tiempo, de vida y de servicio como instrumentos suyos La libertad de los hijos de Dios, reconociendo la dignidad<\/p>\n<p><a class=\"more-link\" href=\"https:\/\/fundaciondoctrinacristiana.es\/rinconada\/caracter-propio-e-ideario\/\">Leer m\u00e1s<\/a><\/p>\n","protected":false},"author":1,"featured_media":0,"parent":0,"menu_order":0,"comment_status":"closed","ping_status":"closed","template":"","meta":{"footnotes":""},"class_list":["post-37","page","type-page","status-publish","hentry"],"_links":{"self":[{"href":"https:\/\/fundaciondoctrinacristiana.es\/rinconada\/wp-json\/wp\/v2\/pages\/37","targetHints":{"allow":["GET"]}}],"collection":[{"href":"https:\/\/fundaciondoctrinacristiana.es\/rinconada\/wp-json\/wp\/v2\/pages"}],"about":[{"href":"https:\/\/fundaciondoctrinacristiana.es\/rinconada\/wp-json\/wp\/v2\/types\/page"}],"author":[{"embeddable":true,"href":"https:\/\/fundaciondoctrinacristiana.es\/rinconada\/wp-json\/wp\/v2\/users\/1"}],"replies":[{"embeddable":true,"href":"https:\/\/fundaciondoctrinacristiana.es\/rinconada\/wp-json\/wp\/v2\/comments?post=37"}],"version-history":[{"count":0,"href":"https:\/\/fundaciondoctrinacristiana.es\/rinconada\/wp-json\/wp\/v2\/pages\/37\/revisions"}],"wp:attachment":[{"href":"https:\/\/fundaciondoctrinacristiana.es\/rinconada\/wp-json\/wp\/v2\/media?parent=37"}],"curies":[{"name":"wp","href":"https:\/\/api.w.org\/{rel}","templated":true}]}}