{"id":370,"date":"2023-02-22T10:30:53","date_gmt":"2023-02-22T09:30:53","guid":{"rendered":"https:\/\/fundaciondoctrinacristiana.es\/rinconada\/?page_id=370"},"modified":"2025-09-03T23:29:43","modified_gmt":"2025-09-03T21:29:43","slug":"contacto","status":"publish","type":"page","link":"https:\/\/fundaciondoctrinacristiana.es\/rinconada\/contacto\/","title":{"rendered":"CONTACTO"},"content":{"rendered":"<p>Secretar\u00eda: <a href=\"mailto:colegiosanjose@larinconada.es\" target=\"_blank\" rel=\"noopener\">colegiosanjose@larinconada.es<\/a><\/p>\n<p>Direcci\u00f3n Pedag\u00f3gica: <a href=\"mailto:luis.garzon@doctrinacristianarinconada.es\">luis.garzon@doctrinacristianarinconada.es<\/a><\/p>\n<p>Jefatura de estudios: <a href=\"mailto:carlos.perez@doctrinacristianarinconada.es\" target=\"_blank\" rel=\"noopener\">carlos.perez@doctrinacristianarinconada.es<\/a><\/p>\n<p>Trabaja con nosotros: <a href=\"mailto:cv@doctrinacristianarinconada.es\" target=\"_blank\" rel=\"noopener\">cv@doctrinacristianarinconada.es<\/a><\/p>\n","protected":false},"excerpt":{"rendered":"<p>Secretar\u00eda: colegiosanjose@larinconada.es Direcci\u00f3n Pedag\u00f3gica: luis.garzon@doctrinacristianarinconada.es Jefatura de estudios: carlos.perez@doctrinacristianarinconada.es Trabaja con nosotros: cv@doctrinacristianarinconada.es<\/p>\n","protected":false},"author":23,"featured_media":0,"parent":0,"menu_order":0,"comment_status":"closed","ping_status":"closed","template":"","meta":{"footnotes":""},"class_list":["post-370","page","type-page","status-publish","hentry"],"_links":{"self":[{"href":"https:\/\/fundaciondoctrinacristiana.es\/rinconada\/wp-json\/wp\/v2\/pages\/370","targetHints":{"allow":["GET"]}}],"collection":[{"href":"https:\/\/fundaciondoctrinacristiana.es\/rinconada\/wp-json\/wp\/v2\/pages"}],"about":[{"href":"https:\/\/fundaciondoctrinacristiana.es\/rinconada\/wp-json\/wp\/v2\/types\/page"}],"author":[{"embeddable":true,"href":"https:\/\/fundaciondoctrinacristiana.es\/rinconada\/wp-json\/wp\/v2\/users\/23"}],"replies":[{"embeddable":true,"href":"https:\/\/fundaciondoctrinacristiana.es\/rinconada\/wp-json\/wp\/v2\/comments?post=370"}],"version-history":[{"count":4,"href":"https:\/\/fundaciondoctrinacristiana.es\/rinconada\/wp-json\/wp\/v2\/pages\/370\/revisions"}],"predecessor-version":[{"id":796,"href":"https:\/\/fundaciondoctrinacristiana.es\/rinconada\/wp-json\/wp\/v2\/pages\/370\/revisions\/796"}],"wp:attachment":[{"href":"https:\/\/fundaciondoctrinacristiana.es\/rinconada\/wp-json\/wp\/v2\/media?parent=370"}],"curies":[{"name":"wp","href":"https:\/\/api.w.org\/{rel}","templated":true}]}}