{"id":39,"date":"2021-03-05T15:31:22","date_gmt":"2021-03-05T15:31:22","guid":{"rendered":"https:\/\/fundaciondoctrinacristiana.es\/rinconada\/?page_id=39"},"modified":"2026-01-19T11:59:19","modified_gmt":"2026-01-19T10:59:19","slug":"comedor","status":"publish","type":"page","link":"https:\/\/fundaciondoctrinacristiana.es\/rinconada\/comedor\/","title":{"rendered":"COMEDOR"},"content":{"rendered":"<p><img fetchpriority=\"high\" decoding=\"async\" class=\"size-full wp-image-40 alignleft\" src=\"https:\/\/fundaciondoctrinacristiana.es\/rinconada\/wp-content\/uploads\/sites\/3\/2021\/03\/Comedor-300x300-1.jpg\" alt=\"\" width=\"300\" height=\"300\" srcset=\"https:\/\/fundaciondoctrinacristiana.es\/rinconada\/wp-content\/uploads\/sites\/3\/2021\/03\/Comedor-300x300-1.jpg 300w, https:\/\/fundaciondoctrinacristiana.es\/rinconada\/wp-content\/uploads\/sites\/3\/2021\/03\/Comedor-300x300-1-150x150.jpg 150w, https:\/\/fundaciondoctrinacristiana.es\/rinconada\/wp-content\/uploads\/sites\/3\/2021\/03\/Comedor-300x300-1-250x250.jpg 250w\" sizes=\"(max-width: 300px) 100vw, 300px\" \/> \u00a0 Desde nuestro centro ofrecemos el servicio de comedor, un espacio id\u00f3neo para que los alumnos adquieran h\u00e1bitos alimenticios saludables, potenciando el descubrimiento del gusto. En todo momento, los alumnos estar\u00e1n acompa\u00f1ados por nuestros monitores. El horario de este servicio es de 14:00 a 16:00, y existen dos modalidades catering o canasto.<\/p>\n<hr class=\"wp-block-separator\" \/>\n<p><strong><u>Catering:<\/u><\/strong> el <span style=\"color: #ff0000\"><a style=\"color: #ff0000\" href=\"http:\/\/colectividadeshgonzalez.com\/\" target=\"_blank\" rel=\"noopener\">Catering Hermanos Gonz\u00e1lez<\/a><\/span> est\u00e1 a cargo de la elaboraci\u00f3n de nuestros platos. Para conocer el men\u00fa haga click en el mes correspondiente en la siguiente tabla:<\/p>\n<table class=\"wp-block-table\">\n<tbody>\n<tr>\n<td><a href=\"https:\/\/drive.google.com\/file\/d\/1PlIYTP_unLgcSq4RsnIUgO4l7K-g9J3s\/view?usp=sharing\" target=\"_blank\" rel=\"noopener\">Enero<\/a><\/td>\n<td>Febrero<\/td>\n<td>Marzo<\/td>\n<td>Abril<\/td>\n<\/tr>\n<tr>\n<td>Mayo<\/td>\n<td>Junio<\/td>\n<td>Julio<\/td>\n<td>Agosto<\/td>\n<\/tr>\n<tr>\n<td><a href=\"https:\/\/drive.google.com\/file\/d\/1txnveOvjbGp2-KdrcQ7GtROuK9SwC0UY\/view?usp=sharing\" target=\"_blank\" rel=\"noopener\">Septiembre<\/a><\/td>\n<td><a href=\"https:\/\/drive.google.com\/file\/d\/1qZhoEIrUw4opDUK9ffGOJFYcD7vtB1Ri\/view?usp=sharing\" target=\"_blank\" rel=\"noopener\">Octubre<\/a><\/td>\n<td><a href=\"https:\/\/drive.google.com\/file\/d\/1gNSuWzfpsvXn28bSkZN8vcc53Flcpw8F\/view?usp=sharing\" target=\"_blank\" rel=\"noopener\">Noviembre<\/a><\/td>\n<td>Diciembre<\/td>\n<\/tr>\n<\/tbody>\n<\/table>\n<p><a href=\"https:\/\/drive.google.com\/file\/d\/1VHi8k_EEiiE_X9UJXZ7vBcLXag5BjxGv\/view?usp=sharing\" target=\"_blank\" rel=\"noopener\"><span style=\"color: #ff0000\">Consulse la lista de al\u00e9rgenos e informaciones varias.<\/span><\/a> <u><\/u> Este servicio se cobra mensualmente de forma \u00edntegra, tal y como figura en la inscripci\u00f3n, una vez pasado el mes. Informamos que la mensualidad se cobrar\u00e1 entera aunque el alumno falte al comedor por cualquier motivo. No obstante, si por cualquier circunstacia usted prevee que un mes va a prescindir de este servicio, deber\u00e1 comunicarlo con al menos una semana de antelaci\u00f3n para que no se le cobre la mensualidad correspondiente, pudi\u00e9ndose dar de alta al mes siguiente o cuando lo necesite.<\/p>\n<p><span style=\"color: #ff0000\">Para\u00a0 consultar el men\u00fa para alumnado con alergias e intolerancias solicite una copia en secretar\u00eda.<\/span> .<\/p>\n<hr class=\"wp-block-separator\" \/>\n<p><strong><u>Canasto:<\/u><\/strong> la familia que lo desee puede traer la comida de casa. De esta manera, ofrecemos un servicio completo para todo tipo de familias.<\/p>\n<hr \/>\n<p>El precio de estos servicios son:<\/p>\n<table class=\"wp-block-table aligncenter is-style-stripes\" style=\"height: 190px\" width=\"279\">\n<tbody>\n<tr>\n<td><\/td>\n<td><strong><strong>PRECIO\u00a0CATERING<\/strong><\/strong><\/p>\n<table>\n<tbody>\n<tr>\n<td>\n<table style=\"height: 177px\" width=\"175\">\n<tbody>\n<tr>\n<td><span style=\"font-weight: 400\">112\u20ac\/mes (hijo \u00fanico)\u00a0<\/span><\/p>\n<p><span style=\"font-weight: 400\">102\/ni\u00f1o (2 hermanos)=204\u20ac<\/span><\/p>\n<p><span style=\"font-weight: 400\">88\u20ac\/ni\u00f1o (3 hermanos)=264\u20ac<\/span><\/p>\n<p><span style=\"font-weight: 400\">D\u00eda suelto: 7\u20ac<\/span><\/td>\n<\/tr>\n<\/tbody>\n<\/table>\n<\/td>\n<\/tr>\n<\/tbody>\n<\/table>\n<\/td>\n<td><strong>PRECIO\u00a0CANASTO<\/strong><\/p>\n<p><span style=\"font-weight: 400\">47\u20ac\/mes o 4\u20ac\/d\u00eda<\/span><\/td>\n<\/tr>\n<\/tbody>\n<\/table>\n<p>&nbsp;<\/p>\n","protected":false},"excerpt":{"rendered":"<p>\u00a0 Desde nuestro centro ofrecemos el servicio de comedor, un espacio id\u00f3neo para que los alumnos adquieran h\u00e1bitos alimenticios saludables, potenciando el descubrimiento del gusto. En todo momento, los alumnos estar\u00e1n acompa\u00f1ados por nuestros monitores. El horario de este servicio es de 14:00 a 16:00, y existen dos modalidades catering o canasto. Catering: el Catering Hermanos Gonz\u00e1lez est\u00e1 a cargo de la elaboraci\u00f3n de nuestros platos. Para conocer el men\u00fa<\/p>\n<p><a class=\"more-link\" href=\"https:\/\/fundaciondoctrinacristiana.es\/rinconada\/comedor\/\">Leer m\u00e1s<\/a><\/p>\n","protected":false},"author":1,"featured_media":0,"parent":0,"menu_order":0,"comment_status":"closed","ping_status":"closed","template":"","meta":{"footnotes":""},"class_list":["post-39","page","type-page","status-publish","hentry"],"_links":{"self":[{"href":"https:\/\/fundaciondoctrinacristiana.es\/rinconada\/wp-json\/wp\/v2\/pages\/39","targetHints":{"allow":["GET"]}}],"collection":[{"href":"https:\/\/fundaciondoctrinacristiana.es\/rinconada\/wp-json\/wp\/v2\/pages"}],"about":[{"href":"https:\/\/fundaciondoctrinacristiana.es\/rinconada\/wp-json\/wp\/v2\/types\/page"}],"author":[{"embeddable":true,"href":"https:\/\/fundaciondoctrinacristiana.es\/rinconada\/wp-json\/wp\/v2\/users\/1"}],"replies":[{"embeddable":true,"href":"https:\/\/fundaciondoctrinacristiana.es\/rinconada\/wp-json\/wp\/v2\/comments?post=39"}],"version-history":[{"count":13,"href":"https:\/\/fundaciondoctrinacristiana.es\/rinconada\/wp-json\/wp\/v2\/pages\/39\/revisions"}],"predecessor-version":[{"id":830,"href":"https:\/\/fundaciondoctrinacristiana.es\/rinconada\/wp-json\/wp\/v2\/pages\/39\/revisions\/830"}],"wp:attachment":[{"href":"https:\/\/fundaciondoctrinacristiana.es\/rinconada\/wp-json\/wp\/v2\/media?parent=39"}],"curies":[{"name":"wp","href":"https:\/\/api.w.org\/{rel}","templated":true}]}}