{"id":58,"date":"2021-03-05T15:36:00","date_gmt":"2021-03-05T15:36:00","guid":{"rendered":"https:\/\/fundaciondoctrinacristiana.es\/rinconada\/?page_id=58"},"modified":"2023-10-24T10:59:32","modified_gmt":"2023-10-24T08:59:32","slug":"primaria","status":"publish","type":"page","link":"https:\/\/fundaciondoctrinacristiana.es\/rinconada\/primaria\/","title":{"rendered":"PRIMARIA"},"content":{"rendered":"<p>La\u00a0finalidad\u00a0de la Educaci\u00f3n Primaria es facilitar a los alumnos y alumnas los aprendizajes de la expresi\u00f3n y comprensi\u00f3n oral, la lectura, la escritura, el c\u00e1lculo, las habilidades l\u00f3gicas y matem\u00e1ticas, la adquisici\u00f3n de nociones b\u00e1sicas de la cultura, y el h\u00e1bito de convivencia as\u00ed como los de estudio y trabajo, el sentido art\u00edstico, la creatividad y la afectividad, con el fin de\u00a0garantizar una formaci\u00f3n integral\u00a0que contribuya al pleno desarrollo de su personalidad, y de prepararlos para cursar con aprovechamiento la Educaci\u00f3n Secundaria Obligatoria.<\/p>\n<p><img fetchpriority=\"high\" decoding=\"async\" class=\"wp-image-566 alignright\" src=\"https:\/\/fundaciondoctrinacristiana.es\/rinconada\/wp-content\/uploads\/sites\/3\/2023\/09\/IMG_20230926_101238-3-scaled.jpg\" alt=\"\" width=\"373\" height=\"279\" srcset=\"https:\/\/fundaciondoctrinacristiana.es\/rinconada\/wp-content\/uploads\/sites\/3\/2023\/09\/IMG_20230926_101238-3-scaled.jpg 2560w, https:\/\/fundaciondoctrinacristiana.es\/rinconada\/wp-content\/uploads\/sites\/3\/2023\/09\/IMG_20230926_101238-3-300x224.jpg 300w, https:\/\/fundaciondoctrinacristiana.es\/rinconada\/wp-content\/uploads\/sites\/3\/2023\/09\/IMG_20230926_101238-3-1024x766.jpg 1024w, https:\/\/fundaciondoctrinacristiana.es\/rinconada\/wp-content\/uploads\/sites\/3\/2023\/09\/IMG_20230926_101238-3-768x575.jpg 768w, https:\/\/fundaciondoctrinacristiana.es\/rinconada\/wp-content\/uploads\/sites\/3\/2023\/09\/IMG_20230926_101238-3-1536x1149.jpg 1536w, https:\/\/fundaciondoctrinacristiana.es\/rinconada\/wp-content\/uploads\/sites\/3\/2023\/09\/IMG_20230926_101238-3-2048x1532.jpg 2048w, https:\/\/fundaciondoctrinacristiana.es\/rinconada\/wp-content\/uploads\/sites\/3\/2023\/09\/IMG_20230926_101238-3-800x599.jpg 800w, https:\/\/fundaciondoctrinacristiana.es\/rinconada\/wp-content\/uploads\/sites\/3\/2023\/09\/IMG_20230926_101238-3-400x300.jpg 400w\" sizes=\"(max-width: 373px) 100vw, 373px\" \/><\/p>\n<p>La Educaci\u00f3n Primaria contribuir\u00e1 a desarrollar en los ni\u00f1os y las ni\u00f1as las capacidades que les permitan:<\/p>\n<ul>\n<li class=\"ta-justify\">Conocer y apreciar los valores y las normas de convivencia, aprender a obrar de acuerdo con ellas de forma emp\u00e1tica, prepararse para el ejercicio activo de la ciudadan\u00eda y respetar los derechos humanos, as\u00ed como el pluralismo propio de una sociedad democr\u00e1tica.<\/li>\n<li class=\"ta-justify\">Desarrollar h\u00e1bitos de trabajo individual y de equipo, de esfuerzo y de responsabilidad en el estudio, as\u00ed como actitudes de confianza en s\u00ed mismo, sentido cr\u00edtico, iniciativa personal, curiosidad, inter\u00e9s y creatividad en el aprendizaje, y esp\u00edritu emprendedor.<\/li>\n<li class=\"ta-justify\">Adquirir habilidades para la resoluci\u00f3n pac\u00edfica de conflictos y la prevenci\u00f3n de la violencia, que les permitan desenvolverse con autonom\u00eda en el \u00e1mbito escolar y familiar, as\u00ed como en los grupos sociales con los que se relacionan.<\/li>\n<li class=\"ta-justify\">Conocer, comprender y respetar las diferentes culturas\u00a0y las diferencias entre las personas, la igualdad de derechos y oportunidades de hombres y mujeres y la no discriminaci\u00f3n de personas por motivos de etnia, orientaci\u00f3n o identidad sexual, religi\u00f3n o creencias, discapacidad u otras condiciones.<\/li>\n<li class=\"ta-justify\">Conocer y utilizar de manera apropiada la lengua castellana y, si la hubiere,\u00a0la lengua cooficial de la comunidad aut\u00f3noma\u00a0y desarrollar h\u00e1bitos de lectura.<\/li>\n<li class=\"ta-justify\">Adquirir en, al menos, una lengua extranjera la competencia comunicativa b\u00e1sica\u00a0que les permita expresar y comprender mensajes sencillos y desenvolverse en situaciones cotidianas.<\/li>\n<li class=\"ta-justify\">Desarrollar las competencias matem\u00e1ticas b\u00e1sicas e iniciarse en la resoluci\u00f3n de problemas\u00a0que requieran la realizaci\u00f3n de operaciones elementales de c\u00e1lculo, conocimientos geom\u00e9tricos y estimaciones, as\u00ed como ser capaces de aplicarlos a las situaciones de su vida cotidiana.<img decoding=\"async\" class=\"wp-image-595 alignleft\" src=\"https:\/\/fundaciondoctrinacristiana.es\/rinconada\/wp-content\/uploads\/sites\/3\/2023\/10\/IMG_20230926_101010-scaled.jpg\" alt=\"\" width=\"389\" height=\"291\" srcset=\"https:\/\/fundaciondoctrinacristiana.es\/rinconada\/wp-content\/uploads\/sites\/3\/2023\/10\/IMG_20230926_101010-scaled.jpg 2560w, https:\/\/fundaciondoctrinacristiana.es\/rinconada\/wp-content\/uploads\/sites\/3\/2023\/10\/IMG_20230926_101010-300x224.jpg 300w, https:\/\/fundaciondoctrinacristiana.es\/rinconada\/wp-content\/uploads\/sites\/3\/2023\/10\/IMG_20230926_101010-1024x766.jpg 1024w, https:\/\/fundaciondoctrinacristiana.es\/rinconada\/wp-content\/uploads\/sites\/3\/2023\/10\/IMG_20230926_101010-768x575.jpg 768w, https:\/\/fundaciondoctrinacristiana.es\/rinconada\/wp-content\/uploads\/sites\/3\/2023\/10\/IMG_20230926_101010-1536x1149.jpg 1536w, https:\/\/fundaciondoctrinacristiana.es\/rinconada\/wp-content\/uploads\/sites\/3\/2023\/10\/IMG_20230926_101010-2048x1532.jpg 2048w, https:\/\/fundaciondoctrinacristiana.es\/rinconada\/wp-content\/uploads\/sites\/3\/2023\/10\/IMG_20230926_101010-800x599.jpg 800w, https:\/\/fundaciondoctrinacristiana.es\/rinconada\/wp-content\/uploads\/sites\/3\/2023\/10\/IMG_20230926_101010-400x300.jpg 400w\" sizes=\"(max-width: 389px) 100vw, 389px\" \/><\/li>\n<li class=\"ta-justify\">Conocer\u00a0los aspectos fundamentales\u00a0de las\u00a0Ciencias de la Naturaleza, las Ciencias Sociales, la Geograf\u00eda, la Historia y la Cultura.<\/li>\n<li class=\"ta-justify\">Desarrollar las competencias tecnol\u00f3gicas b\u00e1sicas\u00a0e iniciarse en su utilizaci\u00f3n, para el aprendizaje, desarrollando un esp\u00edritu cr\u00edtico ante su funcionamiento y los mensajes que reciben y elaboran.<\/li>\n<li class=\"ta-justify\">Utilizar diferentes representaciones y expresiones art\u00edsticas\u00a0e iniciarse en la construcci\u00f3n de propuestas visuales y audiovisuales.<\/li>\n<li class=\"ta-justify\">Valorar la higiene y la salud, aceptar el propio cuerpo y el de los otros,\u00a0respetar las diferencias y utilizar la educaci\u00f3n f\u00edsica, el deporte y la alimentaci\u00f3n como medios para favorecer el desarrollo personal y social.<\/li>\n<li class=\"ta-justify\">Conocer y valorar los animales m\u00e1s pr\u00f3ximos al ser humano\u00a0y adoptar modos de comportamiento que favorezcan la empat\u00eda y su cuidado.<\/li>\n<li class=\"ta-justify\">Desarrollar sus capacidades afectivas en todos los \u00e1mbitos\u00a0de la personalidad y en sus relaciones con las dem\u00e1s personas, as\u00ed como una actitud contraria a la violencia, a los prejuicios de cualquier tipo y a los estereotipos sexistas.<\/li>\n<li class=\"ta-justify\">Desarrollar h\u00e1bitos cotidianos de movilidad activa aut\u00f3noma saludable, fomentando la educaci\u00f3n vial y actitudes de respeto que incidan en la prevenci\u00f3n de los accidentes de tr\u00e1fico.<\/li>\n<\/ul>\n","protected":false},"excerpt":{"rendered":"<p>La\u00a0finalidad\u00a0de la Educaci\u00f3n Primaria es facilitar a los alumnos y alumnas los aprendizajes de la expresi\u00f3n y comprensi\u00f3n oral, la lectura, la escritura, el c\u00e1lculo, las habilidades l\u00f3gicas y matem\u00e1ticas, la adquisici\u00f3n de nociones b\u00e1sicas de la cultura, y el h\u00e1bito de convivencia as\u00ed como los de estudio y trabajo, el sentido art\u00edstico, la creatividad y la afectividad, con el fin de\u00a0garantizar una formaci\u00f3n integral\u00a0que contribuya al pleno desarrollo de<\/p>\n<p><a class=\"more-link\" href=\"https:\/\/fundaciondoctrinacristiana.es\/rinconada\/primaria\/\">Leer m\u00e1s<\/a><\/p>\n","protected":false},"author":1,"featured_media":0,"parent":0,"menu_order":0,"comment_status":"closed","ping_status":"closed","template":"","meta":{"footnotes":""},"class_list":["post-58","page","type-page","status-publish","hentry"],"_links":{"self":[{"href":"https:\/\/fundaciondoctrinacristiana.es\/rinconada\/wp-json\/wp\/v2\/pages\/58","targetHints":{"allow":["GET"]}}],"collection":[{"href":"https:\/\/fundaciondoctrinacristiana.es\/rinconada\/wp-json\/wp\/v2\/pages"}],"about":[{"href":"https:\/\/fundaciondoctrinacristiana.es\/rinconada\/wp-json\/wp\/v2\/types\/page"}],"author":[{"embeddable":true,"href":"https:\/\/fundaciondoctrinacristiana.es\/rinconada\/wp-json\/wp\/v2\/users\/1"}],"replies":[{"embeddable":true,"href":"https:\/\/fundaciondoctrinacristiana.es\/rinconada\/wp-json\/wp\/v2\/comments?post=58"}],"version-history":[{"count":0,"href":"https:\/\/fundaciondoctrinacristiana.es\/rinconada\/wp-json\/wp\/v2\/pages\/58\/revisions"}],"wp:attachment":[{"href":"https:\/\/fundaciondoctrinacristiana.es\/rinconada\/wp-json\/wp\/v2\/media?parent=58"}],"curies":[{"name":"wp","href":"https:\/\/api.w.org\/{rel}","templated":true}]}}