{"id":60,"date":"2021-03-05T15:36:30","date_gmt":"2021-03-05T15:36:30","guid":{"rendered":"https:\/\/fundaciondoctrinacristiana.es\/rinconada\/?page_id=60"},"modified":"2023-02-21T17:02:54","modified_gmt":"2023-02-21T16:02:54","slug":"secundaria","status":"publish","type":"page","link":"https:\/\/fundaciondoctrinacristiana.es\/rinconada\/secundaria\/","title":{"rendered":"SECUNDARIA"},"content":{"rendered":"<p>La finalidad de la Educaci\u00f3n Secundaria Obligatoria consiste en\u00a0lograr que los alumnos y alumnas adquieran los elementos b\u00e1sicos de la cultura, especialmente en sus aspectos human\u00edstico, art\u00edstico, cient\u00edfico-tecnol\u00f3gico y motor;\u00a0desarrollar y consolidar los h\u00e1bitos de estudio\u00a0y de trabajo, as\u00ed como\u00a0h\u00e1bitos de vida saludables, prepar\u00e1ndolos para su incorporaci\u00f3n a estudios posteriores y para su inserci\u00f3n laboral; y formarlos para el ejercicio de sus derechos y obligaciones de la vida como ciudadanos y ciudadanas.<\/p>\n<p>La Educaci\u00f3n Secundaria Obligatoria contribuir\u00e1 a desarrollar en los ni\u00f1os y las ni\u00f1as las capacidades que les permitan:<\/p>\n<ul>\n<li class=\"ta-justify\">Asumir responsablemente sus deberes, conocer y ejercer sus derechos\u00a0en el respeto a las dem\u00e1s personas, practicar la tolerancia, la cooperaci\u00f3n y la solidaridad entre las personas y grupos, ejercitarse en el di\u00e1logo afianzando los derechos humanos como valores comunes de una sociedad plural y prepararse para el ejercicio de la ciudadan\u00eda democr\u00e1tica.<\/li>\n<li class=\"ta-justify\">Desarrollar y consolidar h\u00e1bitos de disciplina, estudio y trabajo individual y en equipo\u00a0como condici\u00f3n necesaria para una realizaci\u00f3n eficaz de las tareas del aprendizaje y como medio de desarrollo personal.<\/li>\n<li class=\"ta-justify\">Valorar y respetar la diferencia de sexos y la igualdad de derechos y oportunidades entre ellos. Rechazar los estereotipos que supongan discriminaci\u00f3n entre hombres y mujeres.<\/li>\n<li class=\"ta-justify\">Fortalecer sus capacidades afectivas\u00a0en todos los \u00e1mbitos de la personalidad y en sus relaciones con las dem\u00e1s personas, as\u00ed como rechazar la violencia, los prejuicios de cualquier tipo, los comportamientos sexistas y resolver pac\u00edficamente los conflictos.<\/li>\n<li class=\"ta-justify\">Desarrollar destrezas b\u00e1sicas\u00a0en la utilizaci\u00f3n de las fuentes de informaci\u00f3n para, con sentido cr\u00edtico, adquirir nuevos conocimientos. Desarrollar las competencias tecnol\u00f3gicas b\u00e1sicas y avanzar en una reflexi\u00f3n \u00e9tica sobre su funcionamiento y utilizaci\u00f3n.<\/li>\n<li class=\"ta-justify\">Concebir el conocimiento cient\u00edfico como un saber integrado, que se estructura en distintas disciplinas, as\u00ed como conocer y aplicar los m\u00e9todos para identificar los problemas en los diversos campos del conocimiento y de la experiencia.<\/li>\n<li class=\"ta-justify\">Desarrollar el esp\u00edritu emprendedor y la confianza en s\u00ed mismo, la participaci\u00f3n, el sentido cr\u00edtico, la iniciativa personal y la capacidad para aprender a aprender, planificar, tomar decisiones y asumir responsabilidades.<\/li>\n<li class=\"ta-justify\">Comprender y expresar con correcci\u00f3n, oralmente y por escrito, en la lengua castellana y, si la hubiere, en la lengua cooficial de la comunidad aut\u00f3noma,\u00a0textos y mensajes complejos, e iniciarse en el conocimiento, la lectura y el estudio de la literatura.<\/li>\n<li class=\"ta-justify\">Comprender y expresarse en una o m\u00e1s lenguas extranjeras\u00a0de manera apropiada.<\/li>\n<li class=\"ta-justify\">Conocer, valorar y respetar los aspectos b\u00e1sicos de la cultura y la historia propias y de las dem\u00e1s personas, as\u00ed como el patrimonio art\u00edstico y cultural.<\/li>\n<li class=\"ta-justify\">Conocer y aceptar el funcionamiento del propio cuerpo y el de los otros, respetar las diferencias,\u00a0afianzar los h\u00e1bitos de cuidado y salud corporales e incorporar la educaci\u00f3n f\u00edsica y la pr\u00e1ctica del deporte para favorecer el desarrollo personal y social. Conocer y valorar la dimensi\u00f3n humana de la sexualidad en toda su diversidad. Valorar cr\u00edticamente los h\u00e1bitos sociales relacionados con la salud, el consumo, el cuidado, la empat\u00eda y el respeto hacia los seres vivos, especialmente los animales, y el medio ambiente, contribuyendo a su conservaci\u00f3n y mejora.<\/li>\n<li class=\"ta-justify\">Apreciar la creaci\u00f3n art\u00edstica y comprender el lenguaje de las distintas manifestaciones art\u00edsticas,\u00a0utilizando diversos medios de expresi\u00f3n y representaci\u00f3n.<\/li>\n<\/ul>\n","protected":false},"excerpt":{"rendered":"<p>La finalidad de la Educaci\u00f3n Secundaria Obligatoria consiste en\u00a0lograr que los alumnos y alumnas adquieran los elementos b\u00e1sicos de la cultura, especialmente en sus aspectos human\u00edstico, art\u00edstico, cient\u00edfico-tecnol\u00f3gico y motor;\u00a0desarrollar y consolidar los h\u00e1bitos de estudio\u00a0y de trabajo, as\u00ed como\u00a0h\u00e1bitos de vida saludables, prepar\u00e1ndolos para su incorporaci\u00f3n a estudios posteriores y para su inserci\u00f3n laboral; y formarlos para el ejercicio de sus derechos y obligaciones de la vida como ciudadanos<\/p>\n<p><a class=\"more-link\" href=\"https:\/\/fundaciondoctrinacristiana.es\/rinconada\/secundaria\/\">Leer m\u00e1s<\/a><\/p>\n","protected":false},"author":1,"featured_media":0,"parent":0,"menu_order":0,"comment_status":"closed","ping_status":"closed","template":"","meta":{"footnotes":""},"class_list":["post-60","page","type-page","status-publish","hentry"],"_links":{"self":[{"href":"https:\/\/fundaciondoctrinacristiana.es\/rinconada\/wp-json\/wp\/v2\/pages\/60","targetHints":{"allow":["GET"]}}],"collection":[{"href":"https:\/\/fundaciondoctrinacristiana.es\/rinconada\/wp-json\/wp\/v2\/pages"}],"about":[{"href":"https:\/\/fundaciondoctrinacristiana.es\/rinconada\/wp-json\/wp\/v2\/types\/page"}],"author":[{"embeddable":true,"href":"https:\/\/fundaciondoctrinacristiana.es\/rinconada\/wp-json\/wp\/v2\/users\/1"}],"replies":[{"embeddable":true,"href":"https:\/\/fundaciondoctrinacristiana.es\/rinconada\/wp-json\/wp\/v2\/comments?post=60"}],"version-history":[{"count":0,"href":"https:\/\/fundaciondoctrinacristiana.es\/rinconada\/wp-json\/wp\/v2\/pages\/60\/revisions"}],"wp:attachment":[{"href":"https:\/\/fundaciondoctrinacristiana.es\/rinconada\/wp-json\/wp\/v2\/media?parent=60"}],"curies":[{"name":"wp","href":"https:\/\/api.w.org\/{rel}","templated":true}]}}