{"id":65,"date":"2021-03-05T15:40:26","date_gmt":"2021-03-05T15:40:26","guid":{"rendered":"https:\/\/fundaciondoctrinacristiana.es\/rinconada\/?page_id=65"},"modified":"2021-03-05T15:40:26","modified_gmt":"2021-03-05T15:40:26","slug":"pastoral","status":"publish","type":"page","link":"https:\/\/fundaciondoctrinacristiana.es\/rinconada\/pastoral\/","title":{"rendered":"PASTORAL"},"content":{"rendered":"<ul>\n<li>Oraci\u00f3n de la ma\u00f1ana en E.P<\/li>\n<li>Oratorio de 1\u00ba EP a 1\u00ba ESO.<\/li>\n<li>Lectura y reflexi\u00f3n de evangelio en ESO.<\/li>\n<li>Celebraciones de los d\u00edas de: Padres Fundadores, DOMUND, Navidad , D\u00eda de la Paz, Cuaresm<span style=\"font-size: 1rem;\">a ,Semana Santa, Pascua y Mes de Mar\u00eda.<\/span><\/li>\n<li><img fetchpriority=\"high\" decoding=\"async\" class=\" wp-image-66 alignright\" src=\"https:\/\/fundaciondoctrinacristiana.es\/rinconada\/wp-content\/uploads\/sites\/3\/2021\/03\/IMG_20190925_101347_opt.jpg\" alt=\"\" width=\"327\" height=\"245\" srcset=\"https:\/\/fundaciondoctrinacristiana.es\/rinconada\/wp-content\/uploads\/sites\/3\/2021\/03\/IMG_20190925_101347_opt.jpg 400w, https:\/\/fundaciondoctrinacristiana.es\/rinconada\/wp-content\/uploads\/sites\/3\/2021\/03\/IMG_20190925_101347_opt-300x225.jpg 300w\" sizes=\"(max-width: 327px) 100vw, 327px\" \/>Acompa\u00f1amiento regular de Nuestro Capell\u00e1n en el \u00e1mbito sacramental, as\u00ed como asesoramiento en todo lo religioso y distintas celebraciones religiosas. Eucarist\u00edas cada dos semanas con los distintos grupos.<\/li>\n<\/ul>\n<p>En la formaci\u00f3n de nuestros alumnos despu\u00e9s del horario escolar, realizando una profundizaci\u00f3n en la fe y en el Carisma de la Doctrina Cristiana. Esta labor se viene realizando desde el curso 2011- 2012.<\/p>\n<ul>\n<li>Semilla I y II (5\u00ba y 6\u00ba EP)<\/li>\n<li>Brotes I, II y III (1\u00ba, 2\u00ba Y 3\u00ba ESO)<\/li>\n<li>Espigas(4\u00ba ESO)<\/li>\n<li>Animadores de Pastoral.<\/li>\n<li>Sembradores( Padres y antiguos alumnos).<\/li>\n<\/ul>\n<p>&nbsp;<\/p>\n<p>&nbsp;<\/p>\n<h1 style=\"text-align: center;\"><b>Calendario actividades de Pastoral curso 19-20:<\/b><\/h1>\n<p>&nbsp;<\/p>\n<ul>\n<li style=\"font-weight: 400;\"><span style=\"font-weight: 400;\">5-9-19 Reuni\u00f3n del Equipo de Pastoral por la ma\u00f1ana.<\/span><\/li>\n<li style=\"font-weight: 400;\"><span style=\"font-weight: 400;\">25-9-19 Eucarist\u00eda inicio de curso y d\u00eda de Madre Mercedes a las 9,30 desde 3\u00baEP a 4\u00ba ESO con la invitaci\u00f3n a padres.<\/span><\/li>\n<li style=\"font-weight: 400;\"><span style=\"font-weight: 400;\">1-10-19 Formaci\u00f3n afectivo- sexual del Claustro por la tarde.<\/span><\/li>\n<li style=\"font-weight: 400;\"><span style=\"font-weight: 400;\">29-10-19 a las 15.30 formaci\u00f3n con los grupos de Pastoral y reuni\u00f3n del equipo de Pastoral a las 16.30.<\/span><\/li>\n<li style=\"font-weight: 400;\"><span style=\"font-weight: 400;\">15-10-19 a las 17.30, preparaci\u00f3n inicio de Grupos Semilla.<\/span><\/li>\n<li style=\"font-weight: 400;\"><span style=\"font-weight: 400;\">\u00a026-10-19 a las 17.30, revisi\u00f3n Proyecto de Pastoral.<\/span><\/li>\n<li style=\"font-weight: 400;\"><span style=\"font-weight: 400;\">5-11-19 Formaci\u00f3n afectivo sexual del claustro\u00a0<\/span><\/li>\n<li style=\"font-weight: 400;\"><span style=\"font-weight: 400;\">26-11-19 a las 15.30 formaci\u00f3n con los grupos de Pastoral y reuni\u00f3n del equipo de Pastoral.<\/span><\/li>\n<li style=\"font-weight: 400;\"><span style=\"font-weight: 400;\">\u00a030-11-10. Recogida de alimentos para campa\u00f1a de Navidad, organizaci\u00f3n por parte del colegio con la participaci\u00f3n de alumnos, padres y profesores.\u00a0<\/span><\/li>\n<li style=\"font-weight: 400;\"><span style=\"font-weight: 400;\">4-12-19\u00a0 Paraliturgia celebraci\u00f3n de la Inmaculada EP y ESO en el colegio.<\/span><\/li>\n<li style=\"font-weight: 400;\"><span style=\"font-weight: 400;\">16-12-19 Visita a residencia y villancicos con los grupos de Pastoral.<\/span><\/li>\n<li style=\"font-weight: 400;\"><span style=\"font-weight: 400;\">18-12-19 Eucarist\u00eda celebraci\u00f3n de Navidad a las 12,230 h.<\/span><\/li>\n<li style=\"font-weight: 400;\"><span style=\"font-weight: 400;\">7-1-20 a las 17.30, preparar V\u00eda Crucis y revisi\u00f3n Proyecto de Pastoral.<\/span><\/li>\n<li style=\"font-weight: 400;\"><span style=\"font-weight: 400;\">14-1-20 Formaci\u00f3n del Claustro.<\/span><\/li>\n<li style=\"font-weight: 400;\"><span style=\"font-weight: 400;\">28-1-20 grupos de Pastoral y reuni\u00f3n del Equipo de Pastoral.<\/span><\/li>\n<li style=\"font-weight: 400;\"><span style=\"font-weight: 400;\">11-2-20 Formaci\u00f3n del claustro<\/span><\/li>\n<li style=\"font-weight: 400;\"><span style=\"font-weight: 400;\">25-2-20 Organizaci\u00f3n V\u00eda Crucis con grupos de pastoral.<\/span><\/li>\n<li style=\"font-weight: 400;\"><span style=\"font-weight: 400;\">26-2-20 Celebraci\u00f3n \u201cmi\u00e9rcoles de ceniza\u201d.<\/span><\/li>\n<li style=\"font-weight: 400;\"><span style=\"font-weight: 400;\">14-3-20 Formaci\u00f3n del claustro.<\/span><\/li>\n<li style=\"font-weight: 400;\"><span style=\"font-weight: 400;\">24-3-20 Organizaci\u00f3n V\u00eda Crucis con grupos de pastoral.<\/span><\/li>\n<li style=\"font-weight: 400;\"><span style=\"font-weight: 400;\">\u00a03-4-20 Realizaci\u00f3n de V\u00eda crucis, invitaci\u00f3n a padres y a los alumnos de AFADI.<\/span><\/li>\n<li style=\"font-weight: 400;\"><span style=\"font-weight: 400;\">21-4-20 a las 17:30 h. Prepara salida al \u201chogar de Nazaret\u201d<\/span><\/li>\n<li style=\"font-weight: 400;\"><span style=\"font-weight: 400;\">28 -4-20 Formaci\u00f3n de los grupos de Pastoral. Visita al Hogar de Nazaret y reuni\u00f3n del equipo.<\/span><\/li>\n<li style=\"font-weight: 400;\"><span style=\"font-weight: 400;\">8 o 15 de Mayo D\u00eda de Padre Fundador con invitaci\u00f3n a la misa a padres<\/span><\/li>\n<li style=\"font-weight: 400;\"><span style=\"font-weight: 400;\">26 -5-20 Formaci\u00f3n de los grupos de Pastoral. Visita a ACAT o Alcoh\u00f3licos an\u00f3nimos y\u00a0 reuni\u00f3n del equipo, fin de actividades.<\/span><\/li>\n<li style=\"font-weight: 400;\"><span style=\"font-weight: 400;\">\u00a017-6-20 por a las 9:30 Misa fin de curso con invitaci\u00f3n a padres, protagonistas 4\u00ba ESO Y 4\u00ba DE EP.<\/span><\/li>\n<li style=\"font-weight: 400;\"><span style=\"font-weight: 400;\">17-6-20 a las 18.30h Misa despedida 4\u00ba ESO.<\/span><\/li>\n<li style=\"font-weight: 400;\"><span style=\"font-weight: 400;\">24-6-20 Reuni\u00f3n Equipo, revisi\u00f3n del curso.<\/span><\/li>\n<\/ul>\n","protected":false},"excerpt":{"rendered":"<p>Oraci\u00f3n de la ma\u00f1ana en E.P Oratorio de 1\u00ba EP a 1\u00ba ESO. Lectura y reflexi\u00f3n de evangelio en ESO. Celebraciones de los d\u00edas de: Padres Fundadores, DOMUND, Navidad , D\u00eda de la Paz, Cuaresma ,Semana Santa, Pascua y Mes de Mar\u00eda. Acompa\u00f1amiento regular de Nuestro Capell\u00e1n en el \u00e1mbito sacramental, as\u00ed como asesoramiento en todo lo religioso y distintas celebraciones religiosas. Eucarist\u00edas cada dos semanas con los distintos grupos.<\/p>\n<p><a class=\"more-link\" href=\"https:\/\/fundaciondoctrinacristiana.es\/rinconada\/pastoral\/\">Leer m\u00e1s<\/a><\/p>\n","protected":false},"author":1,"featured_media":0,"parent":0,"menu_order":0,"comment_status":"closed","ping_status":"closed","template":"","meta":{"footnotes":""},"class_list":["post-65","page","type-page","status-publish","hentry"],"_links":{"self":[{"href":"https:\/\/fundaciondoctrinacristiana.es\/rinconada\/wp-json\/wp\/v2\/pages\/65","targetHints":{"allow":["GET"]}}],"collection":[{"href":"https:\/\/fundaciondoctrinacristiana.es\/rinconada\/wp-json\/wp\/v2\/pages"}],"about":[{"href":"https:\/\/fundaciondoctrinacristiana.es\/rinconada\/wp-json\/wp\/v2\/types\/page"}],"author":[{"embeddable":true,"href":"https:\/\/fundaciondoctrinacristiana.es\/rinconada\/wp-json\/wp\/v2\/users\/1"}],"replies":[{"embeddable":true,"href":"https:\/\/fundaciondoctrinacristiana.es\/rinconada\/wp-json\/wp\/v2\/comments?post=65"}],"version-history":[{"count":0,"href":"https:\/\/fundaciondoctrinacristiana.es\/rinconada\/wp-json\/wp\/v2\/pages\/65\/revisions"}],"wp:attachment":[{"href":"https:\/\/fundaciondoctrinacristiana.es\/rinconada\/wp-json\/wp\/v2\/media?parent=65"}],"curies":[{"name":"wp","href":"https:\/\/api.w.org\/{rel}","templated":true}]}}