{"id":81,"date":"2021-03-05T15:50:55","date_gmt":"2021-03-05T15:50:55","guid":{"rendered":"https:\/\/fundaciondoctrinacristiana.es\/rinconada\/?page_id=81"},"modified":"2024-01-31T10:23:10","modified_gmt":"2024-01-31T09:23:10","slug":"81-2","status":"publish","type":"page","link":"https:\/\/fundaciondoctrinacristiana.es\/rinconada\/81-2\/","title":{"rendered":"SECRETAR\u00cdA"},"content":{"rendered":"<p><img fetchpriority=\"high\" decoding=\"async\" class=\"wp-image-83 aligncenter\" style=\"margin-top: 0.857143rem;margin-bottom: 0.857143rem;margin-left: 1.71429rem\" src=\"https:\/\/fundaciondoctrinacristiana.es\/rinconada\/wp-content\/uploads\/sites\/3\/2021\/03\/logo_administracion-1024x390.png\" alt=\"\" width=\"478\" height=\"182\" srcset=\"https:\/\/fundaciondoctrinacristiana.es\/rinconada\/wp-content\/uploads\/sites\/3\/2021\/03\/logo_administracion-1024x390.png 1024w, https:\/\/fundaciondoctrinacristiana.es\/rinconada\/wp-content\/uploads\/sites\/3\/2021\/03\/logo_administracion-300x114.png 300w, https:\/\/fundaciondoctrinacristiana.es\/rinconada\/wp-content\/uploads\/sites\/3\/2021\/03\/logo_administracion-768x293.png 768w, https:\/\/fundaciondoctrinacristiana.es\/rinconada\/wp-content\/uploads\/sites\/3\/2021\/03\/logo_administracion-1536x585.png 1536w, https:\/\/fundaciondoctrinacristiana.es\/rinconada\/wp-content\/uploads\/sites\/3\/2021\/03\/logo_administracion-800x305.png 800w, https:\/\/fundaciondoctrinacristiana.es\/rinconada\/wp-content\/uploads\/sites\/3\/2021\/03\/logo_administracion.png 1890w\" sizes=\"(max-width: 478px) 100vw, 478px\" \/><\/p>\n<p>En esta secci\u00f3n encontraras todo lo necesario para gestionar los servicios y extraescolaresofrecidos por el colegio, as\u00ed como el horario de secretar\u00eda y direcci\u00f3n.<\/p>\n<p><strong><u>Horario de secretar\u00eda:<\/u><\/strong>\u00a0de lunes a viernes, de 08:30 a 13:30.<\/p>\n<p><strong><u>Horario de direcci\u00f3n<\/u>:<\/strong> mi\u00e9rcoles, de 11:30 a 13:30 <span style=\"color: #993300\">CON<\/span> cita previa<\/p>\n<p>Si desea ponerse en contacto con nosotros, puede hacerlo mediante el siguiente formulario o llamando a nuestro tel\u00e9fono 954 790 040 .<\/p>\n\n<div class=\"wpcf7 no-js\" id=\"wpcf7-f200-o1\" lang=\"es-ES\" dir=\"ltr\" data-wpcf7-id=\"200\">\n<div class=\"screen-reader-response\"><p role=\"status\" aria-live=\"polite\" aria-atomic=\"true\"><\/p> <ul><\/ul><\/div>\n<form action=\"\/rinconada\/wp-json\/wp\/v2\/pages\/81#wpcf7-f200-o1\" method=\"post\" class=\"wpcf7-form init wpcf7-acceptance-as-validation\" aria-label=\"Formulario de contacto\" novalidate=\"novalidate\" data-status=\"init\">\n<fieldset class=\"hidden-fields-container\"><input type=\"hidden\" name=\"_wpcf7\" value=\"200\" \/><input type=\"hidden\" name=\"_wpcf7_version\" value=\"6.1.5\" \/><input type=\"hidden\" name=\"_wpcf7_locale\" value=\"es_ES\" \/><input type=\"hidden\" name=\"_wpcf7_unit_tag\" value=\"wpcf7-f200-o1\" \/><input type=\"hidden\" name=\"_wpcf7_container_post\" value=\"0\" \/><input type=\"hidden\" name=\"_wpcf7_posted_data_hash\" value=\"\" \/><input type=\"hidden\" name=\"_wpcf7_recaptcha_response\" value=\"\" \/>\n<\/fieldset>\n<p><label> Tu nombre<br \/>\n<span class=\"wpcf7-form-control-wrap\" data-name=\"your-name\"><input size=\"40\" maxlength=\"400\" class=\"wpcf7-form-control wpcf7-text wpcf7-validates-as-required\" aria-required=\"true\" aria-invalid=\"false\" value=\"\" type=\"text\" name=\"your-name\" \/><\/span> <\/label>\n<\/p>\n<p><label> Tu correo electr\u00f3nico<br \/>\n<span class=\"wpcf7-form-control-wrap\" data-name=\"your-email\"><input size=\"40\" maxlength=\"400\" class=\"wpcf7-form-control wpcf7-email wpcf7-validates-as-required wpcf7-text wpcf7-validates-as-email\" aria-required=\"true\" aria-invalid=\"false\" value=\"\" type=\"email\" name=\"your-email\" \/><\/span> <\/label>\n<\/p>\n<p><label> Asunto<br \/>\n<span class=\"wpcf7-form-control-wrap\" data-name=\"your-subject\"><input size=\"40\" maxlength=\"400\" class=\"wpcf7-form-control wpcf7-text\" aria-invalid=\"false\" value=\"\" type=\"text\" name=\"your-subject\" \/><\/span> <\/label>\n<\/p>\n<p><label> Tu mensaje<br \/>\n<span class=\"wpcf7-form-control-wrap\" data-name=\"your-message\"><textarea cols=\"40\" rows=\"10\" maxlength=\"2000\" class=\"wpcf7-form-control wpcf7-textarea wpcf7-validates-as-required\" aria-required=\"true\" aria-invalid=\"false\" name=\"your-message\"><\/textarea><\/span> <\/label>\n<\/p>\n<p><span class=\"wpcf7-form-control-wrap\" data-name=\"acceptance-127\"><span class=\"wpcf7-form-control wpcf7-acceptance\"><span class=\"wpcf7-list-item\"><label><input type=\"checkbox\" name=\"acceptance-127\" value=\"1\" aria-invalid=\"false\" \/><span class=\"wpcf7-list-item-label\">He le\u00eddo y acepto la <a href=\"\/tratamiento-de-datos-de-caracter-personal\/\" target=\"_blank\" rel=\"noopener\">pol\u00edtica de tratamiento de datos de car\u00e1cter personal<\/a>.<\/span><\/label><\/span><\/span><\/span>\n<\/p>\n\n<p><input class=\"wpcf7-form-control wpcf7-submit has-spinner\" type=\"submit\" value=\"Enviar\" \/>\n<\/p><div class=\"wpcf7-response-output\" aria-hidden=\"true\"><\/div>\n<\/form>\n<\/div>\n\n","protected":false},"excerpt":{"rendered":"<p>En esta secci\u00f3n encontraras todo lo necesario para gestionar los servicios y extraescolaresofrecidos por el colegio, as\u00ed como el horario de secretar\u00eda y direcci\u00f3n. Horario de secretar\u00eda:\u00a0de lunes a viernes, de 08:30 a 13:30. Horario de direcci\u00f3n: mi\u00e9rcoles, de 11:30 a 13:30 CON cita previa Si desea ponerse en contacto con nosotros, puede hacerlo mediante el siguiente formulario o llamando a nuestro tel\u00e9fono 954 790 040 .<\/p>\n","protected":false},"author":1,"featured_media":0,"parent":0,"menu_order":0,"comment_status":"closed","ping_status":"closed","template":"","meta":{"footnotes":""},"class_list":["post-81","page","type-page","status-publish","hentry"],"_links":{"self":[{"href":"https:\/\/fundaciondoctrinacristiana.es\/rinconada\/wp-json\/wp\/v2\/pages\/81","targetHints":{"allow":["GET"]}}],"collection":[{"href":"https:\/\/fundaciondoctrinacristiana.es\/rinconada\/wp-json\/wp\/v2\/pages"}],"about":[{"href":"https:\/\/fundaciondoctrinacristiana.es\/rinconada\/wp-json\/wp\/v2\/types\/page"}],"author":[{"embeddable":true,"href":"https:\/\/fundaciondoctrinacristiana.es\/rinconada\/wp-json\/wp\/v2\/users\/1"}],"replies":[{"embeddable":true,"href":"https:\/\/fundaciondoctrinacristiana.es\/rinconada\/wp-json\/wp\/v2\/comments?post=81"}],"version-history":[{"count":10,"href":"https:\/\/fundaciondoctrinacristiana.es\/rinconada\/wp-json\/wp\/v2\/pages\/81\/revisions"}],"predecessor-version":[{"id":670,"href":"https:\/\/fundaciondoctrinacristiana.es\/rinconada\/wp-json\/wp\/v2\/pages\/81\/revisions\/670"}],"wp:attachment":[{"href":"https:\/\/fundaciondoctrinacristiana.es\/rinconada\/wp-json\/wp\/v2\/media?parent=81"}],"curies":[{"name":"wp","href":"https:\/\/api.w.org\/{rel}","templated":true}]}}