{"id":85,"date":"2021-03-05T15:51:55","date_gmt":"2021-03-05T15:51:55","guid":{"rendered":"https:\/\/fundaciondoctrinacristiana.es\/rinconada\/?page_id=85"},"modified":"2025-10-06T20:47:00","modified_gmt":"2025-10-06T18:47:00","slug":"aula-matinal","status":"publish","type":"page","link":"https:\/\/fundaciondoctrinacristiana.es\/rinconada\/aula-matinal\/","title":{"rendered":"AULA MATINAL"},"content":{"rendered":"<p><img fetchpriority=\"high\" decoding=\"async\" class=\"aligncenter size-large wp-image-86\" src=\"https:\/\/fundaciondoctrinacristiana.es\/rinconada\/wp-content\/uploads\/sites\/3\/2021\/03\/logo_aula_matinal-1024x433.png\" alt=\"\" width=\"1024\" height=\"433\" srcset=\"https:\/\/fundaciondoctrinacristiana.es\/rinconada\/wp-content\/uploads\/sites\/3\/2021\/03\/logo_aula_matinal-1024x433.png 1024w, https:\/\/fundaciondoctrinacristiana.es\/rinconada\/wp-content\/uploads\/sites\/3\/2021\/03\/logo_aula_matinal-300x127.png 300w, https:\/\/fundaciondoctrinacristiana.es\/rinconada\/wp-content\/uploads\/sites\/3\/2021\/03\/logo_aula_matinal-768x325.png 768w, https:\/\/fundaciondoctrinacristiana.es\/rinconada\/wp-content\/uploads\/sites\/3\/2021\/03\/logo_aula_matinal-1536x650.png 1536w, https:\/\/fundaciondoctrinacristiana.es\/rinconada\/wp-content\/uploads\/sites\/3\/2021\/03\/logo_aula_matinal-800x339.png 800w, https:\/\/fundaciondoctrinacristiana.es\/rinconada\/wp-content\/uploads\/sites\/3\/2021\/03\/logo_aula_matinal.png 1701w\" sizes=\"(max-width: 1024px) 100vw, 1024px\" \/>En nuestra aula matinal encontraras la manera de conciliar vida laboral y familiar. Nuestros monitores podr\u00e1n acoger a los alumnos en un servicio que abre las puertas desde las 07:30 hasta las 09:00. En este espacio, no s\u00f3lo se cuida a los alumnos, sino que se fomenta en ellos la creatividad, la motivaci\u00f3n, y la expresi\u00f3n oral y corporal entre otros.<\/p>\n<p>El precio de este servicio es de 36\u20ac mensuales. Tambi\u00e9n existe la posibilidad de hacer uso de este servicio exclusivamente un d\u00eda por 3,5\u20ac.<\/p>\n","protected":false},"excerpt":{"rendered":"<p>En nuestra aula matinal encontraras la manera de conciliar vida laboral y familiar. Nuestros monitores podr\u00e1n acoger a los alumnos en un servicio que abre las puertas desde las 07:30 hasta las 09:00. En este espacio, no s\u00f3lo se cuida a los alumnos, sino que se fomenta en ellos la creatividad, la motivaci\u00f3n, y la expresi\u00f3n oral y corporal entre otros. El precio de este servicio es de 36\u20ac mensuales.<\/p>\n<p><a class=\"more-link\" href=\"https:\/\/fundaciondoctrinacristiana.es\/rinconada\/aula-matinal\/\">Leer m\u00e1s<\/a><\/p>\n","protected":false},"author":1,"featured_media":0,"parent":0,"menu_order":0,"comment_status":"closed","ping_status":"closed","template":"","meta":{"footnotes":""},"class_list":["post-85","page","type-page","status-publish","hentry"],"_links":{"self":[{"href":"https:\/\/fundaciondoctrinacristiana.es\/rinconada\/wp-json\/wp\/v2\/pages\/85","targetHints":{"allow":["GET"]}}],"collection":[{"href":"https:\/\/fundaciondoctrinacristiana.es\/rinconada\/wp-json\/wp\/v2\/pages"}],"about":[{"href":"https:\/\/fundaciondoctrinacristiana.es\/rinconada\/wp-json\/wp\/v2\/types\/page"}],"author":[{"embeddable":true,"href":"https:\/\/fundaciondoctrinacristiana.es\/rinconada\/wp-json\/wp\/v2\/users\/1"}],"replies":[{"embeddable":true,"href":"https:\/\/fundaciondoctrinacristiana.es\/rinconada\/wp-json\/wp\/v2\/comments?post=85"}],"version-history":[{"count":1,"href":"https:\/\/fundaciondoctrinacristiana.es\/rinconada\/wp-json\/wp\/v2\/pages\/85\/revisions"}],"predecessor-version":[{"id":818,"href":"https:\/\/fundaciondoctrinacristiana.es\/rinconada\/wp-json\/wp\/v2\/pages\/85\/revisions\/818"}],"wp:attachment":[{"href":"https:\/\/fundaciondoctrinacristiana.es\/rinconada\/wp-json\/wp\/v2\/media?parent=85"}],"curies":[{"name":"wp","href":"https:\/\/api.w.org\/{rel}","templated":true}]}}