{"id":90,"date":"2021-03-05T18:12:36","date_gmt":"2021-03-05T18:12:36","guid":{"rendered":"https:\/\/fundaciondoctrinacristiana.es\/rinconada\/?page_id=90"},"modified":"2023-03-02T19:26:21","modified_gmt":"2023-03-02T18:26:21","slug":"ingles","status":"publish","type":"page","link":"https:\/\/fundaciondoctrinacristiana.es\/rinconada\/ingles\/","title":{"rendered":"EXTRAESCOLAR DE INGL\u00c9S"},"content":{"rendered":"<p><strong>YOUNG LEARNERS<\/strong> \u2013 Niveles y cursos PRE-SCHOOL<br \/>\nGrupos para los m\u00e1s peque\u00f1os. Empezar pronto a familiarizarse con el idioma ingl\u00e9s es una gran ventaja de futuro. Los alumnos a estas edades asimilan el ritmo y el idioma de forma natural.<\/p>\n<p><strong><img fetchpriority=\"high\" decoding=\"async\" class=\"size-medium wp-image-461 alignleft\" style=\"margin-top: 0.857143rem;margin-right: 1.71429rem;margin-bottom: 0.857143rem\" src=\"https:\/\/fundaciondoctrinacristiana.es\/rinconada\/wp-content\/uploads\/sites\/3\/2023\/03\/Iconos-Actividades-Extraescolares-7-300x300.png\" alt=\"\" width=\"300\" height=\"300\" srcset=\"https:\/\/fundaciondoctrinacristiana.es\/rinconada\/wp-content\/uploads\/sites\/3\/2023\/03\/Iconos-Actividades-Extraescolares-7-300x300.png 300w, https:\/\/fundaciondoctrinacristiana.es\/rinconada\/wp-content\/uploads\/sites\/3\/2023\/03\/Iconos-Actividades-Extraescolares-7-150x150.png 150w, https:\/\/fundaciondoctrinacristiana.es\/rinconada\/wp-content\/uploads\/sites\/3\/2023\/03\/Iconos-Actividades-Extraescolares-7-250x250.png 250w, https:\/\/fundaciondoctrinacristiana.es\/rinconada\/wp-content\/uploads\/sites\/3\/2023\/03\/Iconos-Actividades-Extraescolares-7.png 500w\" sizes=\"(max-width: 300px) 100vw, 300px\" \/><\/strong><\/p>\n<p>Trabajamos la asimilaci\u00f3n de sonidos a trav\u00e9s de juegos, actividades l\u00fadicas, rutinas etc en ingl\u00e9s.<br \/>\nSe introducen los contenidos de la lengua mediante juegos y actividades motivadoras: the helper, the kid of the week, mascot\u2026.con cambio frecuente de actividad priorizando su participaci\u00f3n en cada momento.<\/p>\n<p>Existe un tiempo de trabajo en las mesas con el material del alumno. Usamos videos, juegos,<br \/>\nflascards,canciones y posters de cada m\u00e9todo.<\/p>\n<p>Los ejercicios de listenings en estos niveles son esenciales para alcanzar una mejora en la comprensi\u00f3n auditiva de los alumnos..<\/p>\n<p>Usamos el m\u00e9todo Greenman &amp;amp; The Magic Forest de Cambridge University Press<\/p>\n<p>&nbsp;<\/p>\n<p><strong>KIDS 1 Y 2<\/strong> \u2013 Grupos para 1\u00ba y 2\u00ba de Primaria.<\/p>\n<p>Gran importancia en la lecto escritura en ingl\u00e9s.El concepto gram\u00e1tica empieza a aparecer<img decoding=\"async\" class=\"size-medium wp-image-462 alignright\" style=\"font-size: 1rem\" src=\"https:\/\/fundaciondoctrinacristiana.es\/rinconada\/wp-content\/uploads\/sites\/3\/2023\/03\/Actividades-Extraescolares-Maria-Osso-Escola-Sitges_Gat-per-Lleure-3-psof3sfocpxx39r3wtwcxf38cc8lfih0tz1aplwza8-300x300.png\" alt=\"\" width=\"300\" height=\"300\" srcset=\"https:\/\/fundaciondoctrinacristiana.es\/rinconada\/wp-content\/uploads\/sites\/3\/2023\/03\/Actividades-Extraescolares-Maria-Osso-Escola-Sitges_Gat-per-Lleure-3-psof3sfocpxx39r3wtwcxf38cc8lfih0tz1aplwza8-300x300.png 300w, https:\/\/fundaciondoctrinacristiana.es\/rinconada\/wp-content\/uploads\/sites\/3\/2023\/03\/Actividades-Extraescolares-Maria-Osso-Escola-Sitges_Gat-per-Lleure-3-psof3sfocpxx39r3wtwcxf38cc8lfih0tz1aplwza8-150x150.png 150w, https:\/\/fundaciondoctrinacristiana.es\/rinconada\/wp-content\/uploads\/sites\/3\/2023\/03\/Actividades-Extraescolares-Maria-Osso-Escola-Sitges_Gat-per-Lleure-3-psof3sfocpxx39r3wtwcxf38cc8lfih0tz1aplwza8-250x250.png 250w, https:\/\/fundaciondoctrinacristiana.es\/rinconada\/wp-content\/uploads\/sites\/3\/2023\/03\/Actividades-Extraescolares-Maria-Osso-Escola-Sitges_Gat-per-Lleure-3-psof3sfocpxx39r3wtwcxf38cc8lfih0tz1aplwza8.png 400w\" sizes=\"(max-width: 300px) 100vw, 300px\" \/><span style=\"font-size: 1rem\">\u00a0ligeramente de un modo pr\u00e1ctico y participativo y se le da mayor importancia al writing y a la ortograf\u00eda. Se introducen peque\u00f1os textos en ingl\u00e9s adecuados a sus intereses.<\/span><\/p>\n<p>Se fomentan la lectura y la escritura en ingl\u00e9s, sin olvidar lo m\u00e1s importante: la comunicaci\u00f3n oral. Todo ello de forma l\u00fadica e interactiva.<\/p>\n<p>M\u00e9todo bibliogr\u00e1fico: Kid\u2019s Box (libro del alumno y workbook) .- Editorial: Cambridge University Press.<\/p>\n<p>&nbsp;<\/p>\n<p><strong>STARTERS, MOVERS Y FLYERS<\/strong> \u2013 Son grupos de 3\u00aa a 6\u00aa de Primaria.<\/p>\n<p>El avance de los alumnos en su conocimiento y uso del ingl\u00e9s en estos<br \/>\nniveles es muy notable. Con estos grupos, iniciam<span style=\"font-size: 1rem\">os la fase de presentar a los alumnos a ex\u00e1menes oficiales.\u00a0 Son los niveles inicial, intermedio y avanzado para ni\u00f1os.<\/span><\/p>\n<p style=\"line-height: 1.71429;margin-bottom: 1.71429rem\"><img decoding=\"async\" class=\"size-medium wp-image-463 alignleft\" style=\"margin-top: 0.857143rem;margin-right: 1.71429rem;margin-bottom: 0.857143rem\" src=\"https:\/\/fundaciondoctrinacristiana.es\/rinconada\/wp-content\/uploads\/sites\/3\/2023\/03\/ACTIVIDADES-EXTRAESCOLARES-MEDIODIA-COLEGIO-MARIA-OSSO-8-psydrb226cu3f71xpwkqz8qlrp0hkwauo1t7c1vpgg-300x300.jpeg\" alt=\"\" width=\"300\" height=\"300\" srcset=\"https:\/\/fundaciondoctrinacristiana.es\/rinconada\/wp-content\/uploads\/sites\/3\/2023\/03\/ACTIVIDADES-EXTRAESCOLARES-MEDIODIA-COLEGIO-MARIA-OSSO-8-psydrb226cu3f71xpwkqz8qlrp0hkwauo1t7c1vpgg-300x300.jpeg 300w, https:\/\/fundaciondoctrinacristiana.es\/rinconada\/wp-content\/uploads\/sites\/3\/2023\/03\/ACTIVIDADES-EXTRAESCOLARES-MEDIODIA-COLEGIO-MARIA-OSSO-8-psydrb226cu3f71xpwkqz8qlrp0hkwauo1t7c1vpgg-150x150.jpeg 150w, https:\/\/fundaciondoctrinacristiana.es\/rinconada\/wp-content\/uploads\/sites\/3\/2023\/03\/ACTIVIDADES-EXTRAESCOLARES-MEDIODIA-COLEGIO-MARIA-OSSO-8-psydrb226cu3f71xpwkqz8qlrp0hkwauo1t7c1vpgg-250x250.jpeg 250w, https:\/\/fundaciondoctrinacristiana.es\/rinconada\/wp-content\/uploads\/sites\/3\/2023\/03\/ACTIVIDADES-EXTRAESCOLARES-MEDIODIA-COLEGIO-MARIA-OSSO-8-psydrb226cu3f71xpwkqz8qlrp0hkwauo1t7c1vpgg.jpeg 400w\" sizes=\"(max-width: 300px) 100vw, 300px\" \/><\/p>\n<p>Aquellos alumnos que son candidatos a los ex\u00e1menes oficiales obtienen gran experiencia personal y madurez acad\u00e9mica muy \u00fatiles para futuros ex\u00e1menes oficiales de niveles superiores..<\/p>\n<p><span style=\"font-size: 1rem\">Material bibliogr\u00e1fico: -Kid\u2019s box ( libro del alumno y workbook), Editorial Cambridge University Press.<\/span><\/p>\n<p>STORYFUN FOR STARTERS, MOVERS,FLYERS &amp;amp; FUN FOR STARTERS, MOVERS, FLYERS .- Editorial Cambridge University<\/p>\n","protected":false},"excerpt":{"rendered":"<p>YOUNG LEARNERS \u2013 Niveles y cursos PRE-SCHOOL Grupos para los m\u00e1s peque\u00f1os. Empezar pronto a familiarizarse con el idioma ingl\u00e9s es una gran ventaja de futuro. Los alumnos a estas edades asimilan el ritmo y el idioma de forma natural. Trabajamos la asimilaci\u00f3n de sonidos a trav\u00e9s de juegos, actividades l\u00fadicas, rutinas etc en ingl\u00e9s. Se introducen los contenidos de la lengua mediante juegos y actividades motivadoras: the helper, the<\/p>\n<p><a class=\"more-link\" href=\"https:\/\/fundaciondoctrinacristiana.es\/rinconada\/ingles\/\">Leer m\u00e1s<\/a><\/p>\n","protected":false},"author":1,"featured_media":0,"parent":0,"menu_order":0,"comment_status":"closed","ping_status":"closed","template":"","meta":{"footnotes":""},"class_list":["post-90","page","type-page","status-publish","hentry"],"_links":{"self":[{"href":"https:\/\/fundaciondoctrinacristiana.es\/rinconada\/wp-json\/wp\/v2\/pages\/90","targetHints":{"allow":["GET"]}}],"collection":[{"href":"https:\/\/fundaciondoctrinacristiana.es\/rinconada\/wp-json\/wp\/v2\/pages"}],"about":[{"href":"https:\/\/fundaciondoctrinacristiana.es\/rinconada\/wp-json\/wp\/v2\/types\/page"}],"author":[{"embeddable":true,"href":"https:\/\/fundaciondoctrinacristiana.es\/rinconada\/wp-json\/wp\/v2\/users\/1"}],"replies":[{"embeddable":true,"href":"https:\/\/fundaciondoctrinacristiana.es\/rinconada\/wp-json\/wp\/v2\/comments?post=90"}],"version-history":[{"count":0,"href":"https:\/\/fundaciondoctrinacristiana.es\/rinconada\/wp-json\/wp\/v2\/pages\/90\/revisions"}],"wp:attachment":[{"href":"https:\/\/fundaciondoctrinacristiana.es\/rinconada\/wp-json\/wp\/v2\/media?parent=90"}],"curies":[{"name":"wp","href":"https:\/\/api.w.org\/{rel}","templated":true}]}}