{"id":2139,"date":"2022-02-08T14:24:07","date_gmt":"2022-02-08T13:24:07","guid":{"rendered":"https:\/\/fundaciondoctrinacristiana.es\/sevilla\/?page_id=2139"},"modified":"2022-03-30T09:46:23","modified_gmt":"2022-03-30T07:46:23","slug":"infantil","status":"publish","type":"page","link":"https:\/\/fundaciondoctrinacristiana.es\/sevilla\/infantil\/","title":{"rendered":"Infantil"},"content":{"rendered":"<h3>Mariposa, mariposa<\/h3>\n<p>Nuestros peque\u00f1os os quieren contar el cuento \u00abMariposa, mariposa\u00bb. As\u00ed disfrutan de los libros y se preparan para ser futuros lectores<\/p>\n<p><iframe title=\"YouTube video player\" src=\"https:\/\/www.youtube.com\/embed\/oDZPFZQv8i4\" width=\"560\" height=\"315\" frameborder=\"0\" allowfullscreen=\"allowfullscreen\"><\/iframe><\/p>\n<p>&nbsp;<\/p>\n<h3>Proyecto \u00abSomos artistas\u00bb<\/h3>\n<p>El proyecto \u00abSomos artistas\u00bb que hemos desarrollado en Infantil permite a los m\u00e1s peque\u00f1os del cole acercarse y conocer a grandes pintores de nuestros tiempos. A trav\u00e9s del arte, nuestros ni\u00f1os desarrollas su creatividad y les sirve como veh\u00edculo de expresi\u00f3n personal. Artistas como Mir\u00f3, Van Gogh y Matisse son los gu\u00edas de nuestro proyecto en el que los artistas son nuestros peques.<\/p>\n<p>Os dejamos algunas \u00abpinceladas\u00bb<\/p>\n<p><em>A Mir\u00f3 le gustaban mucho los ojos. en sus cuadros y esculturas pudo representarlos y dar gran expresi\u00f3n a su obra.<\/em><img fetchpriority=\"high\" decoding=\"async\" class=\"size-medium wp-image-2978 alignright\" src=\"https:\/\/fundaciondoctrinacristiana.es\/sevilla\/wp-content\/uploads\/sites\/2\/2022\/03\/IMG-4434-300x225.jpg\" alt=\"\" width=\"300\" height=\"225\" srcset=\"https:\/\/fundaciondoctrinacristiana.es\/sevilla\/wp-content\/uploads\/sites\/2\/2022\/03\/IMG-4434-300x225.jpg 300w, https:\/\/fundaciondoctrinacristiana.es\/sevilla\/wp-content\/uploads\/sites\/2\/2022\/03\/IMG-4434-1024x768.jpg 1024w, https:\/\/fundaciondoctrinacristiana.es\/sevilla\/wp-content\/uploads\/sites\/2\/2022\/03\/IMG-4434-768x576.jpg 768w, https:\/\/fundaciondoctrinacristiana.es\/sevilla\/wp-content\/uploads\/sites\/2\/2022\/03\/IMG-4434-1536x1152.jpg 1536w, https:\/\/fundaciondoctrinacristiana.es\/sevilla\/wp-content\/uploads\/sites\/2\/2022\/03\/IMG-4434-800x600.jpg 800w, https:\/\/fundaciondoctrinacristiana.es\/sevilla\/wp-content\/uploads\/sites\/2\/2022\/03\/IMG-4434-400x300.jpg 400w, https:\/\/fundaciondoctrinacristiana.es\/sevilla\/wp-content\/uploads\/sites\/2\/2022\/03\/IMG-4434-600x450.jpg 600w, https:\/\/fundaciondoctrinacristiana.es\/sevilla\/wp-content\/uploads\/sites\/2\/2022\/03\/IMG-4434.jpg 1600w\" sizes=\"(max-width: 300px) 100vw, 300px\" \/><\/p>\n<p><em>Con los ojos podemos ver las personas que nos quieren, los colores, el mar, la monta\u00f1a&#8230;. son \u00a1\u00a1\u00a1un gran tesoro!!!<\/em><img decoding=\"async\" class=\"size-medium wp-image-2977 alignleft\" src=\"https:\/\/fundaciondoctrinacristiana.es\/sevilla\/wp-content\/uploads\/sites\/2\/2022\/03\/IMG-4402-225x300.jpg\" alt=\"\" width=\"225\" height=\"300\" srcset=\"https:\/\/fundaciondoctrinacristiana.es\/sevilla\/wp-content\/uploads\/sites\/2\/2022\/03\/IMG-4402-225x300.jpg 225w, https:\/\/fundaciondoctrinacristiana.es\/sevilla\/wp-content\/uploads\/sites\/2\/2022\/03\/IMG-4402-768x1024.jpg 768w, https:\/\/fundaciondoctrinacristiana.es\/sevilla\/wp-content\/uploads\/sites\/2\/2022\/03\/IMG-4402-1152x1536.jpg 1152w, https:\/\/fundaciondoctrinacristiana.es\/sevilla\/wp-content\/uploads\/sites\/2\/2022\/03\/IMG-4402-800x1067.jpg 800w, https:\/\/fundaciondoctrinacristiana.es\/sevilla\/wp-content\/uploads\/sites\/2\/2022\/03\/IMG-4402-600x800.jpg 600w, https:\/\/fundaciondoctrinacristiana.es\/sevilla\/wp-content\/uploads\/sites\/2\/2022\/03\/IMG-4402.jpg 1200w\" sizes=\"(max-width: 225px) 100vw, 225px\" \/> <img decoding=\"async\" class=\"size-medium wp-image-2976 alignleft\" src=\"https:\/\/fundaciondoctrinacristiana.es\/sevilla\/wp-content\/uploads\/sites\/2\/2022\/03\/IMG-4389-225x300.jpg\" alt=\"\" width=\"225\" height=\"300\" srcset=\"https:\/\/fundaciondoctrinacristiana.es\/sevilla\/wp-content\/uploads\/sites\/2\/2022\/03\/IMG-4389-225x300.jpg 225w, https:\/\/fundaciondoctrinacristiana.es\/sevilla\/wp-content\/uploads\/sites\/2\/2022\/03\/IMG-4389-768x1024.jpg 768w, https:\/\/fundaciondoctrinacristiana.es\/sevilla\/wp-content\/uploads\/sites\/2\/2022\/03\/IMG-4389-1152x1536.jpg 1152w, https:\/\/fundaciondoctrinacristiana.es\/sevilla\/wp-content\/uploads\/sites\/2\/2022\/03\/IMG-4389-800x1067.jpg 800w, https:\/\/fundaciondoctrinacristiana.es\/sevilla\/wp-content\/uploads\/sites\/2\/2022\/03\/IMG-4389-600x800.jpg 600w, https:\/\/fundaciondoctrinacristiana.es\/sevilla\/wp-content\/uploads\/sites\/2\/2022\/03\/IMG-4389.jpg 1200w\" sizes=\"(max-width: 225px) 100vw, 225px\" \/> <img loading=\"lazy\" decoding=\"async\" class=\"size-medium wp-image-2975 alignright\" src=\"https:\/\/fundaciondoctrinacristiana.es\/sevilla\/wp-content\/uploads\/sites\/2\/2022\/03\/703ECB1C-0156-4B89-A77C-8C5D61F502B0-300x300.jpeg\" alt=\"\" width=\"300\" height=\"300\" srcset=\"https:\/\/fundaciondoctrinacristiana.es\/sevilla\/wp-content\/uploads\/sites\/2\/2022\/03\/703ECB1C-0156-4B89-A77C-8C5D61F502B0-300x300.jpeg 300w, https:\/\/fundaciondoctrinacristiana.es\/sevilla\/wp-content\/uploads\/sites\/2\/2022\/03\/703ECB1C-0156-4B89-A77C-8C5D61F502B0-1024x1024.jpeg 1024w, https:\/\/fundaciondoctrinacristiana.es\/sevilla\/wp-content\/uploads\/sites\/2\/2022\/03\/703ECB1C-0156-4B89-A77C-8C5D61F502B0-150x150.jpeg 150w, https:\/\/fundaciondoctrinacristiana.es\/sevilla\/wp-content\/uploads\/sites\/2\/2022\/03\/703ECB1C-0156-4B89-A77C-8C5D61F502B0-768x768.jpeg 768w, https:\/\/fundaciondoctrinacristiana.es\/sevilla\/wp-content\/uploads\/sites\/2\/2022\/03\/703ECB1C-0156-4B89-A77C-8C5D61F502B0-1536x1536.jpeg 1536w, https:\/\/fundaciondoctrinacristiana.es\/sevilla\/wp-content\/uploads\/sites\/2\/2022\/03\/703ECB1C-0156-4B89-A77C-8C5D61F502B0-800x800.jpeg 800w, https:\/\/fundaciondoctrinacristiana.es\/sevilla\/wp-content\/uploads\/sites\/2\/2022\/03\/703ECB1C-0156-4B89-A77C-8C5D61F502B0-250x250.jpeg 250w, https:\/\/fundaciondoctrinacristiana.es\/sevilla\/wp-content\/uploads\/sites\/2\/2022\/03\/703ECB1C-0156-4B89-A77C-8C5D61F502B0-500x500.jpeg 500w, https:\/\/fundaciondoctrinacristiana.es\/sevilla\/wp-content\/uploads\/sites\/2\/2022\/03\/703ECB1C-0156-4B89-A77C-8C5D61F502B0-600x600.jpeg 600w, https:\/\/fundaciondoctrinacristiana.es\/sevilla\/wp-content\/uploads\/sites\/2\/2022\/03\/703ECB1C-0156-4B89-A77C-8C5D61F502B0-100x100.jpeg 100w, https:\/\/fundaciondoctrinacristiana.es\/sevilla\/wp-content\/uploads\/sites\/2\/2022\/03\/703ECB1C-0156-4B89-A77C-8C5D61F502B0.jpeg 1600w\" sizes=\"(max-width: 300px) 100vw, 300px\" \/><\/p>\n","protected":false},"excerpt":{"rendered":"<p>Mariposa, mariposa Nuestros peque\u00f1os os quieren contar el cuento \u00abMariposa, mariposa\u00bb. As\u00ed disfrutan de los libros y se preparan para ser futuros lectores &nbsp; Proyecto \u00abSomos artistas\u00bb El proyecto \u00abSomos artistas\u00bb que hemos desarrollado en Infantil permite a los m\u00e1s peque\u00f1os del cole acercarse y conocer a grandes pintores de nuestros tiempos. A trav\u00e9s del arte, nuestros ni\u00f1os desarrollas su creatividad y les sirve como veh\u00edculo de expresi\u00f3n personal. Artistas<\/p>\n<p><a class=\"more-link\" href=\"https:\/\/fundaciondoctrinacristiana.es\/sevilla\/infantil\/\">Leer m\u00e1s<\/a><\/p>\n","protected":false},"author":1,"featured_media":0,"parent":0,"menu_order":0,"comment_status":"closed","ping_status":"closed","template":"","meta":{"footnotes":""},"class_list":["post-2139","page","type-page","status-publish","hentry"],"_links":{"self":[{"href":"https:\/\/fundaciondoctrinacristiana.es\/sevilla\/wp-json\/wp\/v2\/pages\/2139","targetHints":{"allow":["GET"]}}],"collection":[{"href":"https:\/\/fundaciondoctrinacristiana.es\/sevilla\/wp-json\/wp\/v2\/pages"}],"about":[{"href":"https:\/\/fundaciondoctrinacristiana.es\/sevilla\/wp-json\/wp\/v2\/types\/page"}],"author":[{"embeddable":true,"href":"https:\/\/fundaciondoctrinacristiana.es\/sevilla\/wp-json\/wp\/v2\/users\/1"}],"replies":[{"embeddable":true,"href":"https:\/\/fundaciondoctrinacristiana.es\/sevilla\/wp-json\/wp\/v2\/comments?post=2139"}],"version-history":[{"count":9,"href":"https:\/\/fundaciondoctrinacristiana.es\/sevilla\/wp-json\/wp\/v2\/pages\/2139\/revisions"}],"predecessor-version":[{"id":3238,"href":"https:\/\/fundaciondoctrinacristiana.es\/sevilla\/wp-json\/wp\/v2\/pages\/2139\/revisions\/3238"}],"wp:attachment":[{"href":"https:\/\/fundaciondoctrinacristiana.es\/sevilla\/wp-json\/wp\/v2\/media?parent=2139"}],"curies":[{"name":"wp","href":"https:\/\/api.w.org\/{rel}","templated":true}]}}