{"id":221,"date":"2021-02-16T22:12:48","date_gmt":"2021-02-16T22:12:48","guid":{"rendered":"https:\/\/fundaciondoctrinacristiana.es\/sevilla\/?page_id=221"},"modified":"2022-11-18T16:58:17","modified_gmt":"2022-11-18T15:58:17","slug":"prensa","status":"publish","type":"page","link":"https:\/\/fundaciondoctrinacristiana.es\/sevilla\/prensa\/","title":{"rendered":"Prensa"},"content":{"rendered":"<h2>Alumnos de Primaria visitan la Facultad de Farmacia<\/h2>\n<p><iframe src=\"https:\/\/drive.google.com\/file\/d\/1i_Vp8nRlmyNTI4sMUGM9l3dBSDBiFqmb\/preview\" width=\"640\" height=\"480\"><\/iframe><\/p>\n<h2>Entrega de medallas de la ciudad<\/h2>\n<p><iframe src=\"https:\/\/drive.google.com\/file\/d\/14WurnS-gvPfQ8RQSKU83Jp5uxkiQlnKS\/preview\" width=\"640\" height=\"480\"><span data-mce-type=\"bookmark\" style=\"display: inline-block; width: 0px; overflow: hidden; line-height: 0;\" class=\"mce_SELRES_start\">\ufeff<\/span><span data-mce-type=\"bookmark\" style=\"display: inline-block; width: 0px; overflow: hidden; line-height: 0;\" class=\"mce_SELRES_start\">\ufeff<\/span><\/iframe><\/p>\n<p>&nbsp;<\/p>\n<h2>Nuestros profes aparecen en Andaluc\u00eda Directo (Canal Sur) en plena pandemia<\/h2>\n<blockquote class=\"instagram-media\" style=\"background: #FFF; border: 0; border-radius: 3px; box-shadow: 0 0 1px 0 rgba(0,0,0,0.5),0 1px 10px 0 rgba(0,0,0,0.15); margin: 1px; max-width: 540px; min-width: 326px; padding: 0; width: calc(100% - 2px);\" data-instgrm-captioned=\"\" data-instgrm-permalink=\"https:\/\/www.instagram.com\/p\/B94muEHoc7w\/?utm_source=ig_embed&amp;utm_campaign=loading\" data-instgrm-version=\"14\">\n<div style=\"padding: 16px;\">\n<div style=\"display: flex; flex-direction: row; align-items: center;\">\n<div style=\"background-color: #f4f4f4; border-radius: 50%; flex-grow: 0; height: 40px; margin-right: 14px; width: 40px;\"><\/div>\n<div style=\"display: flex; flex-direction: column; flex-grow: 1; justify-content: center;\">\n<div style=\"background-color: #f4f4f4; border-radius: 4px; flex-grow: 0; height: 14px; margin-bottom: 6px; width: 100px;\"><\/div>\n<div style=\"background-color: #f4f4f4; border-radius: 4px; flex-grow: 0; height: 14px; width: 60px;\"><\/div>\n<\/div>\n<\/div>\n<div style=\"padding: 19% 0;\"><\/div>\n<div style=\"display: block; height: 50px; margin: 0 auto 12px; width: 50px;\"><\/div>\n<div style=\"padding-top: 8px;\">\n<div style=\"color: #3897f0; font-family: Arial,sans-serif; font-size: 14px; font-style: normal; font-weight: 550; line-height: 18px;\">Ver esta publicaci\u00f3n en Instagram<\/div>\n<\/div>\n<div style=\"padding: 12.5% 0;\"><\/div>\n<div style=\"display: flex; flex-direction: row; margin-bottom: 14px; align-items: center;\">\n<div>\n<div style=\"background-color: #f4f4f4; border-radius: 50%; height: 12.5px; width: 12.5px; transform: translateX(0px) translateY(7px);\"><\/div>\n<div style=\"background-color: #f4f4f4; height: 12.5px; transform: rotate(-45deg) translateX(3px) translateY(1px); width: 12.5px; flex-grow: 0; margin-right: 14px; margin-left: 2px;\"><\/div>\n<div style=\"background-color: #f4f4f4; border-radius: 50%; height: 12.5px; width: 12.5px; transform: translateX(9px) translateY(-18px);\"><\/div>\n<\/div>\n<div style=\"margin-left: 8px;\">\n<div style=\"background-color: #f4f4f4; border-radius: 50%; flex-grow: 0; height: 20px; width: 20px;\"><\/div>\n<div style=\"width: 0; height: 0; border-top: 2px solid transparent; border-left: 6px solid #f4f4f4; border-bottom: 2px solid transparent; transform: translateX(16px) translateY(-4px) rotate(30deg);\"><\/div>\n<\/div>\n<div style=\"margin-left: auto;\">\n<div style=\"width: 0px; border-top: 8px solid #F4F4F4; border-right: 8px solid transparent; transform: translateY(16px);\"><\/div>\n<div style=\"background-color: #f4f4f4; flex-grow: 0; height: 12px; width: 16px; transform: translateY(-4px);\"><\/div>\n<div style=\"width: 0; height: 0; border-top: 8px solid #F4F4F4; border-left: 8px solid transparent; transform: translateY(-4px) translateX(8px);\"><\/div>\n<\/div>\n<\/div>\n<div style=\"display: flex; flex-direction: column; flex-grow: 1; justify-content: center; margin-bottom: 24px;\">\n<div style=\"background-color: #f4f4f4; border-radius: 4px; flex-grow: 0; height: 14px; margin-bottom: 6px; width: 224px;\"><\/div>\n<div style=\"background-color: #f4f4f4; border-radius: 4px; flex-grow: 0; height: 14px; width: 144px;\"><\/div>\n<\/div>\n<p>&nbsp;<\/p>\n<p style=\"color: #c9c8cd; font-family: Arial,sans-serif; font-size: 14px; line-height: 17px; margin-bottom: 0; margin-top: 8px; overflow: hidden; padding: 8px 0 7px; text-align: center; text-overflow: ellipsis; white-space: nowrap;\"><a style=\"color: #c9c8cd; font-family: Arial,sans-serif; font-size: 14px; font-style: normal; font-weight: normal; line-height: 17px; text-decoration: none;\" href=\"https:\/\/www.instagram.com\/p\/B94muEHoc7w\/?utm_source=ig_embed&amp;utm_campaign=loading\" target=\"_blank\" rel=\"noopener\">Una publicaci\u00f3n compartida de Doctrina Cristiana (@fedcsevilla)<\/a><\/p>\n<\/div>\n<\/blockquote>\n<p><script async src=\"\/\/www.instagram.com\/embed.js\"><\/script><\/p>\n<h2 style=\"text-align: left;\">Eva Gonz\u00e1lez en <strong>La copla<\/strong> de Canal Sur<\/h2>\n<div style=\"width: 320px;\" class=\"wp-video\"><video class=\"wp-video-shortcode\" id=\"video-221-1\" width=\"320\" height=\"240\" poster=\"https:\/\/fundaciondoctrinacristiana.es\/sevilla\/wp-content\/uploads\/sites\/2\/2022\/11\/pngfind.com-human-silhouette-png-278138.png\" preload=\"metadata\" controls=\"controls\"><source type=\"video\/mp4\" src=\"https:\/\/fundaciondoctrinacristiana.es\/sevilla\/wp-content\/uploads\/sites\/2\/2022\/11\/Eva-Gonzalez.mp4?_=1\" \/><a href=\"https:\/\/fundaciondoctrinacristiana.es\/sevilla\/wp-content\/uploads\/sites\/2\/2022\/11\/Eva-Gonzalez.mp4\">https:\/\/fundaciondoctrinacristiana.es\/sevilla\/wp-content\/uploads\/sites\/2\/2022\/11\/Eva-Gonzalez.mp4<\/a><\/video><\/div>\n<h2 style=\"text-align: left;\"><strong>La banda en tu cole<\/strong> de Canal Sur<br \/>\n<iframe src=\"https:\/\/drive.google.com\/file\/d\/1Yv1StcOqxhspSVqBgwvJMjl-R55W2tkc\/preview\" width=\"640\" height=\"480\"><\/iframe><\/h2>\n<h2 style=\"text-align: left;\"><strong>Los reporteros<\/strong> de Canal Sur<\/h2>\n<h2 style=\"text-align: left;\"><iframe src=\"https:\/\/drive.google.com\/file\/d\/1LifF5otkwKeQss0hg9-aoRT8RbapXox-\/preview\" width=\"640\" height=\"480\"><\/iframe><\/h2>\n<h2 style=\"text-align: left;\"><strong>Diario de Sevilla<\/strong><br \/>\n<iframe src=\"https:\/\/drive.google.com\/file\/d\/1C8RtFj6RaEteIv0mX-yI2hoyfDnW4oJ1\/preview\" width=\"640\" height=\"480\"><\/iframe><\/h2>\n<h2 style=\"text-align: left;\"><strong>ABC de Sevilla<br \/>\n<\/strong><\/h2>\n<h2 style=\"text-align: left;\"><iframe src=\"https:\/\/drive.google.com\/file\/d\/1z_Z2awj_LokVVvqsDFTeTapPnsa3D6d8\/preview\" width=\"640\" height=\"480\"><\/iframe><\/h2>\n<h2><\/h2>\n<h2 style=\"text-align: left;\"><strong>ABC de Sevilla<\/strong><\/h2>\n<h2 style=\"text-align: left;\"><iframe src=\"https:\/\/drive.google.com\/file\/d\/1B9hNdQoixgwblTz57QNlAqonfpYQU63x\/preview\" width=\"640\" height=\"480\"><\/iframe><\/h2>\n<h2 style=\"text-align: left;\"><strong>Diario de Sevilla<\/strong><\/h2>\n<h2 style=\"text-align: left;\"><iframe src=\"https:\/\/drive.google.com\/file\/d\/1Lb5EfSzchr69aXYmexHW88J1Q9g_DNli\/preview\" width=\"640\" height=\"480\"><\/iframe><\/h2>\n<h2><\/h2>\n<h2><strong>Universidad de Sevilla<\/strong><\/h2>\n<h2 style=\"text-align: left;\"><iframe src=\"https:\/\/drive.google.com\/file\/d\/1v-3NgLaKGmAN_va7FL89yuaDPgXAtTmy\/preview\" width=\"640\" height=\"480\"><\/iframe><\/h2>\n<h2 style=\"text-align: left;\"><strong>Bolet\u00edn de las cofrad\u00edas de Sevilla<\/strong><\/h2>\n<h2 style=\"text-align: left;\"><iframe src=\"https:\/\/drive.google.com\/file\/d\/1NOgSkiLf1O6iYK1gZRmBg6254tE5ZKa7\/preview\" width=\"640\" height=\"480\"><span data-mce-type=\"bookmark\" style=\"display: inline-block; width: 0px; overflow: hidden; line-height: 0;\" class=\"mce_SELRES_start\">\ufeff<\/span><\/iframe><\/h2>\n","protected":false},"excerpt":{"rendered":"<p>Alumnos de Primaria visitan la Facultad de Farmacia Entrega de medallas de la ciudad \ufeff\ufeff &nbsp; Nuestros profes aparecen en Andaluc\u00eda Directo (Canal Sur) en plena pandemia Ver esta publicaci\u00f3n en Instagram &nbsp; Una publicaci\u00f3n compartida de Doctrina Cristiana (@fedcsevilla) Eva Gonz\u00e1lez en La copla de Canal Sur La banda en tu cole de Canal Sur Los reporteros de Canal Sur Diario de Sevilla ABC de Sevilla ABC de Sevilla<\/p>\n<p><a class=\"more-link\" href=\"https:\/\/fundaciondoctrinacristiana.es\/sevilla\/prensa\/\">Leer m\u00e1s<\/a><\/p>\n","protected":false},"author":1,"featured_media":0,"parent":0,"menu_order":0,"comment_status":"closed","ping_status":"closed","template":"","meta":{"footnotes":""},"class_list":["post-221","page","type-page","status-publish","hentry"],"_links":{"self":[{"href":"https:\/\/fundaciondoctrinacristiana.es\/sevilla\/wp-json\/wp\/v2\/pages\/221","targetHints":{"allow":["GET"]}}],"collection":[{"href":"https:\/\/fundaciondoctrinacristiana.es\/sevilla\/wp-json\/wp\/v2\/pages"}],"about":[{"href":"https:\/\/fundaciondoctrinacristiana.es\/sevilla\/wp-json\/wp\/v2\/types\/page"}],"author":[{"embeddable":true,"href":"https:\/\/fundaciondoctrinacristiana.es\/sevilla\/wp-json\/wp\/v2\/users\/1"}],"replies":[{"embeddable":true,"href":"https:\/\/fundaciondoctrinacristiana.es\/sevilla\/wp-json\/wp\/v2\/comments?post=221"}],"version-history":[{"count":5,"href":"https:\/\/fundaciondoctrinacristiana.es\/sevilla\/wp-json\/wp\/v2\/pages\/221\/revisions"}],"predecessor-version":[{"id":5626,"href":"https:\/\/fundaciondoctrinacristiana.es\/sevilla\/wp-json\/wp\/v2\/pages\/221\/revisions\/5626"}],"wp:attachment":[{"href":"https:\/\/fundaciondoctrinacristiana.es\/sevilla\/wp-json\/wp\/v2\/media?parent=221"}],"curies":[{"name":"wp","href":"https:\/\/api.w.org\/{rel}","templated":true}]}}