{"id":232,"date":"2021-02-17T05:51:13","date_gmt":"2021-02-17T05:51:13","guid":{"rendered":"https:\/\/fundaciondoctrinacristiana.es\/sevilla\/?page_id=232"},"modified":"2026-04-07T13:40:28","modified_gmt":"2026-04-07T11:40:28","slug":"menu-del-comedor-escolar","status":"publish","type":"page","link":"https:\/\/fundaciondoctrinacristiana.es\/sevilla\/menu-del-comedor-escolar\/","title":{"rendered":"Men\u00fa del comedor escolar"},"content":{"rendered":"\r\n<p>Si este men\u00fa no aparece actualizado o necesita consultar las variantes del men\u00fa (al\u00e9rgenos o intolerancias), puede acceder en <strong><a href=\"https:\/\/www.elgustodecrecer.es\/\" target=\"_blank\" rel=\"noopener noreferrer\">este enlace<\/a><\/strong> a la web con la informaci\u00f3n completa (requiere usuario y contrase\u00f1a).<\/p>\r\n<p><img fetchpriority=\"high\" decoding=\"async\" class=\"alignnone size-full wp-image-21392\" src=\"https:\/\/fundaciondoctrinacristiana.es\/sevilla\/wp-content\/uploads\/sites\/2\/2026\/04\/NTRA.-SRA.-DE-LAS-MERCEDES-MENU-ABRIL-1_page-0001.jpg\" alt=\"\" width=\"1755\" height=\"1240\" srcset=\"https:\/\/fundaciondoctrinacristiana.es\/sevilla\/wp-content\/uploads\/sites\/2\/2026\/04\/NTRA.-SRA.-DE-LAS-MERCEDES-MENU-ABRIL-1_page-0001.jpg 1755w, https:\/\/fundaciondoctrinacristiana.es\/sevilla\/wp-content\/uploads\/sites\/2\/2026\/04\/NTRA.-SRA.-DE-LAS-MERCEDES-MENU-ABRIL-1_page-0001-300x212.jpg 300w, https:\/\/fundaciondoctrinacristiana.es\/sevilla\/wp-content\/uploads\/sites\/2\/2026\/04\/NTRA.-SRA.-DE-LAS-MERCEDES-MENU-ABRIL-1_page-0001-1024x724.jpg 1024w, https:\/\/fundaciondoctrinacristiana.es\/sevilla\/wp-content\/uploads\/sites\/2\/2026\/04\/NTRA.-SRA.-DE-LAS-MERCEDES-MENU-ABRIL-1_page-0001-768x543.jpg 768w, https:\/\/fundaciondoctrinacristiana.es\/sevilla\/wp-content\/uploads\/sites\/2\/2026\/04\/NTRA.-SRA.-DE-LAS-MERCEDES-MENU-ABRIL-1_page-0001-1536x1085.jpg 1536w, https:\/\/fundaciondoctrinacristiana.es\/sevilla\/wp-content\/uploads\/sites\/2\/2026\/04\/NTRA.-SRA.-DE-LAS-MERCEDES-MENU-ABRIL-1_page-0001-800x565.jpg 800w, https:\/\/fundaciondoctrinacristiana.es\/sevilla\/wp-content\/uploads\/sites\/2\/2026\/04\/NTRA.-SRA.-DE-LAS-MERCEDES-MENU-ABRIL-1_page-0001-600x424.jpg 600w\" sizes=\"(max-width: 1755px) 100vw, 1755px\" \/><\/p>\r\n<p>&nbsp;<\/p>\r\n","protected":false},"excerpt":{"rendered":"","protected":false},"author":1,"featured_media":0,"parent":0,"menu_order":0,"comment_status":"closed","ping_status":"closed","template":"","meta":{"footnotes":""},"class_list":["post-232","page","type-page","status-publish","hentry"],"_links":{"self":[{"href":"https:\/\/fundaciondoctrinacristiana.es\/sevilla\/wp-json\/wp\/v2\/pages\/232","targetHints":{"allow":["GET"]}}],"collection":[{"href":"https:\/\/fundaciondoctrinacristiana.es\/sevilla\/wp-json\/wp\/v2\/pages"}],"about":[{"href":"https:\/\/fundaciondoctrinacristiana.es\/sevilla\/wp-json\/wp\/v2\/types\/page"}],"author":[{"embeddable":true,"href":"https:\/\/fundaciondoctrinacristiana.es\/sevilla\/wp-json\/wp\/v2\/users\/1"}],"replies":[{"embeddable":true,"href":"https:\/\/fundaciondoctrinacristiana.es\/sevilla\/wp-json\/wp\/v2\/comments?post=232"}],"version-history":[{"count":43,"href":"https:\/\/fundaciondoctrinacristiana.es\/sevilla\/wp-json\/wp\/v2\/pages\/232\/revisions"}],"predecessor-version":[{"id":21393,"href":"https:\/\/fundaciondoctrinacristiana.es\/sevilla\/wp-json\/wp\/v2\/pages\/232\/revisions\/21393"}],"wp:attachment":[{"href":"https:\/\/fundaciondoctrinacristiana.es\/sevilla\/wp-json\/wp\/v2\/media?parent=232"}],"curies":[{"name":"wp","href":"https:\/\/api.w.org\/{rel}","templated":true}]}}