{"id":249,"date":"2021-02-17T05:58:44","date_gmt":"2021-02-17T05:58:44","guid":{"rendered":"https:\/\/fundaciondoctrinacristiana.es\/sevilla\/?page_id=249"},"modified":"2021-04-14T19:39:17","modified_gmt":"2021-04-14T19:39:17","slug":"departamento-de-orientacion","status":"publish","type":"page","link":"https:\/\/fundaciondoctrinacristiana.es\/sevilla\/departamento-de-orientacion\/","title":{"rendered":"Departamento de Orientaci\u00f3n"},"content":{"rendered":"<div>\n<h1><img fetchpriority=\"high\" decoding=\"async\" class=\"aligncenter size-full wp-image-120\" src=\"https:\/\/fundaciondoctrinacristiana.es\/sevilla\/wp-content\/uploads\/sites\/2\/2021\/02\/IMG_8450-copia.jpg\" alt=\"\" width=\"2362\" height=\"1575\" srcset=\"https:\/\/fundaciondoctrinacristiana.es\/sevilla\/wp-content\/uploads\/sites\/2\/2021\/02\/IMG_8450-copia.jpg 2362w, https:\/\/fundaciondoctrinacristiana.es\/sevilla\/wp-content\/uploads\/sites\/2\/2021\/02\/IMG_8450-copia-300x200.jpg 300w, https:\/\/fundaciondoctrinacristiana.es\/sevilla\/wp-content\/uploads\/sites\/2\/2021\/02\/IMG_8450-copia-1024x683.jpg 1024w, https:\/\/fundaciondoctrinacristiana.es\/sevilla\/wp-content\/uploads\/sites\/2\/2021\/02\/IMG_8450-copia-768x512.jpg 768w, https:\/\/fundaciondoctrinacristiana.es\/sevilla\/wp-content\/uploads\/sites\/2\/2021\/02\/IMG_8450-copia-1536x1024.jpg 1536w, https:\/\/fundaciondoctrinacristiana.es\/sevilla\/wp-content\/uploads\/sites\/2\/2021\/02\/IMG_8450-copia-2048x1366.jpg 2048w, https:\/\/fundaciondoctrinacristiana.es\/sevilla\/wp-content\/uploads\/sites\/2\/2021\/02\/IMG_8450-copia-800x533.jpg 800w\" sizes=\"(max-width: 2362px) 100vw, 2362px\" \/><\/h1>\n<p>El Departamento de Orientaci\u00f3n es el principal instrumento para la orientaci\u00f3n educativa y la intervenci\u00f3n psicopedag\u00f3gica en un centro.<\/p>\n<p>La orientaci\u00f3n se concibe como un proceso continuo, es decir, debe actuar a lo largo de toda la etapa educativa del alumno y en la etapa de transici\u00f3n a la vida adulta y profesional. El proceso de ayuda a la persona va m\u00e1s all\u00e1 del proceso de escolarizaci\u00f3n formal.<\/p>\n<p>El Departamento de Orientaci\u00f3n del Colegio Ntra. Sra. de las Mercedes est\u00e1 formado por una Psic\u00f3loga y Orientadora Escolar, una profesora de Pedagog\u00eda Terap\u00e9utica y una Pedagoga y Especialista en Audici\u00f3n y Lenguaje. Todas estas profesionales tienen como objetivo que el alumnado reciba una educaci\u00f3n integral que le permita desarrollar al m\u00e1ximo sus potencialidades partiendo siempre de las condiciones y caracter\u00edsticas de cada uno.<\/p>\n<p>El equipo est\u00e1 formado por:<\/p>\n<ul>\n<li><span style=\"font-size: 1rem;\">Profesora de Educaci\u00f3n Especial: Roc\u00edo Larrauri de la Rosa.<\/span><\/li>\n<li>Pedagoga y Logopeda: M\u00aa Angeles Troya Flores.<\/li>\n<li>Psic\u00f3loga y Orientadora: Mercedes Cervera Mu\u00f1oz de Bustillo.<\/li>\n<\/ul>\n<\/div>\n<hr \/>\n<h2 id=\"sites-page-title-header\" align=\"left\"><span id=\"sites-page-title\" dir=\"ltr\" tabindex=\"-1\">Atenci\u00f3n al alumnado<\/span><\/h2>\n<ul>\n<li><span style=\"font-size: 1rem;\">Detectar de manera precoz las posibles dificultades que puedan aparecer en las distintas \u00e1reas del desarrollo infantil.<\/span><\/li>\n<li>Detectar necesidades educativas especiales:\n<ul>\n<li>Aplicar pruebas aptitudinales correspondientes para una buena detecci\u00f3n<\/li>\n<li>Intervenir con aquellos alumnos que presentan dificultades escolares (Razonamiento, lectoescritura, atenci\u00f3n, lenguaje&#8230;) y sociales (de relaci\u00f3n con sus compa\u00f1eros, con adultos&#8230;).<\/li>\n<\/ul>\n<\/li>\n<li>Orientar acad\u00e9mica y profesionalmente a los alumnos de secundaria: t\u00e9cnicas de estudio, informaci\u00f3n del bachillerato, selectividad, ciclos formativos, grados universitarios, pruebas de acceso.<\/li>\n<li>Llevar a cabo din\u00e1micas de grupo sobre habilidades sociales, conductas asertivas, t\u00e9cnicas de relajaci\u00f3n ante situaciones de estr\u00e9s\u2026<\/li>\n<\/ul>\n<p><strong><a href=\"https:\/\/drive.google.com\/file\/d\/1m14knmFPyUr2nmUJm_edcp-IK80FOhZQ\/view\" target=\"_blank\" rel=\"noopener\">Consulta aqu\u00ed nuestro documento sobre orientaci\u00f3n acad\u00e9mica y profesional<\/a><\/strong><\/p>\n<hr \/>\n<h2 id=\"sites-page-title-header\" align=\"left\"><span id=\"sites-page-title\" dir=\"ltr\" tabindex=\"-1\">Asesoramiento a las familias<\/span><\/h2>\n<div id=\"sites-canvas-main\" class=\"sites-canvas-main\">\n<ul>\n<li id=\"sites-canvas-main-content\">Informar y orientar a las familias sobre las pruebas administradas a sus hijos y entrega de informes psicopedag\u00f3gicos.<\/li>\n<li>Asesorar, orientar y\/o guiar sobre pautas educativas a nivel familiar, escolar y social.<\/li>\n<li>Promover la cooperaci\u00f3n entre el centro y las familias para una mayor eficacia y coherencia en la educaci\u00f3n de los alumnos.<\/li>\n<\/ul>\n<hr \/>\n<h2 id=\"sites-page-title-header\" align=\"left\"><span id=\"sites-page-title\" dir=\"ltr\" tabindex=\"-1\">Asesoramiento a profesores<\/span><\/h2>\n<ul>\n<li>Asesorar sobre el grupo dependiendo de las caracter\u00edsticas propias de este o de un determinado alumno\/a.<\/li>\n<li>Colaborar con el profesorado del centro en la detecci\u00f3n, prevenci\u00f3n y valoraci\u00f3n de problemas de ense\u00f1anza-aprendizaje.<\/li>\n<li>Asesorar en la realizaci\u00f3n de adaptaciones curriculares y seguimiento del alumnado con NEE.<\/li>\n<li>Elaborar y facilitar criterios para el tratamiento adecuado a la diversidad.<\/li>\n<li>Colaboraci\u00f3n en el desarrollo de planes y proyectos: plan de acci\u00f3n tutorial, plan de atenci\u00f3n a la diversidad, programaciones did\u00e1cticas, plan de convivencia.<\/li>\n<li>Asesoramiento en t\u00e9cnicas de modificaci\u00f3n de conducta.<\/li>\n<\/ul>\n<hr \/>\n<p>&nbsp;<\/p>\n<\/div>\n","protected":false},"excerpt":{"rendered":"<p>El Departamento de Orientaci\u00f3n es el principal instrumento para la orientaci\u00f3n educativa y la intervenci\u00f3n psicopedag\u00f3gica en un centro. La orientaci\u00f3n se concibe como un proceso continuo, es decir, debe actuar a lo largo de toda la etapa educativa del alumno y en la etapa de transici\u00f3n a la vida adulta y profesional. El proceso de ayuda a la persona va m\u00e1s all\u00e1 del proceso de escolarizaci\u00f3n formal. El Departamento<\/p>\n<p><a class=\"more-link\" href=\"https:\/\/fundaciondoctrinacristiana.es\/sevilla\/departamento-de-orientacion\/\">Leer m\u00e1s<\/a><\/p>\n","protected":false},"author":1,"featured_media":0,"parent":0,"menu_order":0,"comment_status":"closed","ping_status":"closed","template":"","meta":{"footnotes":""},"class_list":["post-249","page","type-page","status-publish","hentry"],"_links":{"self":[{"href":"https:\/\/fundaciondoctrinacristiana.es\/sevilla\/wp-json\/wp\/v2\/pages\/249","targetHints":{"allow":["GET"]}}],"collection":[{"href":"https:\/\/fundaciondoctrinacristiana.es\/sevilla\/wp-json\/wp\/v2\/pages"}],"about":[{"href":"https:\/\/fundaciondoctrinacristiana.es\/sevilla\/wp-json\/wp\/v2\/types\/page"}],"author":[{"embeddable":true,"href":"https:\/\/fundaciondoctrinacristiana.es\/sevilla\/wp-json\/wp\/v2\/users\/1"}],"replies":[{"embeddable":true,"href":"https:\/\/fundaciondoctrinacristiana.es\/sevilla\/wp-json\/wp\/v2\/comments?post=249"}],"version-history":[{"count":0,"href":"https:\/\/fundaciondoctrinacristiana.es\/sevilla\/wp-json\/wp\/v2\/pages\/249\/revisions"}],"wp:attachment":[{"href":"https:\/\/fundaciondoctrinacristiana.es\/sevilla\/wp-json\/wp\/v2\/media?parent=249"}],"curies":[{"name":"wp","href":"https:\/\/api.w.org\/{rel}","templated":true}]}}