{"id":256,"date":"2021-02-17T06:03:19","date_gmt":"2021-02-17T06:03:19","guid":{"rendered":"https:\/\/fundaciondoctrinacristiana.es\/sevilla\/?page_id=256"},"modified":"2025-09-11T23:06:25","modified_gmt":"2025-09-11T21:06:25","slug":"secundaria","status":"publish","type":"page","link":"https:\/\/fundaciondoctrinacristiana.es\/sevilla\/secundaria\/","title":{"rendered":"Secundaria"},"content":{"rendered":"<p>&nbsp;<\/p>\n<h1>Calendario de ex\u00e1menes ESO<br \/>\n<img fetchpriority=\"high\" decoding=\"async\" class=\"aligncenter size-full wp-image-129\" src=\"https:\/\/fundaciondoctrinacristiana.es\/sevilla\/wp-content\/uploads\/sites\/2\/2021\/02\/three-students-working-flatlay_4460x4460-scaled.jpg\" alt=\"\" width=\"2560\" height=\"1706\" srcset=\"https:\/\/fundaciondoctrinacristiana.es\/sevilla\/wp-content\/uploads\/sites\/2\/2021\/02\/three-students-working-flatlay_4460x4460-scaled.jpg 2560w, https:\/\/fundaciondoctrinacristiana.es\/sevilla\/wp-content\/uploads\/sites\/2\/2021\/02\/three-students-working-flatlay_4460x4460-300x200.jpg 300w, https:\/\/fundaciondoctrinacristiana.es\/sevilla\/wp-content\/uploads\/sites\/2\/2021\/02\/three-students-working-flatlay_4460x4460-1024x683.jpg 1024w, https:\/\/fundaciondoctrinacristiana.es\/sevilla\/wp-content\/uploads\/sites\/2\/2021\/02\/three-students-working-flatlay_4460x4460-768x512.jpg 768w, https:\/\/fundaciondoctrinacristiana.es\/sevilla\/wp-content\/uploads\/sites\/2\/2021\/02\/three-students-working-flatlay_4460x4460-1536x1024.jpg 1536w, https:\/\/fundaciondoctrinacristiana.es\/sevilla\/wp-content\/uploads\/sites\/2\/2021\/02\/three-students-working-flatlay_4460x4460-2048x1365.jpg 2048w, https:\/\/fundaciondoctrinacristiana.es\/sevilla\/wp-content\/uploads\/sites\/2\/2021\/02\/three-students-working-flatlay_4460x4460-800x533.jpg 800w\" sizes=\"(max-width: 2560px) 100vw, 2560px\" \/><\/h1>\n<p><iframe src=\"https:\/\/calendar.google.com\/calendar\/embed?src=doctrinacristianasevilla.es_dvbs8ighfd3uovjjhuivbjstu8%40group.calendar.google.com&#038;ctz=Europe%2FMadrid\" style=\"border: 0\" width=\"800\" height=\"600\" frameborder=\"0\" scrolling=\"no\"><\/iframe><br \/>\n&nbsp;<\/p>\n<hr \/>\n<p>Si quieres integrar este calendario en tu calendario de Google, usa esta direcci\u00f3n\u00a0<a href=\"https:\/\/calendar.google.com\/calendar\/u\/2?cid=ZG9jdHJpbmFjcmlzdGlhbmFzZXZpbGxhLmVzX2R2YnM4aWdoZmQzdW92ampodWl2YmpzdHU4QGdyb3VwLmNhbGVuZGFyLmdvb2dsZS5jb20\" target=\"_blank\" rel=\"noopener\"><strong>https:\/\/calendar.google.com\/calendar\/u\/2?cid=ZG9jdHJpbmFjcmlzdGlhbmFzZXZpbGxhLmVzXzhwZHZtOXMyamo2c2ppM2NpZmtpZDJtbmw4QGdyb3VwLmNhbGVuZGFyLmdvb2dsZS5jb20<\/strong><\/a><\/p>\n<p>Para ello, entra en <strong>Google Calendar<\/strong> con tu cuenta, pulsa en <strong>Otros calendarios<\/strong> &gt; <strong>Bot\u00f3n + <\/strong>(A\u00f1adir otros calendarios) &gt; <strong>Desde URL<\/strong> &gt; pega ah\u00ed la direcci\u00f3n anterior y dale a <strong>A\u00f1adir calendario<\/strong>.<\/p>\n<p>&nbsp;<\/p>\n","protected":false},"excerpt":{"rendered":"<p>&nbsp; Calendario de ex\u00e1menes ESO &nbsp; Si quieres integrar este calendario en tu calendario de Google, usa esta direcci\u00f3n\u00a0https:\/\/calendar.google.com\/calendar\/u\/2?cid=ZG9jdHJpbmFjcmlzdGlhbmFzZXZpbGxhLmVzXzhwZHZtOXMyamo2c2ppM2NpZmtpZDJtbmw4QGdyb3VwLmNhbGVuZGFyLmdvb2dsZS5jb20 Para ello, entra en Google Calendar con tu cuenta, pulsa en Otros calendarios &gt; Bot\u00f3n + (A\u00f1adir otros calendarios) &gt; Desde URL &gt; pega ah\u00ed la direcci\u00f3n anterior y dale a A\u00f1adir calendario. &nbsp;<\/p>\n","protected":false},"author":1,"featured_media":0,"parent":0,"menu_order":0,"comment_status":"closed","ping_status":"closed","template":"","meta":{"footnotes":""},"class_list":["post-256","page","type-page","status-publish","hentry"],"_links":{"self":[{"href":"https:\/\/fundaciondoctrinacristiana.es\/sevilla\/wp-json\/wp\/v2\/pages\/256","targetHints":{"allow":["GET"]}}],"collection":[{"href":"https:\/\/fundaciondoctrinacristiana.es\/sevilla\/wp-json\/wp\/v2\/pages"}],"about":[{"href":"https:\/\/fundaciondoctrinacristiana.es\/sevilla\/wp-json\/wp\/v2\/types\/page"}],"author":[{"embeddable":true,"href":"https:\/\/fundaciondoctrinacristiana.es\/sevilla\/wp-json\/wp\/v2\/users\/1"}],"replies":[{"embeddable":true,"href":"https:\/\/fundaciondoctrinacristiana.es\/sevilla\/wp-json\/wp\/v2\/comments?post=256"}],"version-history":[{"count":7,"href":"https:\/\/fundaciondoctrinacristiana.es\/sevilla\/wp-json\/wp\/v2\/pages\/256\/revisions"}],"predecessor-version":[{"id":18079,"href":"https:\/\/fundaciondoctrinacristiana.es\/sevilla\/wp-json\/wp\/v2\/pages\/256\/revisions\/18079"}],"wp:attachment":[{"href":"https:\/\/fundaciondoctrinacristiana.es\/sevilla\/wp-json\/wp\/v2\/media?parent=256"}],"curies":[{"name":"wp","href":"https:\/\/api.w.org\/{rel}","templated":true}]}}