{"id":3003,"date":"2022-03-10T00:35:37","date_gmt":"2022-03-09T23:35:37","guid":{"rendered":"https:\/\/fundaciondoctrinacristiana.es\/sevilla\/?page_id=3003"},"modified":"2026-03-02T09:38:30","modified_gmt":"2026-03-02T08:38:30","slug":"escolarizacion-2","status":"publish","type":"page","link":"https:\/\/fundaciondoctrinacristiana.es\/sevilla\/escolarizacion-2\/","title":{"rendered":"Escolarizaci\u00f3n"},"content":{"rendered":"<p>En esta p\u00e1gina encontrar\u00e1 la documentaci\u00f3n para la escolarizaci\u00f3n del curso 26-27.<\/p>\n<p>Nombre del centro: C.D.P. Nuestra Se\u00f1ora de las Mercedes. Fundaci\u00f3n Educativa Doctrina Cristiana<\/p>\n<p>C\u00f3digo de centro: 41005798<\/p>\n<p><a href=\"https:\/\/fundaciondoctrinacristiana.es\/sevilla\/wp-content\/uploads\/sites\/2\/2024\/03\/Anexo-IV_Matricula-Infantil.pdf\">Anexo IV_Matr\u00edcula Infantil<\/a><\/p>\n<p><a href=\"https:\/\/fundaciondoctrinacristiana.es\/sevilla\/wp-content\/uploads\/sites\/2\/2024\/03\/Anexo-V_Matricula-Primaria.pdf\">Anexo V_Matr\u00edcula Primaria<\/a><\/p>\n<p><a href=\"https:\/\/fundaciondoctrinacristiana.es\/sevilla\/wp-content\/uploads\/sites\/2\/2024\/03\/Anexo-VII_Matricula-ESO.pdf\">Anexo VII_Matr\u00edcula ESO<\/a><\/p>\n<p><a href=\"https:\/\/fundaciondoctrinacristiana.es\/sevilla\/wp-content\/uploads\/sites\/2\/2024\/03\/ANEXO-IX_Escolarizacion-Extemporanea.pdf\">ANEXO IX_Escolarizaci\u00f3n Extempor\u00e1nea<\/a><\/p>\n<p><a href=\"https:\/\/fundaciondoctrinacristiana.es\/sevilla\/wp-content\/uploads\/sites\/2\/2026\/03\/Anexo-III.-Solicitud-de-centro-escolarizacion-marzo.pdf\">Anexo III. Solicitud de centro (escolarizaci\u00f3n marzo)<\/a><\/p>\n","protected":false},"excerpt":{"rendered":"<p>En esta p\u00e1gina encontrar\u00e1 la documentaci\u00f3n para la escolarizaci\u00f3n del curso 26-27. Nombre del centro: C.D.P. Nuestra Se\u00f1ora de las Mercedes. Fundaci\u00f3n Educativa Doctrina Cristiana C\u00f3digo de centro: 41005798 Anexo IV_Matr\u00edcula Infantil Anexo V_Matr\u00edcula Primaria Anexo VII_Matr\u00edcula ESO ANEXO IX_Escolarizaci\u00f3n Extempor\u00e1nea Anexo III. Solicitud de centro (escolarizaci\u00f3n marzo)<\/p>\n","protected":false},"author":1,"featured_media":0,"parent":0,"menu_order":0,"comment_status":"closed","ping_status":"closed","template":"","meta":{"footnotes":""},"class_list":["post-3003","page","type-page","status-publish","hentry"],"_links":{"self":[{"href":"https:\/\/fundaciondoctrinacristiana.es\/sevilla\/wp-json\/wp\/v2\/pages\/3003","targetHints":{"allow":["GET"]}}],"collection":[{"href":"https:\/\/fundaciondoctrinacristiana.es\/sevilla\/wp-json\/wp\/v2\/pages"}],"about":[{"href":"https:\/\/fundaciondoctrinacristiana.es\/sevilla\/wp-json\/wp\/v2\/types\/page"}],"author":[{"embeddable":true,"href":"https:\/\/fundaciondoctrinacristiana.es\/sevilla\/wp-json\/wp\/v2\/users\/1"}],"replies":[{"embeddable":true,"href":"https:\/\/fundaciondoctrinacristiana.es\/sevilla\/wp-json\/wp\/v2\/comments?post=3003"}],"version-history":[{"count":5,"href":"https:\/\/fundaciondoctrinacristiana.es\/sevilla\/wp-json\/wp\/v2\/pages\/3003\/revisions"}],"predecessor-version":[{"id":20593,"href":"https:\/\/fundaciondoctrinacristiana.es\/sevilla\/wp-json\/wp\/v2\/pages\/3003\/revisions\/20593"}],"wp:attachment":[{"href":"https:\/\/fundaciondoctrinacristiana.es\/sevilla\/wp-json\/wp\/v2\/media?parent=3003"}],"curies":[{"name":"wp","href":"https:\/\/api.w.org\/{rel}","templated":true}]}}