{"id":14638,"date":"2024-10-28T22:19:40","date_gmt":"2024-10-28T21:19:40","guid":{"rendered":"https:\/\/fundaciondoctrinacristiana.es\/sevilla\/?post_type=product&#038;p=14638"},"modified":"2024-10-30T01:42:10","modified_gmt":"2024-10-30T00:42:10","slug":"colgadura-de-navidad","status":"publish","type":"product","link":"https:\/\/fundaciondoctrinacristiana.es\/sevilla\/producto\/colgadura-de-navidad\/","title":{"rendered":"Colgadura de Navidad"},"content":{"rendered":"<h2>Colgadura de Navidad<\/h2>\n<p>\u00a1A\u00f1ade un toque de calidez y alegr\u00eda navide\u00f1a a tu hogar! Esta colgadura est\u00e1 dise\u00f1ada especialmente para engalanar tus balcones y ventanas, convirti\u00e9ndolos en un reflejo del esp\u00edritu navide\u00f1o. Perfecta para iluminar los d\u00edas festivos con un mensaje de esperanza y unidad.<\/p>\n<p>Los beneficios ser\u00e1n destinados a mejoras en cuentro colegio.<\/p>\n<p><strong>UNA VEZ REALIZADO EL PAGO, SE ENTREGAR\u00c1 LA COLGADURA A TU HIJO\/A EN EL COLEGIO<\/strong><\/p>\n<ul>\n<li>Fabricada con materiales resistentes al clima para asegurar su durabilidad durante toda la temporada festiva.<\/li>\n<li>Se instala de forma r\u00e1pida y segura, permiti\u00e9ndote disfrutar sin complicaciones.<\/li>\n<li>Medidas: 70&#215;100 cm con cosido perimetral y cintas en las esquinas.<\/li>\n<\/ul>\n","protected":false},"excerpt":{"rendered":"<h2>Colgadura de Navidad<\/h2>\n<p>\u00a1A\u00f1ade un toque de calidez y alegr\u00eda navide\u00f1a a tu hogar! Esta colgadura est\u00e1 dise\u00f1ada especialmente para engalanar tus balcones y ventanas, convirti\u00e9ndolos en un reflejo del esp\u00edritu navide\u00f1o. Perfecta para iluminar los d\u00edas festivos con un mensaje de esperanza y unidad.<\/p>\n<p>Los beneficios ser\u00e1n destinados a mejoras en cuentro colegio.<\/p>\n<p><strong>UNA VEZ REALIZADO EL PAGO, SE ENTREGAR\u00c1 LA COLGADURA A TU HIJO\/A EN EL COLEGIO<\/strong><\/p>\n<ul>\n<li>&#8211; Fabricada con materiales resistentes al clima para asegurar su durabilidad durante toda la temporada festiva.<\/li>\n<li>&#8211; Se instala de forma r\u00e1pida y segura, permiti\u00e9ndote disfrutar sin complicaciones.<\/li>\n<li>&#8211; Medidas: 70&#215;100 cm con cosido perimetral y cintas en las esquinas.<\/li>\n<\/ul>\n","protected":false},"featured_media":14640,"template":"","meta":[],"product_brand":[],"product_cat":[353],"product_tag":[],"class_list":{"0":"post-14638","1":"product","2":"type-product","3":"status-publish","4":"has-post-thumbnail","6":"product_cat-regalos-y-decoracion","8":"first","9":"instock","10":"shipping-taxable","11":"product-type-simple"},"_links":{"self":[{"href":"https:\/\/fundaciondoctrinacristiana.es\/sevilla\/wp-json\/wp\/v2\/product\/14638","targetHints":{"allow":["GET"]}}],"collection":[{"href":"https:\/\/fundaciondoctrinacristiana.es\/sevilla\/wp-json\/wp\/v2\/product"}],"about":[{"href":"https:\/\/fundaciondoctrinacristiana.es\/sevilla\/wp-json\/wp\/v2\/types\/product"}],"wp:featuredmedia":[{"embeddable":true,"href":"https:\/\/fundaciondoctrinacristiana.es\/sevilla\/wp-json\/wp\/v2\/media\/14640"}],"wp:attachment":[{"href":"https:\/\/fundaciondoctrinacristiana.es\/sevilla\/wp-json\/wp\/v2\/media?parent=14638"}],"wp:term":[{"taxonomy":"product_brand","embeddable":true,"href":"https:\/\/fundaciondoctrinacristiana.es\/sevilla\/wp-json\/wp\/v2\/product_brand?post=14638"},{"taxonomy":"product_cat","embeddable":true,"href":"https:\/\/fundaciondoctrinacristiana.es\/sevilla\/wp-json\/wp\/v2\/product_cat?post=14638"},{"taxonomy":"product_tag","embeddable":true,"href":"https:\/\/fundaciondoctrinacristiana.es\/sevilla\/wp-json\/wp\/v2\/product_tag?post=14638"}],"curies":[{"name":"wp","href":"https:\/\/api.w.org\/{rel}","templated":true}]}}