{"id":17854,"date":"2025-06-30T16:47:06","date_gmt":"2025-06-30T14:47:06","guid":{"rendered":"https:\/\/fundaciondoctrinacristiana.es\/sevilla\/?post_type=product&#038;p=17854"},"modified":"2025-06-30T19:17:28","modified_gmt":"2025-06-30T17:17:28","slug":"pack-material-escolar-ed-infantil-3-anos","status":"publish","type":"product","link":"https:\/\/fundaciondoctrinacristiana.es\/sevilla\/producto\/pack-material-escolar-ed-infantil-3-anos\/","title":{"rendered":"Pack material escolar Ed. Infantil 3 a\u00f1os"},"content":{"rendered":"<h2>Pack material escolar Ed. Infantil 3 a\u00f1os<\/h2>\n<p><strong>IMPORTANTE: Los materiales se entregar\u00e1n el d\u00eda de la reuni\u00f3n inicial de principio de curso.<\/strong><\/p>\n<ul>\n<li dir=\"ltr\">\n<p dir=\"ltr\" role=\"presentation\">12 PLASTILINAS PEQUE\u00d1AS (3 ROJA , 3 AZUL , 3 AMARILLA , 3 VERDE ).<\/p>\n<\/li>\n<li dir=\"ltr\">\n<p dir=\"ltr\" role=\"presentation\">2 L\u00c1PIZ NEGRO TRIANGULAR GORDO.<\/p>\n<\/li>\n<\/ul>\n<ul>\n<li dir=\"ltr\">\n<p dir=\"ltr\" role=\"presentation\">2 CAJAS DE 12 ROTULADORES GORDOS. .<\/p>\n<\/li>\n<li dir=\"ltr\">\n<p dir=\"ltr\" role=\"presentation\">1 CAJA DE 15 CERAS BLANDAS.<\/p>\n<\/li>\n<li dir=\"ltr\">\n<p dir=\"ltr\" role=\"presentation\">2 CAJAS DE 12 L\u00c1PICES TRIANGULARES DE CERAS GORDAS.<\/p>\n<\/li>\n<li dir=\"ltr\">\n<p dir=\"ltr\" role=\"presentation\">1 CAJA DE 12\u00a0 L\u00c1PICES DE CERAS FINAS.<\/p>\n<\/li>\n<li dir=\"ltr\">\n<p dir=\"ltr\" role=\"presentation\">1 CARPETA DE PL\u00c1STICO CON GOMILLAS.<\/p>\n<\/li>\n<li dir=\"ltr\">\n<p dir=\"ltr\" role=\"presentation\">1 PINCEL N\u00ba 12.<\/p>\n<\/li>\n<li dir=\"ltr\">\n<p dir=\"ltr\" role=\"presentation\">3 BARRAS DE\u00a0 PEGAMENTO TAMA\u00d1O MEDIANO.<\/p>\n<\/li>\n<li dir=\"ltr\">\n<p dir=\"ltr\" role=\"presentation\">UTENSILIOS PARA PLASTILINA.<\/p>\n<\/li>\n<li dir=\"ltr\">\n<p dir=\"ltr\" role=\"presentation\">1 PAQUETE DE 100 FOLIOS.<\/p>\n<\/li>\n<li dir=\"ltr\">\n<p dir=\"ltr\" role=\"presentation\">2 BLOCKS DE PAPELES M\u00daLTIPLES.<\/p>\n<\/li>\n<\/ul>\n","protected":false},"excerpt":{"rendered":"<h2>Pack material escolar Ed. Infantil 3 a\u00f1os<\/h2>\n<p><strong>IMPORTANTE: Los materiales se entregar\u00e1n el d\u00eda de la reuni\u00f3n inicial de principio de curso.<\/strong><\/p>\n<ul>\n<li dir=\"ltr\">\n<p dir=\"ltr\" role=\"presentation\">12 PLASTILINAS PEQUE\u00d1AS (3 ROJA , 3 AZUL , 3 AMARILLA , 3 VERDE ).<\/p>\n<\/li>\n<li dir=\"ltr\">\n<p dir=\"ltr\" role=\"presentation\">2 L\u00c1PIZ NEGRO TRIANGULAR GORDO.<\/p>\n<\/li>\n<\/ul>\n<ul>\n<li dir=\"ltr\">\n<p dir=\"ltr\" role=\"presentation\">2 CAJAS DE 12 ROTULADORES GORDOS. .<\/p>\n<\/li>\n<li dir=\"ltr\">\n<p dir=\"ltr\" role=\"presentation\">1 CAJA DE 15 CERAS BLANDAS.<\/p>\n<\/li>\n<li dir=\"ltr\">\n<p dir=\"ltr\" role=\"presentation\">2 CAJAS DE 12 L\u00c1PICES TRIANGULARES DE CERAS GORDAS.<\/p>\n<\/li>\n<li dir=\"ltr\">\n<p dir=\"ltr\" role=\"presentation\">1 CAJA DE 12\u00a0 L\u00c1PICES DE CERAS FINAS.<\/p>\n<\/li>\n<li dir=\"ltr\">\n<p dir=\"ltr\" role=\"presentation\">1 CARPETA DE PL\u00c1STICO CON GOMILLAS.<\/p>\n<\/li>\n<li dir=\"ltr\">\n<p dir=\"ltr\" role=\"presentation\">1 PINCEL N\u00ba 12.<\/p>\n<\/li>\n<li dir=\"ltr\">\n<p dir=\"ltr\" role=\"presentation\">3 BARRAS DE\u00a0 PEGAMENTO TAMA\u00d1O MEDIANO.<\/p>\n<\/li>\n<li dir=\"ltr\">\n<p dir=\"ltr\" role=\"presentation\">UTENSILIOS PARA PLASTILINA.<\/p>\n<\/li>\n<li dir=\"ltr\">\n<p dir=\"ltr\" role=\"presentation\">1 PAQUETE DE 100 FOLIOS.<\/p>\n<\/li>\n<li dir=\"ltr\">\n<p dir=\"ltr\" role=\"presentation\">2 BLOCKS DE PAPELES M\u00daLTIPLES.<\/p>\n<\/li>\n<\/ul>\n","protected":false},"featured_media":17856,"template":"","meta":[],"product_brand":[],"product_cat":[366],"product_tag":[],"class_list":{"0":"post-17854","1":"product","2":"type-product","3":"status-publish","4":"has-post-thumbnail","6":"product_cat-materialescolar","8":"first","9":"instock","10":"virtual","11":"product-type-simple"},"_links":{"self":[{"href":"https:\/\/fundaciondoctrinacristiana.es\/sevilla\/wp-json\/wp\/v2\/product\/17854","targetHints":{"allow":["GET"]}}],"collection":[{"href":"https:\/\/fundaciondoctrinacristiana.es\/sevilla\/wp-json\/wp\/v2\/product"}],"about":[{"href":"https:\/\/fundaciondoctrinacristiana.es\/sevilla\/wp-json\/wp\/v2\/types\/product"}],"wp:featuredmedia":[{"embeddable":true,"href":"https:\/\/fundaciondoctrinacristiana.es\/sevilla\/wp-json\/wp\/v2\/media\/17856"}],"wp:attachment":[{"href":"https:\/\/fundaciondoctrinacristiana.es\/sevilla\/wp-json\/wp\/v2\/media?parent=17854"}],"wp:term":[{"taxonomy":"product_brand","embeddable":true,"href":"https:\/\/fundaciondoctrinacristiana.es\/sevilla\/wp-json\/wp\/v2\/product_brand?post=17854"},{"taxonomy":"product_cat","embeddable":true,"href":"https:\/\/fundaciondoctrinacristiana.es\/sevilla\/wp-json\/wp\/v2\/product_cat?post=17854"},{"taxonomy":"product_tag","embeddable":true,"href":"https:\/\/fundaciondoctrinacristiana.es\/sevilla\/wp-json\/wp\/v2\/product_tag?post=17854"}],"curies":[{"name":"wp","href":"https:\/\/api.w.org\/{rel}","templated":true}]}}