{"id":17861,"date":"2025-06-30T19:18:01","date_gmt":"2025-06-30T17:18:01","guid":{"rendered":"https:\/\/fundaciondoctrinacristiana.es\/sevilla\/?post_type=product&#038;p=17861"},"modified":"2025-06-30T19:42:02","modified_gmt":"2025-06-30T17:42:02","slug":"pack-material-escolar-ed-infantil-5-anos","status":"publish","type":"product","link":"https:\/\/fundaciondoctrinacristiana.es\/sevilla\/producto\/pack-material-escolar-ed-infantil-5-anos\/","title":{"rendered":"Pack material escolar Ed. Infantil 5 a\u00f1os"},"content":{"rendered":"<h2>Pack material escolar Ed. Infantil 5 a\u00f1os<\/h2>\n<p><strong>IMPORTANTE: Los materiales se entregar\u00e1n el d\u00eda de la reuni\u00f3n inicial de principio de curso.<\/strong><\/p>\n<ul>\n<li dir=\"ltr\">\n<p dir=\"ltr\" role=\"presentation\">3 L\u00c1PICES TRIANGULARES FINOS N\u00ba2 HB.<\/p>\n<\/li>\n<li dir=\"ltr\">\n<p dir=\"ltr\" role=\"presentation\">3 CAJAS DE 24 COLORES DE CERAS FINAS.<\/p>\n<\/li>\n<li dir=\"ltr\">\n<p dir=\"ltr\" role=\"presentation\">4 BARRAS DE PEGAMENTO.<\/p>\n<\/li>\n<li dir=\"ltr\">\n<p dir=\"ltr\" role=\"presentation\">3 GOMAS DE NATA.<\/p>\n<\/li>\n<li dir=\"ltr\">\n<p dir=\"ltr\" role=\"presentation\">3 CAJAS DE 12 ROTULADORES FINOS.<\/p>\n<\/li>\n<li dir=\"ltr\">\n<p dir=\"ltr\" role=\"presentation\">2 CAJAS DE L\u00c1PICES FINOS DE MADERA.<\/p>\n<\/li>\n<li dir=\"ltr\">\n<p dir=\"ltr\" role=\"presentation\">1 SACAPUNTAS CON DEP\u00d3SITO.<\/p>\n<\/li>\n<li dir=\"ltr\">\n<p dir=\"ltr\" role=\"presentation\">1 CAJA DE CERAS BLANDAS.<\/p>\n<\/li>\n<li dir=\"ltr\">\n<p dir=\"ltr\" role=\"presentation\">CARPETA EL\u00c1STICOS.<\/p>\n<\/li>\n<li dir=\"ltr\">\n<p dir=\"ltr\" role=\"presentation\">1 PAQUETE DE 100 FOLIOS DE 80 GR<\/p>\n<\/li>\n<\/ul>\n","protected":false},"excerpt":{"rendered":"<h2>Pack material escolar Ed. Infantil 5 a\u00f1os<\/h2>\n<p><strong>IMPORTANTE: Los materiales se entregar\u00e1n el d\u00eda de la reuni\u00f3n inicial de principio de curso.<\/strong><\/p>\n<ul>\n<li dir=\"ltr\">\n<p dir=\"ltr\" role=\"presentation\">3 L\u00c1PICES TRIANGULARES FINOS N\u00ba2 HB.<\/p>\n<\/li>\n<li dir=\"ltr\">\n<p dir=\"ltr\" role=\"presentation\">3 CAJAS DE 24 COLORES DE CERAS FINAS.<\/p>\n<\/li>\n<li dir=\"ltr\">\n<p dir=\"ltr\" role=\"presentation\">4 BARRAS DE PEGAMENTO.<\/p>\n<\/li>\n<li dir=\"ltr\">\n<p dir=\"ltr\" role=\"presentation\">3 GOMAS DE NATA.<\/p>\n<\/li>\n<li dir=\"ltr\">\n<p dir=\"ltr\" role=\"presentation\">3 CAJAS DE 12 ROTULADORES FINOS.<\/p>\n<\/li>\n<li dir=\"ltr\">\n<p dir=\"ltr\" role=\"presentation\">2 CAJAS DE L\u00c1PICES FINOS DE MADERA.<\/p>\n<\/li>\n<li dir=\"ltr\">\n<p dir=\"ltr\" role=\"presentation\">1 SACAPUNTAS CON DEP\u00d3SITO.<\/p>\n<\/li>\n<li dir=\"ltr\">\n<p dir=\"ltr\" role=\"presentation\">1 CAJA DE CERAS BLANDAS.<\/p>\n<\/li>\n<li dir=\"ltr\">\n<p dir=\"ltr\" role=\"presentation\">CARPETA EL\u00c1STICOS.<\/p>\n<\/li>\n<li dir=\"ltr\">\n<p dir=\"ltr\" role=\"presentation\">1 PAQUETE DE 100 FOLIOS DE 80 GR<\/p>\n<\/li>\n<\/ul>\n","protected":false},"featured_media":17863,"template":"","meta":[],"product_brand":[],"product_cat":[366],"product_tag":[],"class_list":{"0":"post-17861","1":"product","2":"type-product","3":"status-publish","4":"has-post-thumbnail","6":"product_cat-materialescolar","8":"first","9":"instock","10":"virtual","11":"product-type-simple"},"_links":{"self":[{"href":"https:\/\/fundaciondoctrinacristiana.es\/sevilla\/wp-json\/wp\/v2\/product\/17861","targetHints":{"allow":["GET"]}}],"collection":[{"href":"https:\/\/fundaciondoctrinacristiana.es\/sevilla\/wp-json\/wp\/v2\/product"}],"about":[{"href":"https:\/\/fundaciondoctrinacristiana.es\/sevilla\/wp-json\/wp\/v2\/types\/product"}],"wp:featuredmedia":[{"embeddable":true,"href":"https:\/\/fundaciondoctrinacristiana.es\/sevilla\/wp-json\/wp\/v2\/media\/17863"}],"wp:attachment":[{"href":"https:\/\/fundaciondoctrinacristiana.es\/sevilla\/wp-json\/wp\/v2\/media?parent=17861"}],"wp:term":[{"taxonomy":"product_brand","embeddable":true,"href":"https:\/\/fundaciondoctrinacristiana.es\/sevilla\/wp-json\/wp\/v2\/product_brand?post=17861"},{"taxonomy":"product_cat","embeddable":true,"href":"https:\/\/fundaciondoctrinacristiana.es\/sevilla\/wp-json\/wp\/v2\/product_cat?post=17861"},{"taxonomy":"product_tag","embeddable":true,"href":"https:\/\/fundaciondoctrinacristiana.es\/sevilla\/wp-json\/wp\/v2\/product_tag?post=17861"}],"curies":[{"name":"wp","href":"https:\/\/api.w.org\/{rel}","templated":true}]}}