{"id":18139,"date":"2025-09-17T07:42:40","date_gmt":"2025-09-17T05:42:40","guid":{"rendered":"https:\/\/fundaciondoctrinacristiana.es\/sevilla\/?post_type=product&#038;p=18139"},"modified":"2025-09-22T12:09:56","modified_gmt":"2025-09-22T10:09:56","slug":"visita-a-la-casa-madre-de-la-congregacion-y-convento-de-santa-isabel-24-sep-25","status":"publish","type":"product","link":"https:\/\/fundaciondoctrinacristiana.es\/sevilla\/producto\/visita-a-la-casa-madre-de-la-congregacion-y-convento-de-santa-isabel-24-sep-25\/","title":{"rendered":"Visita a la Casa Madre de la congregaci\u00f3n y convento de Santa Isabel (24 sep 25)"},"content":{"rendered":"<h2>Visita a la Casa Madre de la congregaci\u00f3n y convento de Santa Isabel (24 sep 25)<\/h2>\n<div class=\"Qr7Oae\" role=\"listitem\">\n<div class=\"OxAavc NVbRL\" data-item-id=\"1718279545\">\n<div class=\"Ih4Dzb\">\n<p class=\"q4tvle JqSWld yqQS1\" tabindex=\"0\" role=\"textbox\" aria-label=\"Descripci\u00f3n de la actividad. Tambi\u00e9n se puede decir qu\u00e9 incluye (transporte, talleres, entrada, visita guiada, desayuno...)\" aria-disabled=\"true\">El alumnado celebrar\u00e1 el d\u00eda de Ntra. Sra. de las Mercedes visitando la cada madre de las Misioneras de la Doctrina Cristiana, donde est\u00e1 enterrada la madre fundadora, conociendo a la comunidad religiosa que all\u00ed vive. Posteriormente se desplazar\u00e1n hasta el Convento de Santa Isabel, donde visitar\u00e1n la sepultura del P. Fundador y admirar\u00e1n las obras de arte de la iglesia.<\/p>\n<\/div>\n<\/div>\n<\/div>\n<div class=\"Qr7Oae\" role=\"listitem\">\n<div class=\"OxAavc\" data-required=\"true\" data-other-input=\"qSV85\" data-other-hidden=\"MfYA1e\" data-item-id=\"2047909417\">\n<div class=\"pYfr3c\">\n<div class=\"prOLdf\">\n<div class=\"g53bl\">\n<div id=\"c339\" class=\"cTDvob D1wxyf RjsPE\" role=\"heading\" aria-level=\"3\" aria-describedby=\"i.desc.2047909417 c354\">\n<div class=\"pYfr3c\">\n<div class=\"prOLdf\">\n<div class=\"g53bl\">\n<div id=\"c339\" class=\"cTDvob D1wxyf RjsPE\" role=\"heading\" aria-level=\"3\" aria-describedby=\"i.desc.2047909417 c354\">\n<p><span class=\"M7eMe\">Los alumnos asistir\u00e1n a la actividad con el c<\/span><span style=\"font-size: 1rem;\">h\u00e1ndal<\/span><\/p>\n<p>Fecha limite de pago 21 sep<\/p>\n<\/div>\n<\/div>\n<\/div>\n<\/div>\n<\/div>\n<\/div>\n<\/div>\n<\/div>\n<\/div>\n<\/div>\n","protected":false},"excerpt":{"rendered":"<h2>Visita a la Casa Madre de la congregaci\u00f3n y convento de Santa Isabel (24 sep 25)<\/h2>\n<p>El alumnado celebrar\u00e1 el d\u00eda de Ntra. Sra. de las Mercedes visitando la cada madre de las Misioneras de la Doctrina Cristiana, donde est\u00e1 enterrada la madre fundadora, conociendo a la comunidad religiosa que all\u00ed vive. Posteriormente se desplazar\u00e1n hasta el Convento de Santa Isabel, donde visitar\u00e1n la sepultura del P. Fundador y admirar\u00e1n las obras de arte de la iglesia.<\/p>\n<p>Los alumnos asistir\u00e1n a la actividad con el ch\u00e1ndal<\/p>\n<p>Fecha limite de pago 21 sep<\/p>\n","protected":false},"featured_media":13607,"template":"","meta":[],"product_brand":[],"product_cat":[247],"product_tag":[],"class_list":{"0":"post-18139","1":"product","2":"type-product","3":"status-publish","4":"has-post-thumbnail","6":"product_cat-actividades-complementarias-6o-primaria","8":"first","9":"instock","10":"virtual","11":"sold-individually","12":"product-type-simple"},"_links":{"self":[{"href":"https:\/\/fundaciondoctrinacristiana.es\/sevilla\/wp-json\/wp\/v2\/product\/18139","targetHints":{"allow":["GET"]}}],"collection":[{"href":"https:\/\/fundaciondoctrinacristiana.es\/sevilla\/wp-json\/wp\/v2\/product"}],"about":[{"href":"https:\/\/fundaciondoctrinacristiana.es\/sevilla\/wp-json\/wp\/v2\/types\/product"}],"wp:featuredmedia":[{"embeddable":true,"href":"https:\/\/fundaciondoctrinacristiana.es\/sevilla\/wp-json\/wp\/v2\/media\/13607"}],"wp:attachment":[{"href":"https:\/\/fundaciondoctrinacristiana.es\/sevilla\/wp-json\/wp\/v2\/media?parent=18139"}],"wp:term":[{"taxonomy":"product_brand","embeddable":true,"href":"https:\/\/fundaciondoctrinacristiana.es\/sevilla\/wp-json\/wp\/v2\/product_brand?post=18139"},{"taxonomy":"product_cat","embeddable":true,"href":"https:\/\/fundaciondoctrinacristiana.es\/sevilla\/wp-json\/wp\/v2\/product_cat?post=18139"},{"taxonomy":"product_tag","embeddable":true,"href":"https:\/\/fundaciondoctrinacristiana.es\/sevilla\/wp-json\/wp\/v2\/product_tag?post=18139"}],"curies":[{"name":"wp","href":"https:\/\/api.w.org\/{rel}","templated":true}]}}