{"id":18269,"date":"2025-09-29T11:45:22","date_gmt":"2025-09-29T09:45:22","guid":{"rendered":"https:\/\/fundaciondoctrinacristiana.es\/sevilla\/?post_type=product&#038;p=18269"},"modified":"2025-10-02T11:00:46","modified_gmt":"2025-10-02T09:00:46","slug":"celebracion-de-la-semana-del-espacio-4-oct-25","status":"publish","type":"product","link":"https:\/\/fundaciondoctrinacristiana.es\/sevilla\/producto\/celebracion-de-la-semana-del-espacio-4-oct-25\/","title":{"rendered":"Celebraci\u00f3n de la Semana del Espacio (4 oct 25)"},"content":{"rendered":"<h2>Celebraci\u00f3n de la Semana del Espacio (4 oct 25)<\/h2>\n<p>Con motivo de la celebraci\u00f3n de la Semana del Espacio,\u00a0\u00a0la Planta de Airbus Tablada \u00a0propone realizar una jornada de convivencia con cuatro grupos de escolares donde se realizar\u00e1n una serie de juegos enfocados al dise\u00f1o y construcci\u00f3n de la maqueta de un ingenio espacial. En el acto estar\u00e1n representadas todas las funciones de Tablada con personal voluntario, que propondr\u00e1n diversos retos a los escolares para la consecuci\u00f3n del objetivo, siempre desde un punto de vista educativo y l\u00fadico.<\/p>\n<div>\n<p>El evento se celebrar\u00e1 en la Plaza de la Alameda, Sevilla.<\/p>\n<p><span style=\"font-size: 1rem;\">El transporte en autob\u00fas desde el colegio hasta la Alameda y viceversa corre por cuenta de la organizaci\u00f3n.\u00a0<\/span><\/p>\n<\/div>\n<div><\/div>\n<div>La actividad dar\u00e1 comienzo en la Alameda a las 10:00 y finalizar\u00e1 a las 13:15. La salida ser\u00e1 desde el colegio a las 9:00 y la llegada en torno a las 14:00.<\/div>\n<div><\/div>\n<div><strong>Los alumnos acudir\u00e1n con el chandal del colegio<\/strong><\/div>\n<div><\/div>\n<div><strong>La participaci\u00f3n est\u00e1 limitada a los 25 primeros en inscribirse.<\/strong><\/div>\n<div><\/div>\n<div><strong>La fecha l\u00edmite es el jueves 2 de octubre.<\/strong><\/div>\n","protected":false},"excerpt":{"rendered":"<h2>Celebraci\u00f3n de la Semana del Espacio (4 oct 25)<\/h2>\n<p>Con motivo de la celebraci\u00f3n de la Semana del Espacio,\u00a0\u00a0la Planta de Airbus Tablada \u00a0propone realizar una jornada de convivencia con cuatro grupos de escolares donde se realizar\u00e1n una serie de juegos enfocados al dise\u00f1o y construcci\u00f3n de la maqueta de un ingenio espacial. En el acto estar\u00e1n representadas todas las funciones de Tablada con personal voluntario, que propondr\u00e1n diversos retos a los escolares para la consecuci\u00f3n del objetivo, siempre desde un punto de vista educativo y l\u00fadico.<\/p>\n<div>\n<p>El evento se celebrar\u00e1 en la Plaza de la Alameda, Sevilla.<\/p>\n<p><span style=\"font-size: 1rem;\">El transporte en autob\u00fas desde el colegio hasta la Alameda y viceversa corre por cuenta de la organizaci\u00f3n.\u00a0<\/span><\/p>\n<\/div>\n<div><\/div>\n<div>La actividad dar\u00e1 comienzo en la Alameda a las 10:00 y finalizar\u00e1 a las 13:15. La salida ser\u00e1 desde el colegio a las 9:00 y la llegada en torno a las 14:00.<\/div>\n<div><\/div>\n<div><strong>Los alumnos acudir\u00e1n con el chandal del colegio<\/strong><\/div>\n<div><\/div>\n<div><strong>La participaci\u00f3n est\u00e1 limitada a los 25 primeros en inscribirse.<\/strong><\/div>\n<div><\/div>\n<div><strong>La fecha l\u00edmite es el jueves 2 de octubre.<\/strong><\/div>\n","protected":false},"featured_media":18271,"template":"","meta":[],"product_brand":[],"product_cat":[246],"product_tag":[],"class_list":{"0":"post-18269","1":"product","2":"type-product","3":"status-publish","4":"has-post-thumbnail","6":"product_cat-actividades-complementarias-5o-primaria","8":"first","9":"instock","10":"virtual","11":"sold-individually","12":"purchasable","13":"product-type-simple"},"_links":{"self":[{"href":"https:\/\/fundaciondoctrinacristiana.es\/sevilla\/wp-json\/wp\/v2\/product\/18269","targetHints":{"allow":["GET"]}}],"collection":[{"href":"https:\/\/fundaciondoctrinacristiana.es\/sevilla\/wp-json\/wp\/v2\/product"}],"about":[{"href":"https:\/\/fundaciondoctrinacristiana.es\/sevilla\/wp-json\/wp\/v2\/types\/product"}],"wp:featuredmedia":[{"embeddable":true,"href":"https:\/\/fundaciondoctrinacristiana.es\/sevilla\/wp-json\/wp\/v2\/media\/18271"}],"wp:attachment":[{"href":"https:\/\/fundaciondoctrinacristiana.es\/sevilla\/wp-json\/wp\/v2\/media?parent=18269"}],"wp:term":[{"taxonomy":"product_brand","embeddable":true,"href":"https:\/\/fundaciondoctrinacristiana.es\/sevilla\/wp-json\/wp\/v2\/product_brand?post=18269"},{"taxonomy":"product_cat","embeddable":true,"href":"https:\/\/fundaciondoctrinacristiana.es\/sevilla\/wp-json\/wp\/v2\/product_cat?post=18269"},{"taxonomy":"product_tag","embeddable":true,"href":"https:\/\/fundaciondoctrinacristiana.es\/sevilla\/wp-json\/wp\/v2\/product_tag?post=18269"}],"curies":[{"name":"wp","href":"https:\/\/api.w.org\/{rel}","templated":true}]}}