{"id":18368,"date":"2025-10-01T08:18:23","date_gmt":"2025-10-01T06:18:23","guid":{"rendered":"https:\/\/fundaciondoctrinacristiana.es\/sevilla\/?post_type=product&#038;p=18368"},"modified":"2025-10-01T08:18:23","modified_gmt":"2025-10-01T06:18:23","slug":"viaje-a-inglaterra","status":"publish","type":"product","link":"https:\/\/fundaciondoctrinacristiana.es\/sevilla\/producto\/viaje-a-inglaterra\/","title":{"rendered":"Viaje a Inglaterra"},"content":{"rendered":"<h2>Viaje de estudios a Inglaterra.<\/h2>\n<p>Una semana de inmersi\u00f3n ling\u00fc\u00edstica y cultural en Canterbury. Los alumnos asisten a clases, disfrutan de distintas actividades l\u00fadicas en la ciudad y visitan las ciudades de Londres y Cambridge.<\/p>\n<p>Toda una oportunidad para mejorar el ingl\u00e9s y pasarlo bien con los compa\u00f1eros mientras conocen parte del Reino Unido.<\/p>\n","protected":false},"excerpt":{"rendered":"<h2>Viaje de estudios a Inglaterra.<\/h2>\n<p>Una semana de inmersi\u00f3n ling\u00fc\u00edstica y cultural en Canterbury. Los alumnos asisten a clases, disfrutan de distintas actividades l\u00fadicas en la ciudad y visitan las ciudades de Londres y Cambridge.<\/p>\n<p>Toda una oportunidad para mejorar el ingl\u00e9s y pasarlo bien con los compa\u00f1eros mientras conocen parte del Reino Unido.<\/p>\n","protected":false},"featured_media":13941,"template":"","meta":[],"product_brand":[],"product_cat":[251],"product_tag":[],"class_list":{"0":"post-18368","1":"product","2":"type-product","3":"status-publish","4":"has-post-thumbnail","6":"product_cat-actividades-complementarias-4o-eso","8":"first","9":"instock","10":"shipping-taxable","11":"purchasable","12":"product-type-variable"},"_links":{"self":[{"href":"https:\/\/fundaciondoctrinacristiana.es\/sevilla\/wp-json\/wp\/v2\/product\/18368","targetHints":{"allow":["GET"]}}],"collection":[{"href":"https:\/\/fundaciondoctrinacristiana.es\/sevilla\/wp-json\/wp\/v2\/product"}],"about":[{"href":"https:\/\/fundaciondoctrinacristiana.es\/sevilla\/wp-json\/wp\/v2\/types\/product"}],"wp:featuredmedia":[{"embeddable":true,"href":"https:\/\/fundaciondoctrinacristiana.es\/sevilla\/wp-json\/wp\/v2\/media\/13941"}],"wp:attachment":[{"href":"https:\/\/fundaciondoctrinacristiana.es\/sevilla\/wp-json\/wp\/v2\/media?parent=18368"}],"wp:term":[{"taxonomy":"product_brand","embeddable":true,"href":"https:\/\/fundaciondoctrinacristiana.es\/sevilla\/wp-json\/wp\/v2\/product_brand?post=18368"},{"taxonomy":"product_cat","embeddable":true,"href":"https:\/\/fundaciondoctrinacristiana.es\/sevilla\/wp-json\/wp\/v2\/product_cat?post=18368"},{"taxonomy":"product_tag","embeddable":true,"href":"https:\/\/fundaciondoctrinacristiana.es\/sevilla\/wp-json\/wp\/v2\/product_tag?post=18368"}],"curies":[{"name":"wp","href":"https:\/\/api.w.org\/{rel}","templated":true}]}}