{"id":18446,"date":"2025-10-01T22:35:45","date_gmt":"2025-10-01T20:35:45","guid":{"rendered":"https:\/\/fundaciondoctrinacristiana.es\/sevilla\/?post_type=product&#038;p=18446"},"modified":"2025-10-01T22:35:45","modified_gmt":"2025-10-01T20:35:45","slug":"visita-oleoescuela-basilippo-viso-del-alcor-20-10-25","status":"publish","type":"product","link":"https:\/\/fundaciondoctrinacristiana.es\/sevilla\/producto\/visita-oleoescuela-basilippo-viso-del-alcor-20-10-25\/","title":{"rendered":"Visita \u00d3leoescuela Basilippo (Viso del Alcor) 20\/10\/25"},"content":{"rendered":"<h2>Visita \u00d3leoescuela Basilippo (Viso del Alcor) 20\/10\/25<\/h2>\n<div class=\"Qr7Oae\" role=\"listitem\">\n<div class=\"OxAavc NVbRL\" data-item-id=\"1718279545\">\n<div class=\"Ih4Dzb\">\n<div class=\"q4tvle JqSWld yqQS1\" tabindex=\"0\" role=\"textbox\" aria-label=\"Descripci\u00f3n de la actividad. Tambi\u00e9n se puede decir qu\u00e9 incluye (transporte, talleres, entrada, visita guiada, desayuno...)\" aria-disabled=\"true\">Autob\u00fas, visita olivar, museo y desayuno saludable<\/div>\n<\/div>\n<\/div>\n<\/div>\n<div tabindex=\"0\" role=\"textbox\" aria-label=\"Descripci\u00f3n de la actividad. Tambi\u00e9n se puede decir qu\u00e9 incluye (transporte, talleres, entrada, visita guiada, desayuno...)\" aria-disabled=\"true\"><\/div>\n<div tabindex=\"0\" role=\"textbox\" aria-label=\"Descripci\u00f3n de la actividad. Tambi\u00e9n se puede decir qu\u00e9 incluye (transporte, talleres, entrada, visita guiada, desayuno...)\" aria-disabled=\"true\">\n<div class=\"pYfr3c\">\n<div class=\"prOLdf\">\n<div class=\"g53bl\">\n<div id=\"c241\" class=\"cTDvob D1wxyf RjsPE\" role=\"heading\" aria-level=\"3\" aria-describedby=\"i.desc.2047909417 c256\"><span class=\"M7eMe\">Los alumnos asistir\u00e1n a la actividad con el c<\/span><span style=\"font-size: 1rem;\">h\u00e1ndal<\/span><\/div>\n<\/div>\n<\/div>\n<\/div>\n<\/div>\n<div role=\"heading\" aria-level=\"3\" aria-describedby=\"i.desc.2047909417 c256\"><\/div>\n<div role=\"heading\" aria-level=\"3\" aria-describedby=\"i.desc.2047909417 c256\"><span class=\"M7eMe\">Fecha l\u00edmite de pago 17\/10\/2025<\/span><\/div>\n<div tabindex=\"0\" role=\"textbox\" aria-label=\"Descripci\u00f3n de la actividad. Tambi\u00e9n se puede decir qu\u00e9 incluye (transporte, talleres, entrada, visita guiada, desayuno...)\" aria-disabled=\"true\">\n<div class=\"pYfr3c\">\n<div class=\"prOLdf\">\n<div class=\"g53bl\">\n<div role=\"heading\" aria-level=\"3\" aria-describedby=\"i.desc.2047909417 c256\"><\/div>\n<\/div>\n<\/div>\n<\/div>\n<\/div>\n","protected":false},"excerpt":{"rendered":"<h2>Visita \u00d3leoescuela Basilippo (Viso del Alcor) 20\/10\/25<\/h2>\n<div class=\"Qr7Oae\" role=\"listitem\">\n<div class=\"OxAavc NVbRL\" data-item-id=\"1718279545\">\n<div class=\"Ih4Dzb\">\n<div class=\"q4tvle JqSWld yqQS1\" tabindex=\"0\" role=\"textbox\" aria-label=\"Descripci\u00f3n de la actividad. Tambi\u00e9n se puede decir qu\u00e9 incluye (transporte, talleres, entrada, visita guiada, desayuno...)\" aria-disabled=\"true\">Autob\u00fas, visita olivar, museo y desayuno saludable<\/div>\n<\/div>\n<\/div>\n<\/div>\n<div tabindex=\"0\" role=\"textbox\" aria-label=\"Descripci\u00f3n de la actividad. Tambi\u00e9n se puede decir qu\u00e9 incluye (transporte, talleres, entrada, visita guiada, desayuno...)\" aria-disabled=\"true\"><\/div>\n<div tabindex=\"0\" role=\"textbox\" aria-label=\"Descripci\u00f3n de la actividad. Tambi\u00e9n se puede decir qu\u00e9 incluye (transporte, talleres, entrada, visita guiada, desayuno...)\" aria-disabled=\"true\">\n<div class=\"pYfr3c\">\n<div class=\"prOLdf\">\n<div class=\"g53bl\">\n<div id=\"c241\" class=\"cTDvob D1wxyf RjsPE\" role=\"heading\" aria-level=\"3\" aria-describedby=\"i.desc.2047909417 c256\"><span class=\"M7eMe\">Los alumnos asistir\u00e1n a la actividad con el c<\/span><span style=\"font-size: 1rem;\">h\u00e1ndal<\/span><\/div>\n<\/div>\n<\/div>\n<\/div>\n<\/div>\n<div role=\"heading\" aria-level=\"3\" aria-describedby=\"i.desc.2047909417 c256\"><\/div>\n<div role=\"heading\" aria-level=\"3\" aria-describedby=\"i.desc.2047909417 c256\"><span class=\"M7eMe\">Fecha l\u00edmite de pago 17\/10\/2025<\/span><\/div>\n<div tabindex=\"0\" role=\"textbox\" aria-label=\"Descripci\u00f3n de la actividad. Tambi\u00e9n se puede decir qu\u00e9 incluye (transporte, talleres, entrada, visita guiada, desayuno...)\" aria-disabled=\"true\">\n<div class=\"pYfr3c\">\n<div class=\"prOLdf\">\n<div class=\"g53bl\">\n<div role=\"heading\" aria-level=\"3\" aria-describedby=\"i.desc.2047909417 c256\"><\/div>\n<\/div>\n<\/div>\n<\/div>\n<\/div>\n","protected":false},"featured_media":9612,"template":"","meta":[],"product_brand":[],"product_cat":[242,243],"product_tag":[],"class_list":{"0":"post-18446","1":"product","2":"type-product","3":"status-publish","4":"has-post-thumbnail","6":"product_cat-actividades-complementarias-1o-primaria","7":"product_cat-actividades-complementarias-2o-primaria","9":"first","10":"instock","11":"virtual","12":"sold-individually","13":"product-type-simple"},"_links":{"self":[{"href":"https:\/\/fundaciondoctrinacristiana.es\/sevilla\/wp-json\/wp\/v2\/product\/18446","targetHints":{"allow":["GET"]}}],"collection":[{"href":"https:\/\/fundaciondoctrinacristiana.es\/sevilla\/wp-json\/wp\/v2\/product"}],"about":[{"href":"https:\/\/fundaciondoctrinacristiana.es\/sevilla\/wp-json\/wp\/v2\/types\/product"}],"wp:featuredmedia":[{"embeddable":true,"href":"https:\/\/fundaciondoctrinacristiana.es\/sevilla\/wp-json\/wp\/v2\/media\/9612"}],"wp:attachment":[{"href":"https:\/\/fundaciondoctrinacristiana.es\/sevilla\/wp-json\/wp\/v2\/media?parent=18446"}],"wp:term":[{"taxonomy":"product_brand","embeddable":true,"href":"https:\/\/fundaciondoctrinacristiana.es\/sevilla\/wp-json\/wp\/v2\/product_brand?post=18446"},{"taxonomy":"product_cat","embeddable":true,"href":"https:\/\/fundaciondoctrinacristiana.es\/sevilla\/wp-json\/wp\/v2\/product_cat?post=18446"},{"taxonomy":"product_tag","embeddable":true,"href":"https:\/\/fundaciondoctrinacristiana.es\/sevilla\/wp-json\/wp\/v2\/product_tag?post=18446"}],"curies":[{"name":"wp","href":"https:\/\/api.w.org\/{rel}","templated":true}]}}