{"id":18564,"date":"2025-10-08T13:07:44","date_gmt":"2025-10-08T11:07:44","guid":{"rendered":"https:\/\/fundaciondoctrinacristiana.es\/sevilla\/?post_type=product&#038;p=18564"},"modified":"2025-10-08T13:09:55","modified_gmt":"2025-10-08T11:09:55","slug":"ruta-afrancesados-28-oct-25","status":"publish","type":"product","link":"https:\/\/fundaciondoctrinacristiana.es\/sevilla\/producto\/ruta-afrancesados-28-oct-25\/","title":{"rendered":"Ruta Afrancesados (28-oct-25)"},"content":{"rendered":"<h2>Ruta Afrancesados (28-oct-25)<\/h2>\n<p>La actividad incluye: un apasionante recorrido por la Sevilla de la \u00e9poca napole\u00f3nica. Lugar: Plaza Nueva, Catedral, Alc\u00e1zar, Archivo de Indias Monumentos en el recorrido y \u00e9pocas hist\u00f3ricas: Ayuntamiento, Catedral, Alc\u00e1zar, Archivo de Indias, Ilustraci\u00f3n, siglo 19, Guerra de Independencia. Incluye: visita con gu\u00eda en Franc\u00e9s y autob\u00fas.<\/p>\n<div class=\"pYfr3c\">\n<div class=\"prOLdf\">\n<div class=\"g53bl\">\n<div id=\"c681\" class=\"cTDvob D1wxyf RjsPE\" role=\"heading\" aria-level=\"3\" aria-describedby=\"i.desc.2047909417 c696\"><span class=\"M7eMe\">Los alumnos <strong>asistir\u00e1n a la actividad con el u<\/strong><\/span><span style=\"font-size: 1rem;\"><strong>niforme<\/strong>.<\/span><\/div>\n<\/div>\n<\/div>\n<\/div>\n<div role=\"heading\" aria-level=\"3\" aria-describedby=\"i.desc.2047909417 c696\"><\/div>\n<div role=\"heading\" aria-level=\"3\" aria-describedby=\"i.desc.2047909417 c696\"><strong>La fecha l\u00edmite de pago es el 17 de octubre<\/strong><\/div>\n","protected":false},"excerpt":{"rendered":"<h2>Ruta Afrancesados (28-oct-25)<\/h2>\n<p>La actividad incluye: un apasionante recorrido por la Sevilla de la \u00e9poca napole\u00f3nica. Lugar: Plaza Nueva, Catedral, Alc\u00e1zar, Archivo de Indias Monumentos en el recorrido y \u00e9pocas hist\u00f3ricas: Ayuntamiento, Catedral, Alc\u00e1zar, Archivo de Indias, Ilustraci\u00f3n, siglo 19, Guerra de Independencia. Incluye: visita con gu\u00eda en Franc\u00e9s y autob\u00fas.<\/p>\n<div class=\"pYfr3c\">\n<div class=\"prOLdf\">\n<div class=\"g53bl\">\n<div id=\"c681\" class=\"cTDvob D1wxyf RjsPE\" role=\"heading\" aria-level=\"3\" aria-describedby=\"i.desc.2047909417 c696\"><span class=\"M7eMe\">Los alumnos <strong>asistir\u00e1n a la actividad con el u<\/strong><\/span><span style=\"font-size: 1rem;\"><strong>niforme<\/strong>.<\/span><\/div>\n<\/div>\n<\/div>\n<\/div>\n<div role=\"heading\" aria-level=\"3\" aria-describedby=\"i.desc.2047909417 c696\"><\/div>\n<div role=\"heading\" aria-level=\"3\" aria-describedby=\"i.desc.2047909417 c696\"><strong>La fecha l\u00edmite de pago es el 17 de octubre<\/strong><\/div>\n","protected":false},"featured_media":18566,"template":"","meta":[],"product_brand":[],"product_cat":[251],"product_tag":[],"class_list":{"0":"post-18564","1":"product","2":"type-product","3":"status-publish","4":"has-post-thumbnail","6":"product_cat-actividades-complementarias-4o-eso","8":"first","9":"instock","10":"virtual","11":"sold-individually","12":"product-type-simple"},"_links":{"self":[{"href":"https:\/\/fundaciondoctrinacristiana.es\/sevilla\/wp-json\/wp\/v2\/product\/18564","targetHints":{"allow":["GET"]}}],"collection":[{"href":"https:\/\/fundaciondoctrinacristiana.es\/sevilla\/wp-json\/wp\/v2\/product"}],"about":[{"href":"https:\/\/fundaciondoctrinacristiana.es\/sevilla\/wp-json\/wp\/v2\/types\/product"}],"wp:featuredmedia":[{"embeddable":true,"href":"https:\/\/fundaciondoctrinacristiana.es\/sevilla\/wp-json\/wp\/v2\/media\/18566"}],"wp:attachment":[{"href":"https:\/\/fundaciondoctrinacristiana.es\/sevilla\/wp-json\/wp\/v2\/media?parent=18564"}],"wp:term":[{"taxonomy":"product_brand","embeddable":true,"href":"https:\/\/fundaciondoctrinacristiana.es\/sevilla\/wp-json\/wp\/v2\/product_brand?post=18564"},{"taxonomy":"product_cat","embeddable":true,"href":"https:\/\/fundaciondoctrinacristiana.es\/sevilla\/wp-json\/wp\/v2\/product_cat?post=18564"},{"taxonomy":"product_tag","embeddable":true,"href":"https:\/\/fundaciondoctrinacristiana.es\/sevilla\/wp-json\/wp\/v2\/product_tag?post=18564"}],"curies":[{"name":"wp","href":"https:\/\/api.w.org\/{rel}","templated":true}]}}