{"id":18584,"date":"2025-10-09T15:46:35","date_gmt":"2025-10-09T13:46:35","guid":{"rendered":"https:\/\/fundaciondoctrinacristiana.es\/sevilla\/?post_type=product&#038;p=18584"},"modified":"2025-10-09T15:46:35","modified_gmt":"2025-10-09T13:46:35","slug":"visita-caixaforum-20-oct-25","status":"publish","type":"product","link":"https:\/\/fundaciondoctrinacristiana.es\/sevilla\/producto\/visita-caixaforum-20-oct-25\/","title":{"rendered":"Visita CaixaForum (20-oct-25)"},"content":{"rendered":"<h2>Visita CaixaForum (20-oct-25)<\/h2>\n<div class=\"Qr7Oae\" role=\"listitem\">\n<div class=\"OxAavc NVbRL\" data-item-id=\"1718279545\">\n<div class=\"Ih4Dzb\">\n<p class=\"q4tvle JqSWld yqQS1\" tabindex=\"0\" role=\"textbox\" aria-label=\"Descripci\u00f3n de la actividad. Tambi\u00e9n se puede decir qu\u00e9 incluye (transporte, talleres, entrada, visita guiada, desayuno...)\" aria-disabled=\"true\">Nuestros alumnos experimentar\u00e1n el taller creativo \u00abartefacto\u00bb, y realizar\u00e1n la nueva experiencia inmersiva audiovisual con realidad virtual \u00abPostales de otros mundos\u00bb, viajando por el sistema solar de la mano de algunas de las sondas espaciales que han fotografiado sus planetas y gran parte de sus sat\u00e9lites<\/p>\n<\/div>\n<\/div>\n<\/div>\n<div class=\"Qr7Oae\" role=\"listitem\">\n<div class=\"OxAavc\" data-required=\"true\" data-other-input=\"qSV85\" data-other-hidden=\"MfYA1e\" data-item-id=\"2047909417\">\n<div class=\"pYfr3c\">\n<div class=\"prOLdf\">\n<div class=\"g53bl\">\n<div id=\"c461\" class=\"cTDvob D1wxyf RjsPE\" role=\"heading\" aria-level=\"3\" aria-describedby=\"i.desc.2047909417 c476\">\n<div class=\"pYfr3c\">\n<div class=\"prOLdf\">\n<div class=\"g53bl\">\n<ul>\n<li id=\"c461\" class=\"cTDvob D1wxyf RjsPE\" role=\"heading\" aria-level=\"3\" aria-describedby=\"i.desc.2047909417 c476\"><strong><span class=\"M7eMe\">Los alumnos asistir\u00e1n a la actividad con el u<\/span><span style=\"font-size: 1rem;\">niforme<\/span><\/strong><\/li>\n<li role=\"heading\" aria-level=\"3\" aria-describedby=\"i.desc.2047909417 c476\"><strong><span class=\"M7eMe\">Fecha l\u00edmite de pago: 16 oct<\/span><\/strong><\/li>\n<\/ul>\n<\/div>\n<\/div>\n<\/div>\n<\/div>\n<\/div>\n<\/div>\n<\/div>\n<\/div>\n<\/div>\n","protected":false},"excerpt":{"rendered":"<h2>Visita CaixaForum (20-oct-25)<\/h2>\n<div class=\"Qr7Oae\" role=\"listitem\">\n<div class=\"OxAavc NVbRL\" data-item-id=\"1718279545\">\n<div class=\"Ih4Dzb\">\n<p class=\"q4tvle JqSWld yqQS1\" tabindex=\"0\" role=\"textbox\" aria-label=\"Descripci\u00f3n de la actividad. Tambi\u00e9n se puede decir qu\u00e9 incluye (transporte, talleres, entrada, visita guiada, desayuno...)\" aria-disabled=\"true\">Nuestros alumnos experimentar\u00e1n el taller creativo \u00abartefacto\u00bb, y realizar\u00e1n la nueva experiencia inmersiva audiovisual con realidad virtual \u00abPostales de otros mundos\u00bb, viajando por el sistema solar de la mano de algunas de las sondas espaciales que han fotografiado sus planetas y gran parte de sus sat\u00e9lites<\/p>\n<\/div>\n<\/div>\n<\/div>\n<div class=\"Qr7Oae\" role=\"listitem\">\n<div class=\"OxAavc\" data-required=\"true\" data-other-input=\"qSV85\" data-other-hidden=\"MfYA1e\" data-item-id=\"2047909417\">\n<div class=\"pYfr3c\">\n<div class=\"prOLdf\">\n<div class=\"g53bl\">\n<div id=\"c461\" class=\"cTDvob D1wxyf RjsPE\" role=\"heading\" aria-level=\"3\" aria-describedby=\"i.desc.2047909417 c476\">\n<div class=\"pYfr3c\">\n<div class=\"prOLdf\">\n<div class=\"g53bl\">\n<ul>\n<li id=\"c461\" class=\"cTDvob D1wxyf RjsPE\" role=\"heading\" aria-level=\"3\" aria-describedby=\"i.desc.2047909417 c476\"><strong><span class=\"M7eMe\">Los alumnos asistir\u00e1n a la actividad con el u<\/span><span style=\"font-size: 1rem;\">niforme<\/span><\/strong><\/li>\n<li role=\"heading\" aria-level=\"3\" aria-describedby=\"i.desc.2047909417 c476\"><strong><span class=\"M7eMe\">Fecha l\u00edmite de pago: 16 oct<\/span><\/strong><\/li>\n<\/ul>\n<\/div>\n<\/div>\n<\/div>\n<\/div>\n<\/div>\n<\/div>\n<\/div>\n<\/div>\n<\/div>\n","protected":false},"featured_media":18586,"template":"","meta":[],"product_brand":[],"product_cat":[247],"product_tag":[],"class_list":{"0":"post-18584","1":"product","2":"type-product","3":"status-publish","4":"has-post-thumbnail","6":"product_cat-actividades-complementarias-6o-primaria","8":"first","9":"instock","10":"virtual","11":"sold-individually","12":"product-type-simple"},"_links":{"self":[{"href":"https:\/\/fundaciondoctrinacristiana.es\/sevilla\/wp-json\/wp\/v2\/product\/18584","targetHints":{"allow":["GET"]}}],"collection":[{"href":"https:\/\/fundaciondoctrinacristiana.es\/sevilla\/wp-json\/wp\/v2\/product"}],"about":[{"href":"https:\/\/fundaciondoctrinacristiana.es\/sevilla\/wp-json\/wp\/v2\/types\/product"}],"wp:featuredmedia":[{"embeddable":true,"href":"https:\/\/fundaciondoctrinacristiana.es\/sevilla\/wp-json\/wp\/v2\/media\/18586"}],"wp:attachment":[{"href":"https:\/\/fundaciondoctrinacristiana.es\/sevilla\/wp-json\/wp\/v2\/media?parent=18584"}],"wp:term":[{"taxonomy":"product_brand","embeddable":true,"href":"https:\/\/fundaciondoctrinacristiana.es\/sevilla\/wp-json\/wp\/v2\/product_brand?post=18584"},{"taxonomy":"product_cat","embeddable":true,"href":"https:\/\/fundaciondoctrinacristiana.es\/sevilla\/wp-json\/wp\/v2\/product_cat?post=18584"},{"taxonomy":"product_tag","embeddable":true,"href":"https:\/\/fundaciondoctrinacristiana.es\/sevilla\/wp-json\/wp\/v2\/product_tag?post=18584"}],"curies":[{"name":"wp","href":"https:\/\/api.w.org\/{rel}","templated":true}]}}