{"id":18739,"date":"2025-10-21T18:37:51","date_gmt":"2025-10-21T16:37:51","guid":{"rendered":"https:\/\/fundaciondoctrinacristiana.es\/sevilla\/?post_type=product&#038;p=18739"},"modified":"2025-10-21T18:37:51","modified_gmt":"2025-10-21T16:37:51","slug":"visita-centro-andaluz-de-arte-contemporaneo-19-nov-25","status":"publish","type":"product","link":"https:\/\/fundaciondoctrinacristiana.es\/sevilla\/producto\/visita-centro-andaluz-de-arte-contemporaneo-19-nov-25\/","title":{"rendered":"Visita Centro Andaluz de Arte Contempor\u00e1neo (19\/Nov\/25)"},"content":{"rendered":"<h2>Visita Centro Andaluz de Arte Contempor\u00e1neo (19\/Nov\/25)<\/h2>\n<p>Se trata de una visita guiada al Centro Andaluz de Arte Contempor\u00e1neo para dar a conocer el edificio y todos los usos que ha tenido el antiguo convento a lo largo de la historia. Se visitar\u00e1 tambi\u00e9n la exposici\u00f3n de arte contempor\u00e1neo vigente y se realizar\u00e1 un taller asociado a dicha visita.<\/p>\n<div class=\"pYfr3c\">\n<div class=\"prOLdf\">\n<div class=\"g53bl\">\n<p id=\"c489\" class=\"cTDvob D1wxyf RjsPE\" role=\"heading\" aria-level=\"3\" aria-describedby=\"i.desc.2047909417 c504\"><strong><span class=\"M7eMe\">Los alumnos asistir\u00e1n a la actividad con el u<\/span><span style=\"font-size: 1rem;\">niforme.<\/span><\/strong><\/p>\n<p role=\"heading\" aria-level=\"3\" aria-describedby=\"i.desc.2047909417 c504\"><strong>Fecha l\u00edmite de pago 12 nov<\/strong><\/p>\n<p role=\"heading\" aria-level=\"3\" aria-describedby=\"i.desc.2047909417 c504\">\n<\/div>\n<\/div>\n<\/div>\n","protected":false},"excerpt":{"rendered":"<h2>Visita Centro Andaluz de Arte Contempor\u00e1neo (19\/Nov\/25)<\/h2>\n<p>Se trata de una visita guiada al Centro Andaluz de Arte Contempor\u00e1neo para dar a conocer el edificio y todos los usos que ha tenido el antiguo convento a lo largo de la historia. Se visitar\u00e1 tambi\u00e9n la exposici\u00f3n de arte contempor\u00e1neo vigente y se realizar\u00e1 un taller asociado a dicha visita.<\/p>\n<div class=\"pYfr3c\">\n<div class=\"prOLdf\">\n<div class=\"g53bl\">\n<p id=\"c489\" class=\"cTDvob D1wxyf RjsPE\" role=\"heading\" aria-level=\"3\" aria-describedby=\"i.desc.2047909417 c504\"><strong><span class=\"M7eMe\">Los alumnos asistir\u00e1n a la actividad con el u<\/span><span style=\"font-size: 1rem;\">niforme.<\/span><\/strong><\/p>\n<p role=\"heading\" aria-level=\"3\" aria-describedby=\"i.desc.2047909417 c504\"><strong>Fecha l\u00edmite de pago 12 nov<\/strong><\/p>\n<\/div>\n<\/div>\n<\/div>\n","protected":false},"featured_media":18741,"template":"","meta":[],"product_brand":[],"product_cat":[248],"product_tag":[],"class_list":{"0":"post-18739","1":"product","2":"type-product","3":"status-publish","4":"has-post-thumbnail","6":"product_cat-actividades-complementarias-1o-eso","8":"first","9":"instock","10":"virtual","11":"sold-individually","12":"product-type-simple"},"_links":{"self":[{"href":"https:\/\/fundaciondoctrinacristiana.es\/sevilla\/wp-json\/wp\/v2\/product\/18739","targetHints":{"allow":["GET"]}}],"collection":[{"href":"https:\/\/fundaciondoctrinacristiana.es\/sevilla\/wp-json\/wp\/v2\/product"}],"about":[{"href":"https:\/\/fundaciondoctrinacristiana.es\/sevilla\/wp-json\/wp\/v2\/types\/product"}],"wp:featuredmedia":[{"embeddable":true,"href":"https:\/\/fundaciondoctrinacristiana.es\/sevilla\/wp-json\/wp\/v2\/media\/18741"}],"wp:attachment":[{"href":"https:\/\/fundaciondoctrinacristiana.es\/sevilla\/wp-json\/wp\/v2\/media?parent=18739"}],"wp:term":[{"taxonomy":"product_brand","embeddable":true,"href":"https:\/\/fundaciondoctrinacristiana.es\/sevilla\/wp-json\/wp\/v2\/product_brand?post=18739"},{"taxonomy":"product_cat","embeddable":true,"href":"https:\/\/fundaciondoctrinacristiana.es\/sevilla\/wp-json\/wp\/v2\/product_cat?post=18739"},{"taxonomy":"product_tag","embeddable":true,"href":"https:\/\/fundaciondoctrinacristiana.es\/sevilla\/wp-json\/wp\/v2\/product_tag?post=18739"}],"curies":[{"name":"wp","href":"https:\/\/api.w.org\/{rel}","templated":true}]}}