{"id":18857,"date":"2025-10-28T11:42:03","date_gmt":"2025-10-28T10:42:03","guid":{"rendered":"https:\/\/fundaciondoctrinacristiana.es\/sevilla\/?post_type=product&#038;p=18857"},"modified":"2025-10-28T11:42:03","modified_gmt":"2025-10-28T10:42:03","slug":"visita-al-huerto-ecologico-bioalverde-3oprimaria-21-nov-2025","status":"publish","type":"product","link":"https:\/\/fundaciondoctrinacristiana.es\/sevilla\/producto\/visita-al-huerto-ecologico-bioalverde-3oprimaria-21-nov-2025\/","title":{"rendered":"Visita al huerto ecol\u00f3gico Bioalverde 3\u00baPrimaria (21 nov 2025)"},"content":{"rendered":"<h2>Visita al huerto ecol\u00f3gico Bioalverde 3\u00baPrimaria (21 nov 2025)<\/h2>\n<div class=\"Qr7Oae\" role=\"listitem\">\n<div class=\"OxAavc NVbRL\" data-item-id=\"1718279545\">\n<div class=\"Ih4Dzb\">\n<p class=\"q4tvle JqSWld yqQS1\" tabindex=\"0\" role=\"textbox\" aria-label=\"Descripci\u00f3n de la actividad. Tambi\u00e9n se puede decir qu\u00e9 incluye (transporte, talleres, entrada, visita guiada, desayuno...)\" aria-disabled=\"true\">Visitaremos un huerto ecol\u00f3gico a los pies de Sevilla (Montequinto)donde se emplea y acompa\u00f1a a personas en situaci\u00f3n vulnerable. Conoceremos los secretos de la agricultura ecol\u00f3gica y haremos un taller con actividades l\u00fadicas y divertidas. Incluye transporte.<\/p>\n<\/div>\n<\/div>\n<\/div>\n<div class=\"Qr7Oae\" role=\"listitem\">\n<div class=\"OxAavc\" data-required=\"true\" data-other-input=\"qSV85\" data-other-hidden=\"MfYA1e\" data-item-id=\"2047909417\">\n<div class=\"pYfr3c\">\n<div class=\"prOLdf\">\n<div class=\"g53bl\">\n<div id=\"c817\" class=\"cTDvob D1wxyf RjsPE\" role=\"heading\" aria-level=\"3\" aria-describedby=\"i.desc.2047909417 c832\"><strong><span class=\"M7eMe\">Los alumnos asistir\u00e1n a la actividad con el ch\u00e1ndal del colegio.<\/span><\/strong><\/div>\n<\/div>\n<\/div>\n<\/div>\n<\/div>\n<\/div>\n<div role=\"heading\" aria-level=\"3\" aria-describedby=\"i.desc.2047909417 c832\"><\/div>\n<div role=\"heading\" aria-level=\"3\" aria-describedby=\"i.desc.2047909417 c832\"><strong>Fecha l\u00edmite de pago 19 nov<\/strong><\/div>\n","protected":false},"excerpt":{"rendered":"<h2>Visita al huerto ecol\u00f3gico Bioalverde 3\u00baPrimaria (21 nov 2025)<\/h2>\n<div class=\"Qr7Oae\" role=\"listitem\">\n<div class=\"OxAavc NVbRL\" data-item-id=\"1718279545\">\n<div class=\"Ih4Dzb\">\n<p class=\"q4tvle JqSWld yqQS1\" tabindex=\"0\" role=\"textbox\" aria-label=\"Descripci\u00f3n de la actividad. Tambi\u00e9n se puede decir qu\u00e9 incluye (transporte, talleres, entrada, visita guiada, desayuno...)\" aria-disabled=\"true\">Visitaremos un huerto ecol\u00f3gico a los pies de Sevilla (Montequinto)donde se emplea y acompa\u00f1a a personas en situaci\u00f3n vulnerable. Conoceremos los secretos de la agricultura ecol\u00f3gica y haremos un taller con actividades l\u00fadicas y divertidas. Incluye transporte.<\/p>\n<\/div>\n<\/div>\n<\/div>\n<div class=\"Qr7Oae\" role=\"listitem\">\n<div class=\"OxAavc\" data-required=\"true\" data-other-input=\"qSV85\" data-other-hidden=\"MfYA1e\" data-item-id=\"2047909417\">\n<div class=\"pYfr3c\">\n<div class=\"prOLdf\">\n<div class=\"g53bl\">\n<div id=\"c817\" class=\"cTDvob D1wxyf RjsPE\" role=\"heading\" aria-level=\"3\" aria-describedby=\"i.desc.2047909417 c832\"><strong><span class=\"M7eMe\">Los alumnos asistir\u00e1n a la actividad con el ch\u00e1ndal del colegio.<\/span><\/strong><\/div>\n<\/div>\n<\/div>\n<\/div>\n<\/div>\n<\/div>\n<div role=\"heading\" aria-level=\"3\" aria-describedby=\"i.desc.2047909417 c832\"><\/div>\n<div role=\"heading\" aria-level=\"3\" aria-describedby=\"i.desc.2047909417 c832\"><strong>Fecha l\u00edmite de pago 19 nov<\/strong><\/div>\n","protected":false},"featured_media":18859,"template":"","meta":[],"product_brand":[],"product_cat":[244],"product_tag":[],"class_list":{"0":"post-18857","1":"product","2":"type-product","3":"status-publish","4":"has-post-thumbnail","6":"product_cat-actividades-complementarias-3o-primaria-actividad-complementaria","8":"first","9":"instock","10":"virtual","11":"sold-individually","12":"product-type-simple"},"_links":{"self":[{"href":"https:\/\/fundaciondoctrinacristiana.es\/sevilla\/wp-json\/wp\/v2\/product\/18857","targetHints":{"allow":["GET"]}}],"collection":[{"href":"https:\/\/fundaciondoctrinacristiana.es\/sevilla\/wp-json\/wp\/v2\/product"}],"about":[{"href":"https:\/\/fundaciondoctrinacristiana.es\/sevilla\/wp-json\/wp\/v2\/types\/product"}],"wp:featuredmedia":[{"embeddable":true,"href":"https:\/\/fundaciondoctrinacristiana.es\/sevilla\/wp-json\/wp\/v2\/media\/18859"}],"wp:attachment":[{"href":"https:\/\/fundaciondoctrinacristiana.es\/sevilla\/wp-json\/wp\/v2\/media?parent=18857"}],"wp:term":[{"taxonomy":"product_brand","embeddable":true,"href":"https:\/\/fundaciondoctrinacristiana.es\/sevilla\/wp-json\/wp\/v2\/product_brand?post=18857"},{"taxonomy":"product_cat","embeddable":true,"href":"https:\/\/fundaciondoctrinacristiana.es\/sevilla\/wp-json\/wp\/v2\/product_cat?post=18857"},{"taxonomy":"product_tag","embeddable":true,"href":"https:\/\/fundaciondoctrinacristiana.es\/sevilla\/wp-json\/wp\/v2\/product_tag?post=18857"}],"curies":[{"name":"wp","href":"https:\/\/api.w.org\/{rel}","templated":true}]}}