{"id":18929,"date":"2025-11-03T22:24:03","date_gmt":"2025-11-03T21:24:03","guid":{"rendered":"https:\/\/fundaciondoctrinacristiana.es\/sevilla\/?post_type=product&#038;p=18929"},"modified":"2025-11-25T10:45:06","modified_gmt":"2025-11-25T09:45:06","slug":"pabellon-de-la-navegacion-26-noviembre-25","status":"publish","type":"product","link":"https:\/\/fundaciondoctrinacristiana.es\/sevilla\/producto\/pabellon-de-la-navegacion-26-noviembre-25\/","title":{"rendered":"Pabell\u00f3n de la Navegaci\u00f3n (26 Noviembre 25)"},"content":{"rendered":"<h2>Pabell\u00f3n de la Navegaci\u00f3n (26 Noviembre 25)<\/h2>\n<p data-start=\"83\" data-end=\"813\">El pr\u00f3ximo 26 de noviembre, los alumnos de 5.\u00ba de Primaria realizar\u00e1n una salida al Pabell\u00f3n de la Navegaci\u00f3n, en la Isla de la Cartuja de Sevilla. Durante la visita podr\u00e1n recorrer la Exposici\u00f3n Permanente \u201cSevilla y la Navegaci\u00f3n Atl\u00e1ntica\u201d, donde conocer\u00e1n los aspectos humanos, cient\u00edficos y t\u00e9cnicos m\u00e1s destacados del mundo de la navegaci\u00f3n. Adem\u00e1s, subir\u00e1n a la Torre Mirador, desde la que se explicar\u00e1 la evoluci\u00f3n urban\u00edstica de Sevilla y se podr\u00e1 contemplar su paisaje desde el r\u00edo Guadalquivir. La jornada se completar\u00e1 con la gymkhana \u201c1.\u00aa Vuelta al Mundo\u201d, un juego de pruebas interactivo en el que aprender\u00e1n los principales hitos de la expedici\u00f3n de Magallanes y Elcano que culmin\u00f3 con la primera vuelta al mundo.<\/p>\n<p data-start=\"815\" data-end=\"1043\">Se recuerda que los alumnos deber\u00e1n acudir con el <strong>uniforme escolar<\/strong> completo.<\/p>\n<p data-start=\"815\" data-end=\"1043\">El coste de la actividad es de 12 \u20ac por alumno (7\u20ac de la actividad + 5\u20ac del bus), y el pago deber\u00e1 realizarse <strong>antes del 23 de noviembre.<\/strong><\/p>\n","protected":false},"excerpt":{"rendered":"<h2>Pabell\u00f3n de la Navegaci\u00f3n (26 Noviembre 25)<\/h2>\n<p data-start=\"83\" data-end=\"813\">El pr\u00f3ximo 26 de noviembre, los alumnos de 5.\u00ba de Primaria realizar\u00e1n una salida al Pabell\u00f3n de la Navegaci\u00f3n, en la Isla de la Cartuja de Sevilla. Durante la visita podr\u00e1n recorrer la Exposici\u00f3n Permanente \u201cSevilla y la Navegaci\u00f3n Atl\u00e1ntica\u201d, donde conocer\u00e1n los aspectos humanos, cient\u00edficos y t\u00e9cnicos m\u00e1s destacados del mundo de la navegaci\u00f3n. Adem\u00e1s, subir\u00e1n a la Torre Mirador, desde la que se explicar\u00e1 la evoluci\u00f3n urban\u00edstica de Sevilla y se podr\u00e1 contemplar su paisaje desde el r\u00edo Guadalquivir. La jornada se completar\u00e1 con la gymkhana \u201c1.\u00aa Vuelta al Mundo\u201d, un juego de pruebas interactivo en el que aprender\u00e1n los principales hitos de la expedici\u00f3n de Magallanes y Elcano que culmin\u00f3 con la primera vuelta al mundo.<\/p>\n<p data-start=\"815\" data-end=\"1043\">Se recuerda que los alumnos deber\u00e1n acudir con el <strong>uniforme escolar<\/strong> completo.<\/p>\n<p data-start=\"815\" data-end=\"1043\">El coste de la actividad es de 12 \u20ac por alumno (7\u20ac de la actividad + 5\u20ac del bus), y el pago deber\u00e1 realizarse <strong>antes del 23 de noviembre.<\/strong><\/p>\n","protected":false},"featured_media":11063,"template":"","meta":[],"product_brand":[],"product_cat":[246],"product_tag":[],"class_list":{"0":"post-18929","1":"product","2":"type-product","3":"status-publish","4":"has-post-thumbnail","6":"product_cat-actividades-complementarias-5o-primaria","8":"first","9":"instock","10":"virtual","11":"sold-individually","12":"product-type-simple"},"_links":{"self":[{"href":"https:\/\/fundaciondoctrinacristiana.es\/sevilla\/wp-json\/wp\/v2\/product\/18929","targetHints":{"allow":["GET"]}}],"collection":[{"href":"https:\/\/fundaciondoctrinacristiana.es\/sevilla\/wp-json\/wp\/v2\/product"}],"about":[{"href":"https:\/\/fundaciondoctrinacristiana.es\/sevilla\/wp-json\/wp\/v2\/types\/product"}],"wp:featuredmedia":[{"embeddable":true,"href":"https:\/\/fundaciondoctrinacristiana.es\/sevilla\/wp-json\/wp\/v2\/media\/11063"}],"wp:attachment":[{"href":"https:\/\/fundaciondoctrinacristiana.es\/sevilla\/wp-json\/wp\/v2\/media?parent=18929"}],"wp:term":[{"taxonomy":"product_brand","embeddable":true,"href":"https:\/\/fundaciondoctrinacristiana.es\/sevilla\/wp-json\/wp\/v2\/product_brand?post=18929"},{"taxonomy":"product_cat","embeddable":true,"href":"https:\/\/fundaciondoctrinacristiana.es\/sevilla\/wp-json\/wp\/v2\/product_cat?post=18929"},{"taxonomy":"product_tag","embeddable":true,"href":"https:\/\/fundaciondoctrinacristiana.es\/sevilla\/wp-json\/wp\/v2\/product_tag?post=18929"}],"curies":[{"name":"wp","href":"https:\/\/api.w.org\/{rel}","templated":true}]}}