{"id":19063,"date":"2025-11-12T20:17:13","date_gmt":"2025-11-12T19:17:13","guid":{"rendered":"https:\/\/fundaciondoctrinacristiana.es\/sevilla\/?post_type=product&#038;p=19063"},"modified":"2025-11-12T20:19:41","modified_gmt":"2025-11-12T19:19:41","slug":"taller-navidad-en-alsacia-5-dic-25","status":"publish","type":"product","link":"https:\/\/fundaciondoctrinacristiana.es\/sevilla\/producto\/taller-navidad-en-alsacia-5-dic-25\/","title":{"rendered":"Taller Navidad en Alsacia (5 dic 25)"},"content":{"rendered":"<h2>Taller Navidad en Alsacia (5 dic 25)<\/h2>\n<div class=\"Qr7Oae\" role=\"listitem\">\n<div class=\"OxAavc NVbRL\" data-item-id=\"1718279545\">\n<p class=\"Ih4Dzb\">Taller sobre la Navidad en Alsacia, la actividad ser\u00e1 en franc\u00e9s para reforzar el idioma mientras conocen diferentes tradiciones navide\u00f1as de Alsacia y realizan su propia decoraci\u00f3n.<\/p>\n<\/div>\n<\/div>\n<div class=\"OxAavc\" data-required=\"true\" data-other-input=\"qSV85\" data-other-hidden=\"MfYA1e\" data-item-id=\"2047909417\">\n<div class=\"pYfr3c\">\n<div class=\"prOLdf\">\n<div class=\"g53bl\">\n<div id=\"c721\" class=\"cTDvob D1wxyf RjsPE\" role=\"heading\" aria-level=\"3\" aria-describedby=\"i.desc.2047909417 c736\">Los alumnos asistir\u00e1n a la actividad con el uniforme del colegio que les corresponda ese d\u00eda.<\/div>\n<\/div>\n<\/div>\n<\/div>\n<\/div>\n<p role=\"heading\" aria-level=\"3\" aria-describedby=\"i.desc.2047909417 c736\"><strong>Fecha l\u00edmite de pago: 26 de noviembre<\/strong><\/p>\n","protected":false},"excerpt":{"rendered":"<h2>Taller Navidad en Alsacia (5 dic 25)<\/h2>\n<div class=\"Qr7Oae\" role=\"listitem\">\n<div class=\"OxAavc NVbRL\" data-item-id=\"1718279545\">\n<p class=\"Ih4Dzb\">Taller sobre la Navidad en Alsacia, la actividad ser\u00e1 en franc\u00e9s para reforzar el idioma mientras conocen diferentes tradiciones navide\u00f1as de Alsacia y realizan su propia decoraci\u00f3n.<\/p>\n<\/div>\n<\/div>\n<div class=\"OxAavc\" data-required=\"true\" data-other-input=\"qSV85\" data-other-hidden=\"MfYA1e\" data-item-id=\"2047909417\">\n<div class=\"pYfr3c\">\n<div class=\"prOLdf\">\n<div class=\"g53bl\">\n<div id=\"c721\" class=\"cTDvob D1wxyf RjsPE\" role=\"heading\" aria-level=\"3\" aria-describedby=\"i.desc.2047909417 c736\">Los alumnos asistir\u00e1n a la actividad con el uniforme del colegio que les corresponda ese d\u00eda.<\/div>\n<\/div>\n<\/div>\n<\/div>\n<\/div>\n<p role=\"heading\" aria-level=\"3\" aria-describedby=\"i.desc.2047909417 c736\"><strong>Fecha l\u00edmite de pago: 26 de noviembre<\/strong><\/p>\n","protected":false},"featured_media":19065,"template":"","meta":[],"product_brand":[],"product_cat":[248],"product_tag":[],"class_list":{"0":"post-19063","1":"product","2":"type-product","3":"status-publish","4":"has-post-thumbnail","6":"product_cat-actividades-complementarias-1o-eso","8":"first","9":"instock","10":"virtual","11":"sold-individually","12":"product-type-simple"},"_links":{"self":[{"href":"https:\/\/fundaciondoctrinacristiana.es\/sevilla\/wp-json\/wp\/v2\/product\/19063","targetHints":{"allow":["GET"]}}],"collection":[{"href":"https:\/\/fundaciondoctrinacristiana.es\/sevilla\/wp-json\/wp\/v2\/product"}],"about":[{"href":"https:\/\/fundaciondoctrinacristiana.es\/sevilla\/wp-json\/wp\/v2\/types\/product"}],"wp:featuredmedia":[{"embeddable":true,"href":"https:\/\/fundaciondoctrinacristiana.es\/sevilla\/wp-json\/wp\/v2\/media\/19065"}],"wp:attachment":[{"href":"https:\/\/fundaciondoctrinacristiana.es\/sevilla\/wp-json\/wp\/v2\/media?parent=19063"}],"wp:term":[{"taxonomy":"product_brand","embeddable":true,"href":"https:\/\/fundaciondoctrinacristiana.es\/sevilla\/wp-json\/wp\/v2\/product_brand?post=19063"},{"taxonomy":"product_cat","embeddable":true,"href":"https:\/\/fundaciondoctrinacristiana.es\/sevilla\/wp-json\/wp\/v2\/product_cat?post=19063"},{"taxonomy":"product_tag","embeddable":true,"href":"https:\/\/fundaciondoctrinacristiana.es\/sevilla\/wp-json\/wp\/v2\/product_tag?post=19063"}],"curies":[{"name":"wp","href":"https:\/\/api.w.org\/{rel}","templated":true}]}}