{"id":19352,"date":"2025-12-09T11:35:15","date_gmt":"2025-12-09T10:35:15","guid":{"rendered":"https:\/\/fundaciondoctrinacristiana.es\/sevilla\/?post_type=product&#038;p=19352"},"modified":"2025-12-09T11:36:02","modified_gmt":"2025-12-09T10:36:02","slug":"taller-artistico-navideno-12-dic-2025","status":"publish","type":"product","link":"https:\/\/fundaciondoctrinacristiana.es\/sevilla\/producto\/taller-artistico-navideno-12-dic-2025\/","title":{"rendered":"Taller art\u00edstico navide\u00f1o (12 dic 2025)"},"content":{"rendered":"<h2>Taller art\u00edstico navide\u00f1o (12 dic 2025)<\/h2>\n<p>En esta actividad, los ni\u00f1os y ni\u00f1as participan en un taller creativo donde elaboran sus propios adornos navide\u00f1os utilizando materiales sencillos y seguros. A partir de diferentes propuestas (bolas decorativas, estrellas, \u00e1rboles, figuras para colgar), el alumnado puede explorar colores, texturas y formas, desarrollando su imaginaci\u00f3n y experimentando con t\u00e9cnicas pl\u00e1sticas variadas.<\/p>\n<p><span class=\"M7eMe\">Los alumnos asistir\u00e1n a la actividad con el ch\u00e1ndal del colegio<\/span><\/p>\n<p>Fecha l\u00edmite de pago 11 dic<\/p>\n","protected":false},"excerpt":{"rendered":"<h2>Taller art\u00edstico navide\u00f1o (12 dic 2025)<\/h2>\n<p>En esta actividad, los ni\u00f1os y ni\u00f1as participan en un taller creativo donde elaboran sus propios adornos navide\u00f1os utilizando materiales sencillos y seguros. A partir de diferentes propuestas (bolas decorativas, estrellas, \u00e1rboles, figuras para colgar), el alumnado puede explorar colores, texturas y formas, desarrollando su imaginaci\u00f3n y experimentando con t\u00e9cnicas pl\u00e1sticas variadas.<\/p>\n<p><span class=\"M7eMe\">Los alumnos asistir\u00e1n a la actividad con el ch\u00e1ndal del colegio<\/span><\/p>\n<p>Fecha l\u00edmite de pago 11 dic<\/p>\n","protected":false},"featured_media":19354,"template":"","meta":[],"product_brand":[],"product_cat":[239],"product_tag":[],"class_list":{"0":"post-19352","1":"product","2":"type-product","3":"status-publish","4":"has-post-thumbnail","6":"product_cat-actividades-complementarias-infantil-3-anos","8":"first","9":"instock","10":"virtual","11":"sold-individually","12":"product-type-simple"},"_links":{"self":[{"href":"https:\/\/fundaciondoctrinacristiana.es\/sevilla\/wp-json\/wp\/v2\/product\/19352","targetHints":{"allow":["GET"]}}],"collection":[{"href":"https:\/\/fundaciondoctrinacristiana.es\/sevilla\/wp-json\/wp\/v2\/product"}],"about":[{"href":"https:\/\/fundaciondoctrinacristiana.es\/sevilla\/wp-json\/wp\/v2\/types\/product"}],"wp:featuredmedia":[{"embeddable":true,"href":"https:\/\/fundaciondoctrinacristiana.es\/sevilla\/wp-json\/wp\/v2\/media\/19354"}],"wp:attachment":[{"href":"https:\/\/fundaciondoctrinacristiana.es\/sevilla\/wp-json\/wp\/v2\/media?parent=19352"}],"wp:term":[{"taxonomy":"product_brand","embeddable":true,"href":"https:\/\/fundaciondoctrinacristiana.es\/sevilla\/wp-json\/wp\/v2\/product_brand?post=19352"},{"taxonomy":"product_cat","embeddable":true,"href":"https:\/\/fundaciondoctrinacristiana.es\/sevilla\/wp-json\/wp\/v2\/product_cat?post=19352"},{"taxonomy":"product_tag","embeddable":true,"href":"https:\/\/fundaciondoctrinacristiana.es\/sevilla\/wp-json\/wp\/v2\/product_tag?post=19352"}],"curies":[{"name":"wp","href":"https:\/\/api.w.org\/{rel}","templated":true}]}}