{"id":19511,"date":"2026-01-09T11:00:44","date_gmt":"2026-01-09T10:00:44","guid":{"rendered":"https:\/\/fundaciondoctrinacristiana.es\/sevilla\/?post_type=product&#038;p=19511"},"modified":"2026-01-09T11:00:45","modified_gmt":"2026-01-09T10:00:45","slug":"visita-a-la-fabrica-de-ybarra-20-ene-26","status":"publish","type":"product","link":"https:\/\/fundaciondoctrinacristiana.es\/sevilla\/producto\/visita-a-la-fabrica-de-ybarra-20-ene-26\/","title":{"rendered":"VISITA A LA F\u00c1BRICA DE YBARRA (20 ene 26)"},"content":{"rendered":"<h2>VISITA A LA F\u00c1BRICA DE YBARRA (20 ene 26)<\/h2>\n<p>Los alumnos de 3\u00ba visitar\u00e1n la f\u00e1brica de Ybarra; ser\u00e1 una manera de conocer el funcionamiento de una industria y sus factores de producci\u00f3n, trabajados previamente en clase. Tambi\u00e9n para valorar la importancia de las empresas locales sevillanas en la creaci\u00f3n de empleo y riqueza.<\/p>\n<p>Saldremos del colegio a las 10:00 h y estaremos de vuelta a las 14:25 h.<\/p>\n<div class=\"pYfr3c\">\n<div class=\"prOLdf\">\n<div class=\"g53bl\">\n<div id=\"c241\" class=\"cTDvob D1wxyf RjsPE\" role=\"heading\" aria-level=\"3\" aria-describedby=\"i.desc.2047909417 c256\"><span class=\"M7eMe\">Los alumnos asistir\u00e1n a la actividad con el u<\/span><span style=\"font-size: 1rem;\">niforme<br \/>\n<\/span><\/div>\n<\/div>\n<\/div>\n<\/div>\n<div role=\"heading\" aria-level=\"3\" aria-describedby=\"i.desc.2047909417 c256\"><\/div>\n<div role=\"heading\" aria-level=\"3\" aria-describedby=\"i.desc.2047909417 c256\">Fecha limite de pago 13 enero<\/div>\n","protected":false},"excerpt":{"rendered":"<h2>VISITA A LA F\u00c1BRICA DE YBARRA (20 ene 26)<\/h2>\n<p>Los alumnos de 3\u00ba visitar\u00e1n la f\u00e1brica de Ybarra; ser\u00e1 una manera de conocer el funcionamiento de una industria y sus factores de producci\u00f3n, trabajados previamente en clase. Tambi\u00e9n para valorar la importancia de las empresas locales sevillanas en la creaci\u00f3n de empleo y riqueza.<\/p>\n<p>Saldremos del colegio a las 10:00 h y estaremos de vuelta a las 14:25 h.<\/p>\n<div class=\"pYfr3c\">\n<div class=\"prOLdf\">\n<div class=\"g53bl\">\n<div id=\"c241\" class=\"cTDvob D1wxyf RjsPE\" role=\"heading\" aria-level=\"3\" aria-describedby=\"i.desc.2047909417 c256\"><span class=\"M7eMe\">Los alumnos asistir\u00e1n a la actividad con el u<\/span><span style=\"font-size: 1rem;\">niforme<br \/>\n<\/span><\/div>\n<\/div>\n<\/div>\n<\/div>\n<div role=\"heading\" aria-level=\"3\" aria-describedby=\"i.desc.2047909417 c256\"><\/div>\n<div role=\"heading\" aria-level=\"3\" aria-describedby=\"i.desc.2047909417 c256\">Fecha limite de pago 13 enero<\/div>\n","protected":false},"featured_media":19513,"template":"","meta":[],"product_brand":[],"product_cat":[250],"product_tag":[],"class_list":{"0":"post-19511","1":"product","2":"type-product","3":"status-publish","4":"has-post-thumbnail","6":"product_cat-actividades-complementarias-3o-eso","8":"first","9":"instock","10":"virtual","11":"sold-individually","12":"product-type-simple"},"_links":{"self":[{"href":"https:\/\/fundaciondoctrinacristiana.es\/sevilla\/wp-json\/wp\/v2\/product\/19511","targetHints":{"allow":["GET"]}}],"collection":[{"href":"https:\/\/fundaciondoctrinacristiana.es\/sevilla\/wp-json\/wp\/v2\/product"}],"about":[{"href":"https:\/\/fundaciondoctrinacristiana.es\/sevilla\/wp-json\/wp\/v2\/types\/product"}],"wp:featuredmedia":[{"embeddable":true,"href":"https:\/\/fundaciondoctrinacristiana.es\/sevilla\/wp-json\/wp\/v2\/media\/19513"}],"wp:attachment":[{"href":"https:\/\/fundaciondoctrinacristiana.es\/sevilla\/wp-json\/wp\/v2\/media?parent=19511"}],"wp:term":[{"taxonomy":"product_brand","embeddable":true,"href":"https:\/\/fundaciondoctrinacristiana.es\/sevilla\/wp-json\/wp\/v2\/product_brand?post=19511"},{"taxonomy":"product_cat","embeddable":true,"href":"https:\/\/fundaciondoctrinacristiana.es\/sevilla\/wp-json\/wp\/v2\/product_cat?post=19511"},{"taxonomy":"product_tag","embeddable":true,"href":"https:\/\/fundaciondoctrinacristiana.es\/sevilla\/wp-json\/wp\/v2\/product_tag?post=19511"}],"curies":[{"name":"wp","href":"https:\/\/api.w.org\/{rel}","templated":true}]}}