{"id":19568,"date":"2026-01-13T07:54:05","date_gmt":"2026-01-13T06:54:05","guid":{"rendered":"https:\/\/fundaciondoctrinacristiana.es\/sevilla\/?post_type=product&#038;p=19568"},"modified":"2026-01-13T07:57:33","modified_gmt":"2026-01-13T06:57:33","slug":"teatro-treasure-island-5-marzo-26-sexto","status":"publish","type":"product","link":"https:\/\/fundaciondoctrinacristiana.es\/sevilla\/producto\/teatro-treasure-island-5-marzo-26-sexto\/","title":{"rendered":"Teatro Treasure island (5 marzo 26)"},"content":{"rendered":"<h2>Teatro Treasure island (5 marzo 26)<\/h2>\n<p>Teatro en ingl\u00e9s en el colegio Salesianos incluye transporte Un barco pirata a la deriva, una taverna, un mapa, una isla desierta con sirenas seductoras y el p\u00fablico totalmente entregado, son algunos de los elementos que aparecen en esta comedia que ya es un cl\u00e1sico del repertorio Face 2 Face. Vista por m\u00e1s de 120.000 espectadores, la obra cuenta la historia de dos piratas locos que se enfrentan en la b\u00fasqueda de un tesoro. Acompa\u00f1ados en su divertida aventura por unos afortunados miembros del p\u00fablico, estos piratas se ver\u00e1n envueltos en diferentes situaciones disparatadas. Inspirada en el cl\u00e1sico de Robert Louis Stevenson, la obra utiliza el humor, la m\u00fasica y la participaci\u00f3n del p\u00fablico para recrear la \u00e9poca pirata tan conocida por todos los p\u00fablicos.<\/p>\n<blockquote><p>Los alumnos asistir\u00e1n a la actividad con la ropa que corresponda ese d\u00eda<\/p>\n<p><span class=\"M7eMe\">Fecha l\u00edmite de pago 3 marzo 26<\/span><\/p><\/blockquote>\n","protected":false},"excerpt":{"rendered":"<h2>Teatro Treasure island (5 marzo 26)<\/h2>\n","protected":false},"featured_media":19570,"template":"","meta":[],"product_brand":[],"product_cat":[247],"product_tag":[],"class_list":{"0":"post-19568","1":"product","2":"type-product","3":"status-publish","4":"has-post-thumbnail","6":"product_cat-actividades-complementarias-6o-primaria","8":"first","9":"instock","10":"virtual","11":"sold-individually","12":"product-type-simple"},"_links":{"self":[{"href":"https:\/\/fundaciondoctrinacristiana.es\/sevilla\/wp-json\/wp\/v2\/product\/19568","targetHints":{"allow":["GET"]}}],"collection":[{"href":"https:\/\/fundaciondoctrinacristiana.es\/sevilla\/wp-json\/wp\/v2\/product"}],"about":[{"href":"https:\/\/fundaciondoctrinacristiana.es\/sevilla\/wp-json\/wp\/v2\/types\/product"}],"wp:featuredmedia":[{"embeddable":true,"href":"https:\/\/fundaciondoctrinacristiana.es\/sevilla\/wp-json\/wp\/v2\/media\/19570"}],"wp:attachment":[{"href":"https:\/\/fundaciondoctrinacristiana.es\/sevilla\/wp-json\/wp\/v2\/media?parent=19568"}],"wp:term":[{"taxonomy":"product_brand","embeddable":true,"href":"https:\/\/fundaciondoctrinacristiana.es\/sevilla\/wp-json\/wp\/v2\/product_brand?post=19568"},{"taxonomy":"product_cat","embeddable":true,"href":"https:\/\/fundaciondoctrinacristiana.es\/sevilla\/wp-json\/wp\/v2\/product_cat?post=19568"},{"taxonomy":"product_tag","embeddable":true,"href":"https:\/\/fundaciondoctrinacristiana.es\/sevilla\/wp-json\/wp\/v2\/product_tag?post=19568"}],"curies":[{"name":"wp","href":"https:\/\/api.w.org\/{rel}","templated":true}]}}