{"id":19572,"date":"2026-01-13T08:03:39","date_gmt":"2026-01-13T07:03:39","guid":{"rendered":"https:\/\/fundaciondoctrinacristiana.es\/sevilla\/?post_type=product&#038;p=19572"},"modified":"2026-01-13T08:04:26","modified_gmt":"2026-01-13T07:04:26","slug":"cuentacuentos-the-time-machine-2-feb-26-cuarto","status":"publish","type":"product","link":"https:\/\/fundaciondoctrinacristiana.es\/sevilla\/producto\/cuentacuentos-the-time-machine-2-feb-26-cuarto\/","title":{"rendered":"Cuentacuentos The Time machine (2 feb 26)"},"content":{"rendered":"<h2>Cuentacuentos The Time machine (2 feb 26)<\/h2>\n<p>Cuentacuentos en ingl\u00e9s en el sal\u00f3n de actos del colegio Jurassic Jane es una cavern\u00edcola de la edad de piedra. Lleva un hueso en el peinado y va acompa\u00f1ada por su mascota, el dinosaurio Dino. Un d\u00eda, mientras est\u00e1 de caza, encuentra una m\u00e1quina del tiempo que le transportar\u00e1 al siglo XXI, donde tendr\u00e1 que aprender a vestirse, a comer en un restaurante y hasta a mandar un selfie por Whatsapp, pero, sobre todo, tendr\u00e1 que aprender a no desentonar con sus modales prehist\u00f3ricos. \u00bfSobrevivir\u00e1 nuestra cavern\u00edcola al estr\u00e9s de la selva urbana? \u00bfEstar\u00e1 la vida moderna preparada para semejante \u2018regreso al futuro\u2019? Si quieres saber las respuestas participa con Jane en este divertido cuento moderno.<\/p>\n<blockquote><p>Los alumnos asistir\u00e1n a la actividad con la ropa que corresponda ese d\u00eda<\/p>\n<p><span class=\"M7eMe\">Fecha l\u00edmite de pago 31 enero<\/span><\/p><\/blockquote>\n","protected":false},"excerpt":{"rendered":"<h2>Cuentacuentos The Time machine (2 feb 26)<\/h2>\n","protected":false},"featured_media":19574,"template":"","meta":[],"product_brand":[],"product_cat":[245],"product_tag":[],"class_list":{"0":"post-19572","1":"product","2":"type-product","3":"status-publish","4":"has-post-thumbnail","6":"product_cat-actividades-complementarias-4o-primaria","8":"first","9":"instock","10":"virtual","11":"sold-individually","12":"product-type-simple"},"_links":{"self":[{"href":"https:\/\/fundaciondoctrinacristiana.es\/sevilla\/wp-json\/wp\/v2\/product\/19572","targetHints":{"allow":["GET"]}}],"collection":[{"href":"https:\/\/fundaciondoctrinacristiana.es\/sevilla\/wp-json\/wp\/v2\/product"}],"about":[{"href":"https:\/\/fundaciondoctrinacristiana.es\/sevilla\/wp-json\/wp\/v2\/types\/product"}],"wp:featuredmedia":[{"embeddable":true,"href":"https:\/\/fundaciondoctrinacristiana.es\/sevilla\/wp-json\/wp\/v2\/media\/19574"}],"wp:attachment":[{"href":"https:\/\/fundaciondoctrinacristiana.es\/sevilla\/wp-json\/wp\/v2\/media?parent=19572"}],"wp:term":[{"taxonomy":"product_brand","embeddable":true,"href":"https:\/\/fundaciondoctrinacristiana.es\/sevilla\/wp-json\/wp\/v2\/product_brand?post=19572"},{"taxonomy":"product_cat","embeddable":true,"href":"https:\/\/fundaciondoctrinacristiana.es\/sevilla\/wp-json\/wp\/v2\/product_cat?post=19572"},{"taxonomy":"product_tag","embeddable":true,"href":"https:\/\/fundaciondoctrinacristiana.es\/sevilla\/wp-json\/wp\/v2\/product_tag?post=19572"}],"curies":[{"name":"wp","href":"https:\/\/api.w.org\/{rel}","templated":true}]}}